{"id":154,"date":"2023-04-03T19:30:48","date_gmt":"2023-04-03T22:30:48","guid":{"rendered":"https:\/\/consmardelplata.esteri.it\/visti\/"},"modified":"2023-05-22T04:53:17","modified_gmt":"2023-05-22T07:53:17","slug":"visti","status":"publish","type":"page","link":"https:\/\/consmardelplata.esteri.it\/es\/servizi-consolari-e-visti\/servizi-per-il-cittadino-straniero\/visti\/","title":{"rendered":"Visas"},"content":{"rendered":"<p><strong>OFICINA VISAS<\/strong><\/p>\n<p><a href=\"https:\/\/consmardelplata.esteri.it\/wp-content\/uploads\/2023\/05\/informativa_visti.pdf\">Informativa sulla protezione delle persone fisiche con riguardo al trattamento dei dati personali.<\/a><\/p>\n<p>La informaci\u00f3n necesaria para la tramitaci\u00f3n de visas se encuentra en la p\u00e1gina web del Ministero di Affari Esteri e della Cooperazione Internazionale:\u00a0<a href=\"http:\/\/vistoperitalia.esteri.it\/\">http:\/\/vistoperitalia.esteri.it\/<\/a><\/p>\n<p>El Consulado\u00a0 de Italia en Mar del Plata no tramita m\u00e1s solicitudes de visas para Italia. Las mismas ser\u00e1n concentradas en el Consulado General de Italia en Buenos Aires (<a href=\"https:\/\/consbuenosaires.esteri.it\">https:\/\/consbuenosaires.esteri.it<\/a>) para toda la Argentina. Se recuerda que no deben solicitar visas los ciudadanos argentinos que viajen a Italia por razones de turismo o negocios, siempre y cuando no permanezcan m\u00e1s de 90 d\u00edas.<\/p>\n","protected":false},"excerpt":{"rendered":"OFICINA VISAS Informativa sulla protezione delle persone fisiche con riguardo al trattamento dei dati personali. La informaci\u00f3n necesaria para la tramitaci\u00f3n de visas se encuentra en la p\u00e1gina web del Ministero di Affari Esteri e della Cooperazione Internazionale:\u00a0http:\/\/vistoperitalia.esteri.it\/ El Consulado\u00a0 de Italia en Mar del Plata no tramita m\u00e1s solicitudes de visas para Italia. Las [&hellip;]","protected":false},"author":1,"featured_media":0,"parent":228,"menu_order":0,"comment_status":"closed","ping_status":"closed","template":"","meta":{"footnotes":""},"class_list":["post-154","page","type-page","status-publish","hentry"],"_links":{"self":[{"href":"https:\/\/consmardelplata.esteri.it\/es\/wp-json\/wp\/v2\/pages\/154","targetHints":{"allow":["GET"]}}],"collection":[{"href":"https:\/\/consmardelplata.esteri.it\/es\/wp-json\/wp\/v2\/pages"}],"about":[{"href":"https:\/\/consmardelplata.esteri.it\/es\/wp-json\/wp\/v2\/types\/page"}],"author":[{"embeddable":true,"href":"https:\/\/consmardelplata.esteri.it\/es\/wp-json\/wp\/v2\/users\/1"}],"replies":[{"embeddable":true,"href":"https:\/\/consmardelplata.esteri.it\/es\/wp-json\/wp\/v2\/comments?post=154"}],"version-history":[{"count":0,"href":"https:\/\/consmardelplata.esteri.it\/es\/wp-json\/wp\/v2\/pages\/154\/revisions"}],"up":[{"embeddable":true,"href":"https:\/\/consmardelplata.esteri.it\/es\/wp-json\/wp\/v2\/pages\/228"}],"wp:attachment":[{"href":"https:\/\/consmardelplata.esteri.it\/es\/wp-json\/wp\/v2\/media?parent=154"}],"curies":[{"name":"wp","href":"https:\/\/api.w.org\/{rel}","templated":true}]}}