{"id":173,"date":"2023-04-03T19:15:30","date_gmt":"2023-04-03T22:15:30","guid":{"rendered":"https:\/\/consmardelplata.esteri.it\/chi-siamo\/la-sede\/"},"modified":"2025-08-05T16:00:56","modified_gmt":"2025-08-05T19:00:56","slug":"la-sede","status":"publish","type":"page","link":"https:\/\/consmardelplata.esteri.it\/es\/chi-siamo\/la-sede\/","title":{"rendered":"Sede"},"content":{"rendered":"<p><strong>CONSULADO DE ITALIA &#8211; MAR DEL PLATA<\/strong><\/p>\n<p>Dr. Andrea VARISCHETTI<br \/>\nC\u00f3nsul<\/p>\n<p>Falucho 1416<br \/>\n7600 &#8211; MAR DEL PLATA<br \/>\nTel: 0054 223 4517703<\/p>\n<p>El Consulado de Italia en Mar del Plata fue inaugurado en octubre de 1992. Anteriormente la asistencia a los connacionales se realizaba a trav\u00e9s de una Agencia Consular.\u00a0La actual sede Consular fue inaugurada el 6 de diciembre de 2006.<\/p>\n<p>La circunscripci\u00f3n consular de Mar del Plata ocupa aproximadamente 1\/5 del territorio de la provincia de Buenos Aires comprendiendo 16 partidos: Gral. Pueyrred\u00f3n, Gral. Alvarado, Balcarce, Mar Chiquita, Villa Gesell, Pinamar, Gral. Madariaga, de la Costa, Ayacucho, Rauch, Tandil, Lober\u00eda, Necochea, San Cayetano, Benito Juarez e Maip\u00fa.<\/p>\n<p>&nbsp;<\/p>\n<p><strong>VICE CONSULADO HONORARIO DE ITALIA EN NECOCHEA<br \/>\n<\/strong>Jurisdicci\u00f3n: Partidos de Necochea, Loberia, San Cayetano<\/p>\n<p>Titular: Dra. Marina Paola V\u00e1zquez Pucillo<br \/>\nSede: Calle 50 N. 3197<br \/>\nCiudad: NECOCHEA (7630) &#8211; Prov. Buenos Aires<br \/>\nTel\u00e9fono: 02262-528373<br \/>\nE-mail: <a href=\"mailto:necochea.onorario@esteri.it\">necochea.onorario@esteri.it<\/a><\/p>\n<p><strong>Atenci\u00f3n al p\u00fablico: so<\/strong>licitar turno por e-mail a <a href=\"mailto:necochea.onorario@esteri.it\">necochea.onorario@esteri.it<\/a> ; por telefono<strong> 02262-528373<\/strong> (dejar un mensaje en el buz\u00f3n de voz) o por <strong>SMS<\/strong> al <strong>02262 15-314073<\/strong> (martes y jueves de 9 a 12hs)<\/p>\n<p><a title=\"Decreto di limitazione delle funzioni consolari - Necochea\" href=\"https:\/\/consmardelplata.esteri.it\/consolato_mardeplata\/resource\/doc\/2018\/04\/vice_consolato_onorario_necochea_-_decreto_di_limitazione_delle_funzioni_consolari.pdf\" target=\"_blank\" rel=\"noopener\">Decreto di limitazione delle funzioni consolari &#8211; Necochea<\/a><\/p>\n<p>&nbsp;<\/p>\n<p><strong>AGENCIA CONSULAR HONORARIA DE ITALIA EN TANDIL<br \/>\n<\/strong>Jurisdicci\u00f3n: Partidos de Tandil, Ayacucho, Rauch, Benito Ju\u00e1rez<\/p>\n<p>Titular: Lic. Maria Cecilia Tangorra<br \/>\nSede: San Mart\u00edn 190<br \/>\nCiudad: TANDIL\u00a0 (7000) &#8211; Prov. Buenos Aires<br \/>\nTel\u00e9fono\/fax: 0054 249-4436492 (fuera de servicio)<br \/>\nE-mail:\u00a0<a href=\"mailto:tandil.onorario@esteri.it\">tandil.onorario@esteri.it<\/a>\u00a0(fuera de servicio) \/\u00a0<strong><a href=\"mailto:tandil.onorario@gmail.com\">tandil.onorario@gmail.com<\/a><\/strong><\/p>\n<p>Atenci\u00f3n al p\u00fablico: martes de 10 a 12hs y jueves de 16 a 18hs (s\u00f3lo con turno previo via e-mail).<a href=\"mailto:tandil.onorario@esteri.it\"><br \/>\n<\/a><\/p>\n<p><a title=\"Decreto di limitazione delle funzioni consolari - Tandil\" href=\"https:\/\/consmardelplata.esteri.it\/consolato_mardeplata\/resource\/doc\/2018\/04\/agenzia_consolare_onorariatandil_-_decreto_di_limitazione_delle_funzioni_consolari.pdf\" target=\"_blank\" rel=\"noopener\">Decreto di limitazione delle funzioni consolari &#8211; Tandil<\/a><\/p>\n<p>&nbsp;<\/p>\n<p><strong>CORRESPONSAL CONSULAR DE ITALIA EN SANTA TERESITA<\/strong><br \/>\nJurisdicci\u00f3n: Partidos de La Costa y Gral. Lavalle<\/p>\n<p>Titular: Lara Anal\u00eda Crespo<br \/>\nSede: C\u00edrculo Italiano de La Costa,\u00a0 calle 41 esq, 15 N\u00b0 1510-7107<br \/>\nCiudad: SANTA TERESITA &#8211; Prov. Buenos Aires<br \/>\nTel\u00e9fono: 0054 2246 15 554746<br \/>\nE-mail: <a href=\"mailto:lara.analia.crespo@gmail.com\">lara.analia.crespo@gmail.com<\/a><\/p>\n<p>Atenci\u00f3n al p\u00fablico: viernes de 16:00 a 18:30hs.<\/p>\n","protected":false},"excerpt":{"rendered":"CONSULADO DE ITALIA &#8211; MAR DEL PLATA Dr. Andrea VARISCHETTI C\u00f3nsul Falucho 1416 7600 &#8211; MAR DEL PLATA Tel: 0054 223 4517703 El Consulado de Italia en Mar del Plata fue inaugurado en octubre de 1992. Anteriormente la asistencia a los connacionales se realizaba a trav\u00e9s de una Agencia Consular.\u00a0La actual sede Consular fue inaugurada [&hellip;]","protected":false},"author":1,"featured_media":0,"parent":142,"menu_order":2,"comment_status":"closed","ping_status":"closed","template":"","meta":{"footnotes":""},"class_list":["post-173","page","type-page","status-publish","hentry"],"_links":{"self":[{"href":"https:\/\/consmardelplata.esteri.it\/es\/wp-json\/wp\/v2\/pages\/173","targetHints":{"allow":["GET"]}}],"collection":[{"href":"https:\/\/consmardelplata.esteri.it\/es\/wp-json\/wp\/v2\/pages"}],"about":[{"href":"https:\/\/consmardelplata.esteri.it\/es\/wp-json\/wp\/v2\/types\/page"}],"author":[{"embeddable":true,"href":"https:\/\/consmardelplata.esteri.it\/es\/wp-json\/wp\/v2\/users\/1"}],"replies":[{"embeddable":true,"href":"https:\/\/consmardelplata.esteri.it\/es\/wp-json\/wp\/v2\/comments?post=173"}],"version-history":[{"count":2,"href":"https:\/\/consmardelplata.esteri.it\/es\/wp-json\/wp\/v2\/pages\/173\/revisions"}],"predecessor-version":[{"id":4182,"href":"https:\/\/consmardelplata.esteri.it\/es\/wp-json\/wp\/v2\/pages\/173\/revisions\/4182"}],"up":[{"embeddable":true,"href":"https:\/\/consmardelplata.esteri.it\/es\/wp-json\/wp\/v2\/pages\/142"}],"wp:attachment":[{"href":"https:\/\/consmardelplata.esteri.it\/es\/wp-json\/wp\/v2\/media?parent=173"}],"curies":[{"name":"wp","href":"https:\/\/api.w.org\/{rel}","templated":true}]}}