{"id":175,"date":"2023-04-03T19:15:59","date_gmt":"2023-04-03T22:15:59","guid":{"rendered":"https:\/\/consmardelplata.esteri.it\/chi-siamo\/contatti\/"},"modified":"2025-05-20T10:03:42","modified_gmt":"2025-05-20T13:03:42","slug":"contatti","status":"publish","type":"page","link":"https:\/\/consmardelplata.esteri.it\/es\/chi-siamo\/contatti\/","title":{"rendered":"Contactos"},"content":{"rendered":"<p><strong>Asistente virtual MARDELITA<\/strong>\u00a0tramite\u00a0 WhatsApp:\u00a0<strong>+54 9 223 3487700\u00a0<\/strong>(<strong>El servicio es completamente autom\u00e1tico<\/strong>, por lo que no prev\u00e9 la recepci\u00f3n de mensajes de audio, llamadas telef\u00f3nicas o videollamadas).<\/p>\n<p>Para informaci\u00f3n se encuentra activo el siguiente n\u00famero telef\u00f3nico: <strong>223 15 426 1360<\/strong> (desde Italia +54 9223 426 1360) <strong>de lunes a viernes de 10 a 12 horas<\/strong> (s\u00f3lo llamadas telef\u00f3nicas).<\/p>\n<p>Tambi\u00e9n puede visitar nuestros perfiles sociales <a href=\"https:\/\/www.facebook.com\/ItalyinMDP\">Facebook,<\/a> <a href=\"https:\/\/www.instagram.com\/italyinmdp\">Instagram<\/a>, <a href=\"https:\/\/x.com\/italyinmdp\">X (Twitter)<\/a> para obtener informaci\u00f3n. Los invitamos a respetar las pol\u00edticas de uso detalladas en el siguiente link <a href=\"https:\/\/consmardelplata.esteri.it\/es\/news\/dal_consolato\/2025\/05\/3891\/\">Politica de redes sociales y \u00abnetiquette\u00bb<\/a>.<\/p>\n<p align=\"left\"><strong><br \/>\nUfficio Passaporti\u00a0\u00a0<\/strong><\/p>\n<p align=\"left\"><a href=\"mailto:passaporti.mardelplata@esteri.it\">passaporti.mardelplata@esteri.it<\/a><\/p>\n<p align=\"left\"><strong>Ufficio Anagrafe<br \/>\n<\/strong><\/p>\n<p align=\"left\"><a href=\"mailto:anagrafe.mardelplata@esteri.it\">anagrafe.mardelplata@esteri.it<\/a><\/p>\n<p align=\"left\"><strong>Ufficio Stato Civile\u00a0<\/strong><\/p>\n<p align=\"left\"><a href=\"mailto:stcivile.mardelplata@esteri.it\">stcivile.mardelplata@esteri.it<\/a><\/p>\n<p align=\"left\"><strong>Ufficio Cittadinanza<\/strong><\/p>\n<p>\u00a0<a href=\"mailto:cit.mardelplata@esteri.it\">cit.mardelplata@esteri.it<\/a><\/p>\n<ul>\n<li><strong>Servizio \u201cFigli diretti<\/strong>\u201c:\u00a0<a href=\"mailto:mardelplata.statocivile1@esteri.it\">mardelplata.statocivile1@esteri.it<\/a><\/li>\n<\/ul>\n<p align=\"left\"><strong>Ufficio Assistenza \u2013 Pensioni \u2013 Notarile<\/strong><\/p>\n<p align=\"left\"><a href=\"mailto:assistenza.mardelplata@esteri.it\" target=\"_blank\" rel=\"noopener\">assistenza.mardelplata@esteri.it<\/a><\/p>\n<p align=\"left\"><a href=\"mailto:pensioni.mardelplata@esteri.it\">pensioni.mardelplata@esteri.it<\/a><\/p>\n<p align=\"left\">TEL.\u00a0 0223 15 422 2109 (dall\u2019Italia +54 9223 422 2109) dalle ore 9 alle ore 11 dal luned\u00ed al venerd\u00ed.<\/p>\n<p align=\"left\"><strong>Segreteria<\/strong><\/p>\n<p align=\"left\"><a href=\"mailto:segreteria.mardelplata@esteri.it\">segreteria.mardelplata@esteri.it<\/a><\/p>\n<p align=\"left\">FAX. +54 223 4518623<\/p>\n<p align=\"left\"><strong>Ufficio Scolastico<br \/>\n<\/strong>rivolgersi a:<a href=\"mailto:scuole.buenosaires@esteri.it\">scuole.buenosaires@esteri.it<\/a><\/p>\n<p align=\"left\"><strong>P.E.C.<\/strong>\u00a0(Correo Electr\u00f3nico Certificado)<br \/>\n<a href=\"mailto:con.mardelplata@cert.esteri.it\">con.mardelplata@cert.esteri.it\u00a0<\/a><\/p>\n","protected":false},"excerpt":{"rendered":"Asistente virtual MARDELITA\u00a0tramite\u00a0 WhatsApp:\u00a0+54 9 223 3487700\u00a0(El servicio es completamente autom\u00e1tico, por lo que no prev\u00e9 la recepci\u00f3n de mensajes de audio, llamadas telef\u00f3nicas o videollamadas). Para informaci\u00f3n se encuentra activo el siguiente n\u00famero telef\u00f3nico: 223 15 426 1360 (desde Italia +54 9223 426 1360) de lunes a viernes de 10 a 12 horas (s\u00f3lo [&hellip;]","protected":false},"author":1,"featured_media":0,"parent":142,"menu_order":8,"comment_status":"closed","ping_status":"closed","template":"","meta":{"footnotes":""},"class_list":["post-175","page","type-page","status-publish","hentry"],"_links":{"self":[{"href":"https:\/\/consmardelplata.esteri.it\/es\/wp-json\/wp\/v2\/pages\/175","targetHints":{"allow":["GET"]}}],"collection":[{"href":"https:\/\/consmardelplata.esteri.it\/es\/wp-json\/wp\/v2\/pages"}],"about":[{"href":"https:\/\/consmardelplata.esteri.it\/es\/wp-json\/wp\/v2\/types\/page"}],"author":[{"embeddable":true,"href":"https:\/\/consmardelplata.esteri.it\/es\/wp-json\/wp\/v2\/users\/1"}],"replies":[{"embeddable":true,"href":"https:\/\/consmardelplata.esteri.it\/es\/wp-json\/wp\/v2\/comments?post=175"}],"version-history":[{"count":2,"href":"https:\/\/consmardelplata.esteri.it\/es\/wp-json\/wp\/v2\/pages\/175\/revisions"}],"predecessor-version":[{"id":3901,"href":"https:\/\/consmardelplata.esteri.it\/es\/wp-json\/wp\/v2\/pages\/175\/revisions\/3901"}],"up":[{"embeddable":true,"href":"https:\/\/consmardelplata.esteri.it\/es\/wp-json\/wp\/v2\/pages\/142"}],"wp:attachment":[{"href":"https:\/\/consmardelplata.esteri.it\/es\/wp-json\/wp\/v2\/media?parent=175"}],"curies":[{"name":"wp","href":"https:\/\/api.w.org\/{rel}","templated":true}]}}