{"id":182,"date":"2023-04-03T19:16:29","date_gmt":"2023-04-03T22:16:29","guid":{"rendered":"https:\/\/consmardelplata.esteri.it\/chi-siamo\/la-rete-consolare\/"},"modified":"2023-06-01T14:22:32","modified_gmt":"2023-06-01T17:22:32","slug":"la-rete-consolare","status":"publish","type":"page","link":"https:\/\/consmardelplata.esteri.it\/es\/chi-siamo\/la-rete-consolare\/","title":{"rendered":"La Red Consular"},"content":{"rendered":"<p><strong>RAPPRESENTANZE E UFFICI ONORARI DIPENDENTI<\/strong><\/p>\n<p><a title=\"Vai al sito web del Consolato di buenos Aires. Attenzione! Questo link apre un sito esterno\" href=\"http:\/\/www.consbuenosaires.esteri.it\/\"><strong>CONSOLATO GENERALE BUENOS AIRES<\/strong><\/a><\/p>\n<p>Reconquista 572<br \/>\nC1003ABL Buenos Aires<br \/>\nt.: 011-4114-4800<br \/>\nfax: 011-4114-4799<br \/>\n<strong>Circoscrizione:\u00a0<\/strong>citta\u2019 autonoma di Buenos Aires e i partidos della Provincia di Buenos Aires di Avellaneda, Baradero, Campana, Escobar, Exaltacion de la Cruz, General Rodriguez,<br \/>\nGeneral San Martin, Luj\u00e1n, Marcos Paz, Merlo, Moreno, Pilar, Jose\u2019 C. Paz, Malvinas Argentinas, San Andres de Giles, San Antonio de Areco, San Fernando, San Isidro, San Miguel, San Pedro, Tigre, Tres de Febrero, Vicente Lopez, Zarate.<\/p>\n<p><a title=\"Vai al sito web dell'Agenzia consolare di Moron. attenzione! Questo link apre un sito esterno\" href=\"http:\/\/www.consmoron.esteri.it\/\"><strong>AGENZIA CONSOLARE MORON<\/strong><\/a><\/p>\n<p>Rep. Oriental del Uruguay 129 1708 Mor\u00f3n (Bs As)<br \/>\nt.: 011-46299573<br \/>\nfax: 011-44891615<br \/>\n<strong>Circoscrizione:<\/strong>\u00a0le entita\u2019 amministrative (Partidos) di Hurlingham, Ituzaing\u00f3, La Matanza e Mor\u00f3n.<\/p>\n<p><a title=\"Vai al sito dell'Agenzia Consolare a Lomas de Zamora. Attenzione! Questo link apre un sito esterno\" href=\"http:\/\/www.conslomasdezamora.esteri.it\/\"><strong>AGENZIA CONSOLARE LOMAS DE ZAMORA<\/strong><\/a><\/p>\n<p>Meeks 701<br \/>\n1834 Lomas de Zamora (Bs As)<br \/>\nt.: 011-42927954<br \/>\nfax: 011-42927955<br \/>\n<strong>Circoscrizione:<\/strong>\u00a0le entita\u2019 amministrative (Partidos) di Almirante Brown, Esteban Echeverr\u00eda, Ezeiza, Lan\u00fas, Lomas de Zamora, San Vicente e Presidente Per\u00f3n.<\/p>\n<p><a title=\"Vai al sito web del Consolato di Bahia Blanca. Attenzione! Questo link apre un sito esterno\" href=\"http:\/\/www.consbahiablanca.esteri.it\/\"><strong>CONSOLATO GENERALE BAHIA BLANCA<\/strong><\/a><\/p>\n<p>Av. Col\u00f3n 446<br \/>\n8000 Bah\u00eda Blanca<br \/>\nt.: 0291-4545140\/4544731<br \/>\nfax: 0291-4551633<br \/>\n<strong>Circoscrizione<\/strong>: le Provincie di Chubut, La Pampa, Neuqu\u00e9n, Rio Negro, Santa Cruz, Tierra del Fuego e le seguenti Entit\u00e0 amministrative (Partidos) della Provincia di Buenos Aires: Adolfo, Alsina, Bah\u00eda Blanca, Coronel Dorrego, Coronel Pringles, Coronel Rosales, Coronel Suarez, Da\u00edreaux, Gonzales Chaves, Guamini, Patagones, Puan, Saavedra, Tornquist, Tres Arroyos, Villarino.<\/p>\n<p><a title=\"Vai al sito web del Consolato a Cordoba. Attenzione! Questo link apre un sito esterno\" href=\"http:\/\/www.conscordoba.esteri.it\/\"><strong>CONSOLATO GENERALE CORDOBA<\/strong><\/a><\/p>\n<p>Ayacucho 129\/131<br \/>\n5000 C\u00f3rdoba<br \/>\ntel: 0351-5261000<br \/>\nfax: 0351-5261010<br \/>\n<strong>Circoscizione:<\/strong>\u00a0Catamarca, Cordoba, La Rioja, Jujuy, Salta, Santiago del Estero, Tucum\u00e1n.<\/p>\n<p><a title=\"Vai al sito web del Consolato a La Plata. Attenzione! Questo link apre un sito esterno\" href=\"http:\/\/www.conslaplata.esteri.it\/\"><strong>CONSOLATO GENERALE LA PLATA<\/strong><\/a><\/p>\n<p>Calle 48 n.869<br \/>\n1900 La Plata<br \/>\nt.:\u00a0<strong>+<\/strong>54221- 4395500<strong><br \/>\n<\/strong>fax: +54 221-4395528<br \/>\n<strong>Circoscrizione:<\/strong>58 partidos della Provincia di Buenos Aires: 25 de Mayo, Alberti, Azul, Berazategui, Berisso, Bol\u00edvar, Bragado, Brandsen, Ca\u00f1uelas, Carlos Casares, Carlos Tejedor, Castelli, Chacabuco, Chascom\u00fas, Chivilcoy, Dolores, Ensenada, Florencio Varela, Florentino Ameghino, General Alvear, General Arenales, General Belgrano, General Guido, General La Madrid, General Las Heras, General Lavalle, General Paz, General Pinto, General Viamonte, General Villegas, Hip\u00f3lito Yrigoyen, Jun\u00edn, La Plata, Laprida, Las Flores, Leandro N. Alem, Lincoln, Lobos, Magdalena, Mercedes, Monte, Navarro, Nueve de Julio, Olavarr\u00eda, Pehuaj\u00f3, Pellegrini, Pila, Punta Indio, Quilmes, Rivadavia, Roque P\u00e9rez, Saladillo, Salliquel\u00f3, Suipacha, Tapalqu\u00e9, Tordillo, Trenque Lauquen, Tres Lomas.<\/p>\n<p><a title=\"Vai al sito web del Consolato a Rosario. Attenzione! Questo link apre un sito esterno\" href=\"http:\/\/www.consrosario.esteri.it\/\"><strong>CONSOLATO GENERALE ROSARIO<\/strong><\/a><\/p>\n<p>Boulevard Oro\u00f1o 1593<br \/>\n2000 Rosario<br \/>\nt.: 0341-4407021\/2\/3<br \/>\nfax: 0341-4258189<br \/>\n<strong>Circoscrizione:\u00a0<\/strong>Province di Entre R\u00edos, Santa Fe, Chaco, Corrientes, Formosa, Misiones, 9 Partidos della Provincia di Buenos Aires (Arrecifes, Capit\u00e1n Sarmiento, Carmen de Areco, Col\u00f3n, Pergamino, Ramallo, Rojas, Salto, San Nicol\u00e1s).<\/p>\n<p><a title=\"Vai al sito web del consolato a mar del Plata. Attenzione! Questo link apre un sito esterno\" href=\"http:\/\/www.consmardelplata.esteri.it\/\"><strong>CONSOLATO MAR DEL PLATA<\/strong><\/a><\/p>\n<p>Falucho 1416<br \/>\n7600 Mar del Plata (BsAs)<br \/>\nt.: 0223-4517703<br \/>\nfax: 0223-4518623<br \/>\n<strong>Circoscrizione:<\/strong>17 Partidos della Provincia di Buenos Aires (Ayacucho, Balcarce, Benito Ju\u00e1rez, General Alvarado, General Juan Madariaga, General Pueyrred\u00f3n, La Costa, Lober\u00eda, Maip\u00fa, Mar Chiquita, Necochea, Pinamar, Rauch, San Cayetano, Tandil, Villa Gesell).<\/p>\n<p><a title=\"Vai al sito web del Consolato a Mendoza. Attenzione! Questo link apre un sito esterno\" href=\"http:\/\/www.consmendoza.esteri.it\/\"><strong>CONSOLATO MENDOZA<\/strong><\/a><\/p>\n<p>Per\u00fa 1393<br \/>\n5500 Mendoza<br \/>\nt.: 0261-4231640\/4380453<br \/>\nfax: 0261-4380714<br \/>\n<strong>Circoscrizione:\u00a0<\/strong>Province di Mendoza, San Juan e San Luis.<\/p>\n","protected":false},"excerpt":{"rendered":"RAPPRESENTANZE E UFFICI ONORARI DIPENDENTI CONSOLATO GENERALE BUENOS AIRES Reconquista 572 C1003ABL Buenos Aires t.: 011-4114-4800 fax: 011-4114-4799 Circoscrizione:\u00a0citta\u2019 autonoma di Buenos Aires e i partidos della Provincia di Buenos Aires di Avellaneda, Baradero, Campana, Escobar, Exaltacion de la Cruz, General Rodriguez, General San Martin, Luj\u00e1n, Marcos Paz, Merlo, Moreno, Pilar, Jose\u2019 C. Paz, Malvinas [&hellip;]","protected":false},"author":1,"featured_media":0,"parent":142,"menu_order":12,"comment_status":"closed","ping_status":"closed","template":"","meta":{"footnotes":""},"class_list":["post-182","page","type-page","status-publish","hentry"],"_links":{"self":[{"href":"https:\/\/consmardelplata.esteri.it\/es\/wp-json\/wp\/v2\/pages\/182","targetHints":{"allow":["GET"]}}],"collection":[{"href":"https:\/\/consmardelplata.esteri.it\/es\/wp-json\/wp\/v2\/pages"}],"about":[{"href":"https:\/\/consmardelplata.esteri.it\/es\/wp-json\/wp\/v2\/types\/page"}],"author":[{"embeddable":true,"href":"https:\/\/consmardelplata.esteri.it\/es\/wp-json\/wp\/v2\/users\/1"}],"replies":[{"embeddable":true,"href":"https:\/\/consmardelplata.esteri.it\/es\/wp-json\/wp\/v2\/comments?post=182"}],"version-history":[{"count":0,"href":"https:\/\/consmardelplata.esteri.it\/es\/wp-json\/wp\/v2\/pages\/182\/revisions"}],"up":[{"embeddable":true,"href":"https:\/\/consmardelplata.esteri.it\/es\/wp-json\/wp\/v2\/pages\/142"}],"wp:attachment":[{"href":"https:\/\/consmardelplata.esteri.it\/es\/wp-json\/wp\/v2\/media?parent=182"}],"curies":[{"name":"wp","href":"https:\/\/api.w.org\/{rel}","templated":true}]}}