{"id":204,"date":"2023-04-03T19:27:59","date_gmt":"2023-04-03T22:27:59","guid":{"rendered":"https:\/\/consmardelplata.esteri.it\/servizi-consolari-e-visti\/servizi-per-il-cittadino-italiano\/passaporti-e-carte-didentita\/"},"modified":"2026-03-30T12:52:00","modified_gmt":"2026-03-30T15:52:00","slug":"passaporti-e-carte-didentita","status":"publish","type":"page","link":"https:\/\/consmardelplata.esteri.it\/es\/servizi-consolari-e-visti\/servizi-per-il-cittadino-italiano\/passaporti-e-carte-didentita\/","title":{"rendered":"Pasaportes"},"content":{"rendered":"<p><strong>LOS TURNOS SE ENCUENTRAN DISPONIBLES TODOS LOS DIAS, LAS 24 HORAS, EN EL PORTAL DE RESERVAS PRENOTAMI <a href=\"https:\/\/prenotami.esteri.it\/\">https:\/\/prenotami.esteri.it\/<\/a> POR UN PER\u00cdODO DE 2 SEMANAS.\u00a0<\/strong><\/p>\n<p><a title=\"Informativa sulla protezione delle persone fisiche con riguardo al trattamento dei dati personali\" href=\"https:\/\/consmardelplata.esteri.it\/wp-content\/uploads\/2023\/05\/informativa_privacy_tutti_gli_uffici.pdf\" target=\"_blank\" rel=\"noopener\">Informativa sulla protezione delle persone fisiche con riguardo al trattamento dei dati personali<\/a><\/p>\n<p>Este Consulado actualmente emite un nuevo modelo de pasaporte, del tipo electr\u00f3nico de segunda generaci\u00f3n utilizando tecnolog\u00edas mas modernas que ofrecen est\u00e1ndares de seguridad mas elevados donde vienen colocadas las huellas digitales de los interesados (a partir de los 12 a\u00f1os).<\/p>\n<p>El pasaporte es un documento de viaje y de reconocimiento cuya emisi\u00f3n del mismo es competencia de la oficina de pasaportes de la Circunscripci\u00f3n consular en la cual el ciudadano italiano es residente. Los ciudadanos no residentes tambi\u00e9n podr\u00edan solicitar el pasaporte pero en este caso es necesario esperar el \u00abnulla osta e delega\u00bb (autorizaci\u00f3n) de la Oficina competente en el territorio de residencia (Questura italiana o Consulado).<\/p>\n<p>La validez del pasaporte var\u00eda en base a la edad:<\/p>\n<p>&#8211; Tres a\u00f1os de validez para los menores de 0 a 3 a\u00f1os;<br \/>\n&#8211; Cinco a\u00f1os de validez para los menores de 3 a 18 a\u00f1os;<br \/>\n&#8211; Diez\u00a0a\u00f1os de validez para los mayores.<\/p>\n<p>El pasaporte italiano puede ser utilizado hasta el \u00faltimo d\u00eda de su vigencia, y eventualmente solicitar la emisi\u00f3n de un nuevo pasaporte, dentro de los \u00faltimos 6 meses de validez.<\/p>\n<p>El costo del pasaporte est\u00e1 compuesto por la suma del costo de la libreta de 48 p\u00e1ginas m\u00e1s\u00a0la tasa pasaporte (art.27). Para saber el costo actual de la libreta y de la tasa anual, ver\u00a0<strong>Destacados &#8211;\u00a0<a href=\"https:\/\/consmardelplata.esteri.it\/es\/servizi-consolari-e-visti\/servizi-per-il-cittadino-italiano\/tarifa-consular\/\">Tarifa consular<\/a><br \/>\n<\/strong><br \/>\n<strong>REQUISITOS<\/strong>:<\/p>\n<p>-los ciudadanos italianos residentes, para poder solicitar la emisi\u00f3n del pasaporte, deben estar inscriptos en el Anagrafe consular. Es necesario adem\u00e1s que los datos registrados (cambios de domicilio, matrimonios, divorcios, fallecimientos, nacimiento de los hijos) est\u00e9n actualizados;<\/p>\n<p><strong>Se informa a los ciudadanos italianos que posean hijos menores de edad que, a partir del 14 de junio de 2023 no ser\u00e1 necesario presentar el acta de consentimiento (<em>atto di assenso<\/em>) del otro progenitor para la emisi\u00f3n del propio documento de identidad (pasaporte o CIE), en virtud del D.L. 69\/2023.<\/strong><\/p>\n<p>En lo espec\u00edfico, la modificaci\u00f3n del art\u00edculo 3-bis de la Ley 1185\/1967 indica que, cuando existe un peligro actual y concreto de que una mudanza al exterior de un progenitor pueda derivar en el incumplimiento de sus obligaciones para con su hijo\/a, el otro progenitor podr\u00e1 solicitar una inhibici\u00f3n a la emisi\u00f3n del documento.\u00a0El recurso podr\u00e1 ser presentado ante el juez competente en el Tribunal ordinario donde el menor posea la residencia habitual en Italia o, en caso que el menor resida en el exterior, deber\u00e1 ser presentado en el Tribunal correspondiente de acuerdo a la Comuna de inscripci\u00f3n AIRE.<\/p>\n<p><strong>En lo que respecta a la emisi\u00f3n del documento (pasaporte o CIE) para los menores, se mantiene invariable la obligaci\u00f3n del consentimiento firmado por ambos progenitores o por quien ejerza la patria potestad.<\/strong><\/p>\n<p>El consentimiento para la emisi\u00f3n del pasaporte de un menor podr\u00e1 prestarse de una de las siguientes formas:<\/p>\n<ul>\n<li>personalmente en este Consulado el d\u00eda del turno (tenga en cuenta que la persona que otorgue el consentimiento debe poseer un documento de identidad v\u00e1lido, en original y fotocopia simple);<\/li>\n<li>personalmente en cualquier Oficina de la Administraci\u00f3n P\u00fablica italiana autorizada para autenticar firmas: por ejemplo, Questura u otras representaciones diplom\u00e1tico-consulares;<\/li>\n<li>con un poder otorgado por un escribano argentino, posteriormente legalizado con Apostille y traducido al italiano.<\/li>\n<\/ul>\n<p>Los ciudadanos de la Uni\u00f3n Europea pueden expresar su consentimiento completando y firmando el <a href=\"https:\/\/consmardelplata.esteri.it\/wp-content\/uploads\/2023\/06\/Modulo-assenso-cittadini-UE.pdf\">formulario correspondiente<\/a> y <strong>adjuntando una copia de un documento expedido por un pa\u00eds de la Uni\u00f3n Europea en el que figure la firma del declarante.<\/strong><\/p>\n<p>&#8211; en el caso de robo o p\u00e9rdida del pasaporte, para obtener uno nuevo es necesario presentar la denuncia realizada ante la Autoridad argentina competente en la cual se especifique el Ente que emiti\u00f3 el documento y, de ser posible, el n\u00famero y la fecha de emisi\u00f3n del mismo;<\/p>\n<p>&#8211; en el caso que el solicitante se encuentre en una situaci\u00f3n de emergencia (por ejemplo, un turista en tr\u00e1nsito al que le roben o pierda el pasaporte) y no haya tiempo suficiente para solicitar a la Polic\u00eda o al Consulado que hab\u00eda expedido el documento perdido el necesario \u00abnulla osta\u00bb para la emisi\u00f3n de una nueva libreta, el Consulado emite el ETD \u00abEmergency Travel Document\u00bb (para mayor informaci\u00f3n hacer click aqu\u00ed);<\/p>\n<p>&#8211; la Oficina de Pasaportes se reserva el derecho de solicitar toda la documentaci\u00f3n necesaria para verificar la posesi\u00f3n de los requisitos y del efectivo domicilio dentro de la Circunscripci\u00f3n consular;<\/p>\n<p>-La foto se realiza gratuitamente en el Consulado para mayores de 3 a\u00f1os. Se solicita presentar <strong>1<\/strong>\u00a0<a href=\"https:\/\/consmardelplata.esteri.it\/consolato_mardeplata\/resource\/doc\/2018\/08\/all_03_-_passaporto_requisiti_fotografia_e_specifiche_icao.pdf\"><strong>foto 4 x 4 de frente, fondo blanco<\/strong><\/a>, para los menores de 3 a\u00f1os;<\/p>\n<p>&#8211; Se informa que a partir del 26 de Junio de 2012 los menores que estuvieran inscriptos en el pasaporte de sus padres deber\u00e1n tramitar un pasaporte individual, dado que no podr\u00e1n viajar si no poseen un pasaporte individual.<\/p>\n<p><strong>C\u00d3MO SOLICITAR EL PASAPORTE:\u00a0PORTAL\u00a0<a href=\"https:\/\/prenotami.esteri.it\/\">PRENOT@MI<\/a>\u00a0<\/strong><\/p>\n<p>1.\u00a0Es necesario verificar que el\u00a0<strong>formulario<\/strong>\u00a0haya sido completado correctamente: los formularios incompletos o mal completados ser\u00e1n rechazados. El turno ser\u00e1 anulado y deber\u00e0s solicitar un nuevo turno.<\/p>\n<p>2.\u00a0El calendario mostrar\u00e1 la primera fecha disponible. Si la fecha est\u00e1 en rojo, significa que los turnos est\u00e1n todos ocupados, por lo tanto deber\u00e1 seleccionar los casilleros en verde o naranja.<\/p>\n<p>3. Se recuerda que es obligaci\u00f3n del ciudadano italiano tener actualizados los datos relativos a la posici\u00f3n anagr\u00e1fica y\u00a0al estado civil(cambio de domicilio, matrimonio, divorcio, muerte de los familiares, nacimiento de hijos). El documento (DNI tarjeta) debe encontrarse en curso de validez. En el caso que la solicitud contenga datos discordantes,\u00a0el turno para la emisi\u00f3n del pasaporte ser\u00e1 cancelado y comunicado al solicitante a la direcci\u00f3n e-mail declarada.<\/p>\n<p><strong>4. Se comunica que, para el servicio Pasaportes, todos los d\u00edas podr\u00e1n visualizarse los turnos disponibles para un per\u00edodo de 2 semanas en cualquier momento del d\u00eda.\u00a0<\/strong><\/p>\n<p><strong>5. Se comunica que los ciudadanos nacidos en Italia que tengan m\u00e1s de setenta a\u00f1os y que no posean otro documento para viajar sino el pasaporte italiano, pueden hacer presente particulares exigencias\u00a0respecto a la emisi\u00f3n del pasaporte italiano escribiendo un e-mail a:\u00a0<a href=\"mailto:passaporti.mardelplata@esteri.it\">passaporti.mardelplata@esteri.it . <\/a><\/strong>El mencionado correo debe tener como asunto:\u00a0mayor de setenta a\u00f1os &#8211; emisi\u00f3n del pasaporte<\/p>\n","protected":false},"excerpt":{"rendered":"LOS TURNOS SE ENCUENTRAN DISPONIBLES TODOS LOS DIAS, LAS 24 HORAS, EN EL PORTAL DE RESERVAS PRENOTAMI https:\/\/prenotami.esteri.it\/ POR UN PER\u00cdODO DE 2 SEMANAS.\u00a0 Informativa sulla protezione delle persone fisiche con riguardo al trattamento dei dati personali Este Consulado actualmente emite un nuevo modelo de pasaporte, del tipo electr\u00f3nico de segunda generaci\u00f3n utilizando tecnolog\u00edas mas [&hellip;]","protected":false},"author":1,"featured_media":0,"parent":203,"menu_order":0,"comment_status":"closed","ping_status":"closed","template":"","meta":{"footnotes":""},"class_list":["post-204","page","type-page","status-publish","hentry"],"_links":{"self":[{"href":"https:\/\/consmardelplata.esteri.it\/es\/wp-json\/wp\/v2\/pages\/204","targetHints":{"allow":["GET"]}}],"collection":[{"href":"https:\/\/consmardelplata.esteri.it\/es\/wp-json\/wp\/v2\/pages"}],"about":[{"href":"https:\/\/consmardelplata.esteri.it\/es\/wp-json\/wp\/v2\/types\/page"}],"author":[{"embeddable":true,"href":"https:\/\/consmardelplata.esteri.it\/es\/wp-json\/wp\/v2\/users\/1"}],"replies":[{"embeddable":true,"href":"https:\/\/consmardelplata.esteri.it\/es\/wp-json\/wp\/v2\/comments?post=204"}],"version-history":[{"count":6,"href":"https:\/\/consmardelplata.esteri.it\/es\/wp-json\/wp\/v2\/pages\/204\/revisions"}],"predecessor-version":[{"id":4354,"href":"https:\/\/consmardelplata.esteri.it\/es\/wp-json\/wp\/v2\/pages\/204\/revisions\/4354"}],"up":[{"embeddable":true,"href":"https:\/\/consmardelplata.esteri.it\/es\/wp-json\/wp\/v2\/pages\/203"}],"wp:attachment":[{"href":"https:\/\/consmardelplata.esteri.it\/es\/wp-json\/wp\/v2\/media?parent=204"}],"curies":[{"name":"wp","href":"https:\/\/api.w.org\/{rel}","templated":true}]}}