{"id":208,"date":"2023-04-03T19:28:49","date_gmt":"2023-04-03T22:28:49","guid":{"rendered":"https:\/\/consmardelplata.esteri.it\/servizi-consolari-e-visti\/servizi-per-il-cittadino-italiano\/anagrafe-degli-italiani-residenti-allestero-aire\/"},"modified":"2025-11-04T13:49:58","modified_gmt":"2025-11-04T16:49:58","slug":"anagrafe-degli-italiani-residenti-allestero-aire","status":"publish","type":"page","link":"https:\/\/consmardelplata.esteri.it\/es\/servizi-consolari-e-visti\/servizi-per-il-cittadino-italiano\/anagrafe-degli-italiani-residenti-allestero-aire\/","title":{"rendered":"Registro de los italianos residentes en el exterior (AIRE)"},"content":{"rendered":"<p><strong>Los ciudadanos italianos que residen de manera permanente en el exterior deben comunicar <u>con prontitud<\/u> cualquier modificaci\u00f3n en sus datos personales y en el estado civil <\/strong>(cambio de domicilio, nacimientos, matrimonios, divorcios, etc.).\u00a0<strong>Se trata de obligaciones de ley que constituyen el requisito indispensable para acceder a los servicios consulares <\/strong>(por ejemplo, expedici\u00f3n del pasaporte y de la <em>carta d\u2019identit\u00e0<\/em>, ejercicio del derecho de voto, etc.).<\/p>\n<p>La inscripci\u00f3n al AIRE es GRATUITA.<\/p>\n<h4><strong>Qui\u00e9nes deben inscribirse al AIRE<\/strong><\/h4>\n<p><strong>La inscripci\u00f3n es obligatoria para:<\/strong><\/p>\n<ul>\n<li>los ciudadanos italianos que transfirieron su residencia desde Italia al exterior, incluidos aquellos que adquirieron la ciudadan\u00eda italiana por procedimientos de reconstrucci\u00f3n llevados a cabo en un municipio italiano. La inscripci\u00f3n en el AIRE implica la baja simult\u00e1nea del Registro de la Poblaci\u00f3n Residente (A.P.R.) del municipio de proveniencia.<\/li>\n<li>las personas nacidas y residentes en el exterior que posean la ciudadan\u00eda italiana;<\/li>\n<\/ul>\n<p>ATENCI\u00d3N:<\/p>\n<p><strong>\u00a0 \u00a0 \u00a0 Los ciudadanos italianos que han residido siempre en el exterior<\/strong> y reconstruyeron la ciudadan\u00eda italiana <strong>en este Consulado no necesitan realizar ninguna declaraci\u00f3n<\/strong>, debido a que el Consulado ya ha solicitado la inscripci\u00f3n en el A.I.R.E. al municipio italiano de origen. En cambio<strong><u>, la declaraci\u00f3n deber\u00e1 ser realizada por los ciudadanos que hayan reconstruido la ciudadan\u00eda en otras Sedes.<\/p>\n<p><\/u><\/strong><\/p>\n<p><strong>\u00bfQu\u00e9 ocurre si no me inscribo en el A.I.R.E.?<\/strong><\/p>\n<p>Cualquier persona que incumpla con las disposiciones de la Ley N\u00ba 1228 del 24 de diciembre de 1954, de la Ley N\u00ba 470 del 27 de octubre de 1988, y de los reglamentos de ejecuci\u00f3n de las citadas leyes, estar\u00e1 sujeta a sanciones administrativas pecuniarias, tal y como prev\u00e9 la Ley N\u00ba 213 del 30 de diciembre de 2023. <strong>La autoridad competente para la comprobaci\u00f3n y la imposici\u00f3n de la sanci\u00f3n es el municipio en cuyo registro est\u00e9 inscrito el infractor.<\/strong><\/p>\n<p>El procedimiento de verificaci\u00f3n y sanci\u00f3n a cargo de los municipios se rige por la Ley n.\u00ba 689 del 24 de noviembre de 1981, cuyo art\u00edculo 1 establece que \u00abNadie podr\u00e1 ser objeto de sanciones administrativas si no es en virtud de una ley que haya entrado en vigor antes de la infracci\u00f3n\u00bb.<\/p>\n<h4><strong>Qui\u00e9nes no deben inscribirse en el AIRE<\/strong><\/h4>\n<p>No deben inscribirse en el AIRE:<br \/>\n\u2013 los ciudadanos que se trasladan al extranjero por motivos de duraci\u00f3n limitada que no supere los doce meses;<br \/>\n\u2013 los ciudadanos que se trasladan al extranjero para ejercer trabajos de car\u00e1cter estacional;<br \/>\n\u2013 los funcionarios del Estado italiano en servicio en el extranjero y las personas que conviven con ellos, que hayan sido notificados a las autoridades locales conforme a las Convenciones de Viena sobre Relaciones Diplom\u00e1ticas (1961) y sobre Relaciones Consulares (1963);<br \/>\n\u2013 los militares italianos (y sus familiares) en servicio en el territorio de un Estado parte del Tratado del Atl\u00e1ntico Norte (OTAN), ya que la Convenci\u00f3n de Londres del 19 de junio de 1951 dispone expresamente que los militares en servicio en una base de la OTAN no adquieren ning\u00fan derecho de residencia permanente ni de domicilio en el territorio del Estado receptor;<br \/>\n\u2013 los directores de escuela, los docentes y el personal administrativo escolar destinados fuera de plantilla y enviados al extranjero en el marco de actividades escolares fuera del territorio nacional.<\/p>\n<h4><strong>Presentaci\u00f3n de la solicitud \u2013 Portal FAST-IT<\/strong><\/h4>\n<p>Todos los usuarios pertenecientes al distrito consular que deban inscribirse en el Registro Consular (Anagrafe) de Mar del Plata o comunicar un cambio de domicilio, <strong>deber\u00e1n hacerlo <u>exclusivamente<\/u> online a trav\u00e9s del portal Fast It (Servicios Consulares Online),<\/strong> previa inscripci\u00f3n del usuario en el sistema <a href=\"https:\/\/serviziconsolarionline.esteri.it\">https:\/\/serviziconsolarionline.esteri.it<\/a><\/p>\n<p>S\u00f3lo los ciudadanos italiano mayores de 70 a\u00f1os podr\u00e1n completar el formulario descargable <a href=\"https:\/\/consmardelplata.esteri.it\/wp-content\/uploads\/2025\/09\/2-formulario_anagrafe_ultrasettantenni.doc\"><strong>AQU\u00cd<\/strong> <\/a>y enviar la solicitud por correo postal a la siguiente direcci\u00f3n: Consulado de Italia en Mar del Plata \u2013 Oficina del Registro Civil &#8211; Falucho 1416 (7600) -Mar del Plata.<\/p>\n<p>Una vez efectuada la registraci\u00f3n en el portal FAST-IT, en la secci\u00f3n ANAGRAFE CONSOLARE E AIRE estar\u00e1n disponibles los siguientes servicios:<\/p>\n<ol>\n<li><strong> Visualizar la ficha personal<\/strong><\/li>\n<\/ol>\n<p>El servicio <em>Visualizzare la propria scheda consolare<\/em>\u00a0 permite al usuario ya registrado en el Anagrafe consular poder visualizar, en tiempo real, un resumen de sus datos personales, tales como estado civil, hijos menores, residencia, etc.<\/p>\n<p>Para solicitar la visualizaci\u00f3n de la ficha personal, es necesario escanear y adjuntar en un \u00fanico archivo en formato PDF:<\/p>\n<p>&#8211;\u00a0\u00a0\u00a0 frente y dorso del documento de identidad (\u00faltimo D.N.I. argentino vigente);<br \/>\no bien<br \/>\n&#8211;\u00a0\u00a0\u00a0 pasaporte italiano vigente (las p\u00e1ginas donde figuran los datos personales y la fotograf\u00eda).<\/p>\n<ol start=\"2\">\n<li><strong> Comunicar el cambio de domicilio<\/strong><\/li>\n<\/ol>\n<p>Si el ciudadano italiano ya se encuentra inscripto en el registro consular de Mar del Plata, el servicio le permitir\u00e1 comunicar su nueva direcci\u00f3n. Antes de iniciar el procedimiento online en el portal Fast It, es recomendable leer atentamente las instrucciones y tener preparados los siguientes documentos:<\/p>\n<p><strong>ADJUNTO 1:<\/strong> formulario firmado por el solicitante. El formulario, generado online dentro de la plataforma, deber\u00e1 descargarse, imprimirse, firmarse y escanearse.<\/p>\n<p><strong>ADJUNTO 2<\/strong>: frente y dorso del DNI con la direcci\u00f3n actualizada de todos los miembros de la familia que conviven con el declarante.<\/p>\n<p><strong>ADJUNTO 3:<\/strong> documentaci\u00f3n que acredite la residencia en la circunscripci\u00f3n consular (por ejemplo: factura de luz, gas, internet, televisi\u00f3n por cable o contrato de alquiler registrado en ARCA).<\/p>\n<ol start=\"3\">\n<li><strong> Solicitar la inscripci\u00f3n en el Registro de Italianos Residentes en el Exterior (AIRE)<\/strong><\/li>\n<\/ol>\n<p>Este servicio permite comunicar el cambio de la residencia desde Italia a la jurisdicci\u00f3n consular de Mar del Plata, o desde otra sede consular a nuestra jurisdicci\u00f3n.<br \/>\nPara realizar la solicitud de inscripci\u00f3n, es necesario escanear y adjuntar en formato PDF los siguientes documentos:<\/p>\n<p><strong>ADJUNTO 1:<\/strong> formulario firmado por el solicitante. El formulario, generado online dentro de la plataforma, deber\u00e1 descargarse, imprimirse, firmarse y escanearse.<\/p>\n<p><strong>ADJUNTO 2:<\/strong> \u00a0frente y dorso del DNI con la direcci\u00f3n actualizada de todos los miembros de la familia que conviven con el declarante y, en caso de poseer, documentos italianos (pasaporte, <em>carta d\u2019identit\u00e0<\/em>).<\/p>\n<p><strong>ADJUNTO 3<\/strong>: documentaci\u00f3n que acredite la residencia en la circunscripci\u00f3n consular (por ejemplo: factura de luz, gas, internet, televisi\u00f3n por cable o contrato de alquiler registrado en ARCA). Si no se dispone de un comprobante de residencia, no es posible solicitar la inscripci\u00f3n en el AIRE.<\/p>\n<p><span style=\"text-decoration: underline;\">Otra documentaci\u00f3n a presentar para algunos casos especiales:<\/span><\/p>\n<ol>\n<li>Las personas reconocidas como ciudadanos italianos por un tribunal italiano deber\u00e1n adjuntar, adem\u00e1s de la documentaci\u00f3n anteriormente mencionada, la sentencia de reconocimiento completa (sentencia y certificado de cosa juzgada) y las transcripciones de las actas (transcripci\u00f3n del acta de nacimiento en Italia y del acta de matrimonio en caso de corresponder) en el municipio italiano correspondiente.<\/li>\n<li>Quienes hayan realizado el procedimiento de reconocimiento de la ciudadan\u00eda directamente en un municipio italiano deber\u00e1n adjuntar: transcripci\u00f3n del acta de nacimiento en Italia y del acta de matrimonio en caso de corresponder), certificado hist\u00f3rico de residencia, copia de la <em>carta d\u2019identit\u00e0<\/em> italiana y\/o del pasaporte italiano, si lo tuvieran.<\/li>\n<\/ol>\n<p><strong>La informaci\u00f3n sobre el estado del tr\u00e1mite se notificar\u00e1 por correo electr\u00f3nico una vez que haya sido procesado por el Consulado. Tambi\u00e9n ser\u00e1 posible consultar los \u00faltimos movimientos de la solicitud en la secci\u00f3n \u00abultime comunicazioni con il Consolato\u00bb a trav\u00e9s del portal.<\/strong><\/p>\n<p>&nbsp;<\/p>\n<p>&nbsp;<\/p>\n<p>&nbsp;<\/p>\n","protected":false},"excerpt":{"rendered":"Los ciudadanos italianos que residen de manera permanente en el exterior deben comunicar con prontitud cualquier modificaci\u00f3n en sus datos personales y en el estado civil (cambio de domicilio, nacimientos, matrimonios, divorcios, etc.).\u00a0Se trata de obligaciones de ley que constituyen el requisito indispensable para acceder a los servicios consulares (por ejemplo, expedici\u00f3n del pasaporte y [&hellip;]","protected":false},"author":1,"featured_media":0,"parent":203,"menu_order":4,"comment_status":"closed","ping_status":"closed","template":"","meta":{"footnotes":""},"class_list":["post-208","page","type-page","status-publish","hentry"],"_links":{"self":[{"href":"https:\/\/consmardelplata.esteri.it\/es\/wp-json\/wp\/v2\/pages\/208","targetHints":{"allow":["GET"]}}],"collection":[{"href":"https:\/\/consmardelplata.esteri.it\/es\/wp-json\/wp\/v2\/pages"}],"about":[{"href":"https:\/\/consmardelplata.esteri.it\/es\/wp-json\/wp\/v2\/types\/page"}],"author":[{"embeddable":true,"href":"https:\/\/consmardelplata.esteri.it\/es\/wp-json\/wp\/v2\/users\/1"}],"replies":[{"embeddable":true,"href":"https:\/\/consmardelplata.esteri.it\/es\/wp-json\/wp\/v2\/comments?post=208"}],"version-history":[{"count":6,"href":"https:\/\/consmardelplata.esteri.it\/es\/wp-json\/wp\/v2\/pages\/208\/revisions"}],"predecessor-version":[{"id":4364,"href":"https:\/\/consmardelplata.esteri.it\/es\/wp-json\/wp\/v2\/pages\/208\/revisions\/4364"}],"up":[{"embeddable":true,"href":"https:\/\/consmardelplata.esteri.it\/es\/wp-json\/wp\/v2\/pages\/203"}],"wp:attachment":[{"href":"https:\/\/consmardelplata.esteri.it\/es\/wp-json\/wp\/v2\/media?parent=208"}],"curies":[{"name":"wp","href":"https:\/\/api.w.org\/{rel}","templated":true}]}}