{"id":209,"date":"2023-04-03T19:29:02","date_gmt":"2023-04-03T22:29:02","guid":{"rendered":"https:\/\/consmardelplata.esteri.it\/servizi-consolari-e-visti\/servizi-per-il-cittadino-italiano\/stato-civile\/"},"modified":"2025-07-17T12:45:30","modified_gmt":"2025-07-17T15:45:30","slug":"stato-civile","status":"publish","type":"page","link":"https:\/\/consmardelplata.esteri.it\/es\/servizi-consolari-e-visti\/servizi-per-il-cittadino-italiano\/stato-civile\/","title":{"rendered":"Estado civil"},"content":{"rendered":"<header class=\"entry-header\"><a href=\"https:\/\/consmardelplata.esteri.it\/wp-content\/uploads\/2023\/05\/informativa_privacy_tutti_gli_uffici.pdf\">Informativa sulla protezione delle persone fisiche con riguardo al trattamento dei dati personali<\/a><strong>S\u00f3lo se aceptan actas enviadas mediante el sistema\u00a0<\/strong><a href=\"https:\/\/serviziconsolari.esteri.it\/ScoFE\/index.sco\">FAST-IT<\/a><\/p>\n<p>IMPORTANTE:<\/p>\n<ul>\n<li>antes de enviar solicitudes de tr\u00e1mites de estado civil es necesario actualizar el domicilio de residencia presente en anagrafe consular como indicado en la siguiente p\u00e1gina web:\u00a0<a href=\"https:\/\/consmardelplata.esteri.it\/es\/servizi-consolari-e-visti\/servizi-per-il-cittadino-italiano\/anagrafe-degli-italiani-residenti-allestero-aire\/\">Anagrafe<\/a><\/li>\n<li>Ser\u00e1\u00a0<strong>desestimada <\/strong>la documentaci\u00f3n enviada incompleta, que posea errores para rectificar o que no se ajuste a los requisitos que se detallan para cada tipo de tr\u00e1mite. Los documentos de identidad de los solicitantes deber\u00e1n contar con el domicilio actualizado.<\/li>\n<li>Las actas deber\u00e1n ser enviadas en formato PDF (calidad legible).<\/li>\n<\/ul>\n<p><strong>Ciudadanos inscriptos: recepci\u00f3n de actas digitales de estado civil<\/strong><\/p>\n<p>Cada ciudadano\u00a0<strong>regularmente inscripto<\/strong>\u00a0en esta sede consular podr\u00e1 presentar solamente por v\u00eda telem\u00e1tica actas o sentencias electr\u00f3nicas (por ejemplo, las actas expedidas con el sistema GEDO (actas en formato PDF \u00abpartida digital\u00bb emitidas por el Registro Civil), dotadas de c\u00f3digo de verificaci\u00f3n, como sucede en la Ciudad Aut\u00f3noma de Buenos Aires o en la Provincia hom\u00f3nima; o las sentencias dotadas del citado c\u00f3digo).<\/p>\n<p>A continuaci\u00f3n detallamos el tipo de solicitud que ser\u00e1 posible presentar y la documentaci\u00f3n que deber\u00e1 adjuntarse (<strong>exclusivamente aquella emitida por los registros civiles argentinos<\/strong>).<\/p>\n<p><strong>Actas de Nacimiento de hijos menores (Art. 3-bis L. 91\/1992 \u201c<em>iure sanguinis<\/em>\u201d)<br \/>\n<\/strong><br \/>\nEl menor es ciudadano italiano\u00a0<strong><em>iure sanguinis<\/em><\/strong>\u00a0solo si se cumple\u00a0<strong>al menos una de las siguientes condiciones:<\/strong><\/p>\n<ol>\n<li><strong>a) El progenitor ciudadano italiano ha residido en Italia durante al menos 2 a\u00f1os continuos despu\u00e9s de adquirir la ciudadan\u00eda italiana y antes de la fecha de nacimiento del hijo\/a.<br \/>\nb) Uno de los progenitores posee exclusivamente la ciudadan\u00eda italiana.<br \/>\nc) Un abuelo\/abuela posee al momento del nacimiento del menor \u2013 o pose\u00eda al momento de su fallecimiento \u2013 exclusivamente la ciudadan\u00eda italiana.<br \/>\nd) El menor mismo no posee otra ciudadan\u00eda.<\/strong><\/li>\n<\/ol>\n<p>Si no se cumple ninguna de las condiciones anteriores, es posible solicitar la ciudadan\u00eda por beneficio de ley, cuyas instrucciones se encuentran en el siguiente\u00a0<strong><a href=\"https:\/\/consmardelplata.esteri.it\/es\/servizi-consolari-e-visti\/servizi-per-il-cittadino-straniero\/cittadinanza\/adquisicion-de-la-ciudadania-por-beneficio-de-ley-hijos-menores-nacidos-en-el-exterior\/\">enlace<\/a> <\/strong>.<\/p>\n<p><strong>Documentaci\u00f3n a presentar en FAST-IT<\/strong><\/p>\n<ol>\n<li><strong><a href=\"https:\/\/consmardelplata.esteri.it\/wp-content\/uploads\/2023\/05\/formulario_nascita__2-1.doc\">Formulario<\/a><\/strong> completo y con firma autografa<\/li>\n<li><strong>Actas de nacimiento de los menores<\/strong><\/li>\n<\/ol>\n<ul>\n<li>Emitidas con sistema GEDO con traducci\u00f3n integral (tanto del acta como de la firma digital emitida por la oficina local del Registro Civil);<\/li>\n<li>Alternativamente emitidas con firma manuscrita con Apostilla digital emitida por el Ministerio de Relaciones Exteriores o por el Colegio de Escribanos con traducci\u00f3n integral (tanto del acta como de la Apostilla Digital).<\/li>\n<\/ul>\n<ol start=\"3\">\n<li><strong>Copias de DNI<\/strong> de ambos padres y de los menores<\/li>\n<li>Si el padre o la madre no convive con el menor a inscribir, el progenitor no conviviente deber\u00e1 completar, firmar y enviar el siguiente <a href=\"https:\/\/consmardelplata.esteri.it\/wp-content\/uploads\/2023\/05\/dichiarazione_del_genitore_non_convivente_con_il_minore.pdf\">MODULO DE DECLARACION<\/a><\/li>\n<\/ol>\n<p><em>*Si el hijo fue reconocido por los padres en tiempos diferentes, adem\u00e1s del acta de nacimiento, se debe\u00a0presentar el acta de reconocimiento traducida integralmente al italiano. Si el hijo no ha cumplido los 14 a\u00f1os, es necesaria la presencia de ambos padres; si ha cumplido 14 a\u00f1os, es necesaria la presencia del menor y del progenitor italiano.<\/em><\/p>\n<p><em>*Si los padres est\u00e1n casados, es indispensable que antes de comunicar el nacimiento del hijo el matrimonio sea registrado en Italia.<\/em><\/p>\n<p><strong>Acta de Matrimonio \/ Uni\u00f3n Civil<\/strong><\/p>\n<ul>\n<li>Acta emitida con sistema GEDO con traducci\u00f3n integral (tanto del acta como de la firma digital emitida por la oficina del registro civil argentino).<\/li>\n<li>DNI (anverso y reverso) de los interesados.<\/li>\n<li><a href=\"https:\/\/consmardelplata.esteri.it\/wp-content\/uploads\/2023\/05\/formulario_matrimonio-1.doc\">FORMULARIO MATRIMONIO<\/a>\/\u00a0<a href=\"https:\/\/consmardelplata.esteri.it\/wp-content\/uploads\/2023\/05\/formulario_unione_civile.doc\">FORMULARIO UNIONE CIVILE<\/a><\/li>\n<\/ul>\n<p><strong>Acta de Defunci\u00f3n<\/strong><\/p>\n<ul>\n<li>Acta emitida con sistema GEDO con traducci\u00f3n integral (tanto del acta como de la firma digital emitida por la oficina del registro civil argentino)<\/li>\n<li>DNI (anverso y reverso) del solicitante.<\/li>\n<li><a href=\"https:\/\/consmardelplata.esteri.it\/wp-content\/uploads\/2023\/05\/formulario_morte_1.doc\">FORMULARIO DEFUNCI\u00d3N<\/a><\/li>\n<\/ul>\n<p><strong>Otras Actas de Estado Civil<\/strong><\/p>\n<ul>\n<li>Sentencia de Adopci\u00f3n de Hijo Menor (<a href=\"https:\/\/consmardelplata.esteri.it\/wp-content\/uploads\/2023\/05\/requisiti_adozione.pdf\">REQUISITOS ADOPCI\u00d3N<\/a>) perfeccionar formalmente con Apostilla digital emitida por el \u201cMinisterio de Relaciones Exteriores y Culto\u201d y su correspondiente traducci\u00f3n integral realizada por traductor p\u00fablico matriculado, adjuntando, adem\u00e1s, el\u00a0<a href=\"https:\/\/consmardelplata.esteri.it\/wp-content\/uploads\/2023\/05\/modulo_richiesta_al_tribunale_per_i_minorenni.doc\">FORMULARIO AL TRIBUNALE PER I MINORENNI<\/a>completo, firmado, y acompa\u00f1ado de un documento de identidad en el que sea visible la firma.<\/li>\n<li>Sentencia de Divorcio (<a href=\"https:\/\/consmardelplata.esteri.it\/wp-content\/uploads\/2023\/05\/requisiti_divorzio.pdf\">REQUISITOS DIVORCIO<\/a>) perfeccionar formalmente con Apostilla digital emitida por el \u201cMinisterio de Relacione Exteriores y Culto\u201d y su correspondiente traducci\u00f3n integral realizada por traductor p\u00fablico matriculado, adjuntando, adem\u00e1s, el\u00a0<a href=\"https:\/\/consmardelplata.esteri.it\/wp-content\/uploads\/2023\/05\/istanza_di_trascrizione_sentenza_di_divorzio.doc\">FORMULARIO ISTANZA DI TRASCRIZIONE DI SENTENZA DIVORZIO\u00a0<\/a>completo, firmado y acompa\u00f1ado de un documento di identidad en el que sea visible la firma.<\/li>\n<\/ul>\n<p><strong>Cambio de nombre y\/o apellido CONTACTAR A ESTA OFICINA<\/strong>\u00a0a\u00a0<a href=\"mailto:stcivile.mardelplata@esteri.it\">stcivile.mardelplata@esteri.it<\/a>\u00a0por mayor informaci\u00f3n acerca de este tr\u00e1mite<\/p>\n<ul>\n<li><strong>Caso 1<\/strong>: De acuerdo con los arts. 84 y siguientes del D.P.R. 396 del 3.11.2000, para modificar el propio nombre o apellido, la persona interesada debe presentar la solicitud con los motivos justificativos del cambio (<a href=\"https:\/\/consmardelplata.esteri.it\/wp-content\/uploads\/2023\/05\/3.1._istanza_di_cambiamento_del_cognome_per_maggiorenni.doc\">ISTANZA CAMBIAMENTO MAGGIORENNE<\/a>\u2013\u00a0<a href=\"https:\/\/consmardelplata.esteri.it\/wp-content\/uploads\/2023\/05\/3.2_istanza_di_cambiamento_del_cognome_per_minorenni.doc\">ISTANZA CAMBIAMENTO MINORENNE<\/a>) con tasa de 16 euros, y enviarla a la Prefectura del lugar de ultima residencia en Italia (o competente por Comuna italiana de inscripci\u00f3n AIRE). La misma podr\u00e1 ser enviada a la Prefectura italiana directamente por el interesado o bien por intermedio del Consulado, present\u00e1ndose personalmente con cita previa (cabe recordar que las declaraciones ser\u00e1n objeto de verificaci\u00f3n y, en caso de declaraciones contrarias a la verdad, se proceder\u00e1 a efectuar la denuncia correspondiente ante las Autoridades Judiciales).<\/li>\n<li><strong>Caso 2<\/strong>: De acuerdo a las leyes n. 397 del 13\/05\/2008 y n. 4 del 18\/02\/2010 del Ministerio del Interior Italiano, podr\u00e1n presentar al Consulado la solicitud de correcci\u00f3n de apellido (<a href=\"https:\/\/consmardelplata.esteri.it\/wp-content\/uploads\/2023\/05\/istanza_ripristino_cognome_maggiorenne.docx\">CORRECCI\u00d3N APELLIDO MAYOR DE EDAD<\/a>\/\u00a0<a href=\"https:\/\/consmardelplata.esteri.it\/wp-content\/uploads\/2023\/05\/istanza_ripristino_cognome_minorenne.docx\">CORRECCI\u00d3N APELLIDO MENOR DE EDAD<\/a>) que le permitar\u00e1 mantener en los documentos italianos id\u00e9ntico apellido al resultante en la documentaci\u00f3n argentina.<\/li>\n<\/ul>\n<p>&nbsp;<\/p>\n<p><strong>Actas con firma ol\u00f3grafa<\/strong><\/p>\n<p>Las partidas de estado civil argentinas con firma ol\u00f3grafa deben ser legalizadas con sello Apostille digital por parte del Ministerio de Relaciones Exteriores Argentino con traducci\u00f3n integral (tanto de la partida como de la Apostilla digital).<\/p>\n<p><strong>Eventos acontecidos en otra Circunscripci\u00f3n Consular (fuera del territorio de la Rep\u00fablica Argentina)<\/strong><\/p>\n<p>Las actas de estado civil correspondientes a eventos ocurridos en otros pa\u00edses (ni de Argentina ni de la Uni\u00f3n Europea en formato pluriling\u00fce) deber\u00e1n ser formalmente perfeccionadas (provistas de la Apostilla de la Haya, traducidas al italiano en el pa\u00eds di origen y legalizadas por la Representaci\u00f3n Diplom\u00e1tica \u2013 Consular a la autoridad italiana m\u00e1s pr\u00f3xima a la oficina que las ha emitido).<\/p>\n<p><strong>LAS COMUNICACIONES (ACEPTACI\u00d3N, INTEGRACI\u00d3N Y RECHAZO) SER\u00c1N REALIZADA AL INTERNO DEL MISMO PORTAL FASTIT CON EL ENVIO DE MAIL PERSONALIZADAS.<\/strong><\/p>\n<p>&nbsp;<\/p>\n<\/header>\n<div class=\"entry-content\">\n<p>&nbsp;<\/p>\n<p><strong>Mail de la Oficina: <a href=\"mailto:stcivile.mardelplata@esteri.it\">stcivile.mardelplata@esteri.it<\/a><\/strong><\/p>\n<p>&nbsp;<\/p>\n<p><strong><a class=\"\" href=\"https:\/\/www.esteri.it\/it\/servizi-consolari-e-visti\/italiani-all-estero\/stato-civile\/\" data-focus-mouse=\"false\">Mayor informaci\u00f3n<\/a><\/strong><\/p>\n<\/div>\n","protected":false},"excerpt":{"rendered":"Informativa sulla protezione delle persone fisiche con riguardo al trattamento dei dati personaliS\u00f3lo se aceptan actas enviadas mediante el sistema\u00a0FAST-IT IMPORTANTE: antes de enviar solicitudes de tr\u00e1mites de estado civil es necesario actualizar el domicilio de residencia presente en anagrafe consular como indicado en la siguiente p\u00e1gina web:\u00a0Anagrafe Ser\u00e1\u00a0desestimada la documentaci\u00f3n enviada incompleta, que posea [&hellip;]","protected":false},"author":1,"featured_media":0,"parent":203,"menu_order":6,"comment_status":"closed","ping_status":"closed","template":"","meta":{"footnotes":""},"class_list":["post-209","page","type-page","status-publish","hentry"],"_links":{"self":[{"href":"https:\/\/consmardelplata.esteri.it\/es\/wp-json\/wp\/v2\/pages\/209","targetHints":{"allow":["GET"]}}],"collection":[{"href":"https:\/\/consmardelplata.esteri.it\/es\/wp-json\/wp\/v2\/pages"}],"about":[{"href":"https:\/\/consmardelplata.esteri.it\/es\/wp-json\/wp\/v2\/types\/page"}],"author":[{"embeddable":true,"href":"https:\/\/consmardelplata.esteri.it\/es\/wp-json\/wp\/v2\/users\/1"}],"replies":[{"embeddable":true,"href":"https:\/\/consmardelplata.esteri.it\/es\/wp-json\/wp\/v2\/comments?post=209"}],"version-history":[{"count":6,"href":"https:\/\/consmardelplata.esteri.it\/es\/wp-json\/wp\/v2\/pages\/209\/revisions"}],"predecessor-version":[{"id":4176,"href":"https:\/\/consmardelplata.esteri.it\/es\/wp-json\/wp\/v2\/pages\/209\/revisions\/4176"}],"up":[{"embeddable":true,"href":"https:\/\/consmardelplata.esteri.it\/es\/wp-json\/wp\/v2\/pages\/203"}],"wp:attachment":[{"href":"https:\/\/consmardelplata.esteri.it\/es\/wp-json\/wp\/v2\/media?parent=209"}],"curies":[{"name":"wp","href":"https:\/\/api.w.org\/{rel}","templated":true}]}}