{"id":210,"date":"2023-04-03T19:29:13","date_gmt":"2023-04-03T22:29:13","guid":{"rendered":"https:\/\/consmardelplata.esteri.it\/servizi-consolari-e-visti\/servizi-per-il-cittadino-italiano\/assistenza-ai-cittadini-allestero\/"},"modified":"2025-08-06T10:23:32","modified_gmt":"2025-08-06T13:23:32","slug":"assistenza-ai-cittadini-allestero","status":"publish","type":"page","link":"https:\/\/consmardelplata.esteri.it\/es\/servizi-consolari-e-visti\/servizi-per-il-cittadino-italiano\/assistenza-ai-cittadini-allestero\/","title":{"rendered":"Asistencia a ciudadanos en el extranjero"},"content":{"rendered":"<p><a title=\"Informativa sulla protezione delle persone fisiche con riguardo al trattamento dei dati personali\" href=\"https:\/\/consmardelplata.esteri.it\/consolato_mardeplata\/resource\/doc\/2023\/03\/informativa_privacy_tutti_gli_uffici.pdf\" target=\"_blank\" rel=\"noopener\">Informativa sulla protezione delle persone fisiche con riguardo al trattamento dei dati personali<\/a><\/p>\n<p>&nbsp;<\/p>\n<p>El Consulado interviene ayudando a los ciudadanos italianos residentes en esta circunscripci\u00f3n que se encuentren en reales condiciones de indigencia o que presentan situaciones de grave y extrema necesidad. La Oficina de Asistencia responde al n\u00famero 223 (15) 422 2109. Los turnos presenciales deber\u00e1n solicitarse telef\u00f3nicamente.<\/p>\n<p>La asistencia es prestada principalmete a trav\u00e9s de los siguientes intrumentos:<\/p>\n<p><strong>\u2022\u00a0Concesi\u00f3n de subsidios econ\u00f3micos:<\/strong><\/p>\n<p>Se trata del otorgamiento de sumas de dinero destinadas a hacer frente a las m\u00e1s imperiosas necesidades de orden material. Tales subsidios son correspondidos sobre la base de las disponibilidades de balance y no pueden representar en modo alguno una prestaci\u00f3n de car\u00e1cter continuado, obligatorio o del tipo pensi\u00f3n.<br \/>\nLos requisitos indispensables para ser beneficiario de un subsidio son:<br \/>\n&#8211; ser ciudadano italiano,<br \/>\n&#8211; encontrarse en estado de indigencia,<br \/>\n&#8211; encontrarse en una imprevista y grave situaci\u00f2n que justifique la concesi\u00f3n de un subsidio,<br \/>\n-tener actualizada la inscripci\u00f2n al AIRE<\/p>\n<p><strong>\u2022\u00a0Convenci\u00f3n m\u00e9dico-sanitaria:<br \/>\n<\/strong><br \/>\nA trav\u00e9s de las Convenciones estipuladas con id\u00f3neas instituciones, los ciudadanos italianos indigentes, residentes en\u00a0 nuestra Circunscripci\u00f3n que no posean nigun tipo de asistencia sanitaria,\u00a0 pueden hacer uso del beneficio de la asistencia m\u00e9dico-sanitaria.<br \/>\nLa Oficina de asistencia efectuar\u00e0\u00a0 la respectiva visita domiciliaria a efectos de constatar las condiciones socioecon\u00f3micas.<\/p>\n<p><strong>\u2022\u00a0Repatriaci\u00f3n definitiva a Italia:<br \/>\n<\/strong><br \/>\nLa repatriaci\u00f3n a cargo del Estado para conciudadanos residentes en el exterior podr\u00e1 ser efectuado s\u00f3lo a favor de personas indigentes, en general emigradas desde Italia desde hace muchos a\u00f1os, cuyas condiciones de vida sean extremadamente precarias y sin perspectivas de mejoramiento en el Pa\u00eds de residencia.<br \/>\nEl interesado deber\u00e1 proporcionar una declaraci\u00f3n de familiares dispuestos en acogerlo en Italia o dispuestos a asumir las responsabilidades conexas con el mantenimiento y la asistencia del repatriando a trav\u00e9s de una declaraci\u00f3n subscrita para tales fines ante el Comune o la Questura de residencia de los propios familiares.<br \/>\nTal declaraci\u00f3n es requisito imprescindible para obtener la repatriaci\u00f3n a cargo del Estado.<\/p>\n<p><strong>\u2022\u00a0Pr\u00e8stamos con promesa de devoluci\u00f2n:<br \/>\n<\/strong><br \/>\npara los ciudadanos italianos en tr\u00e0nsito &#8211; no residentes en esta circunscripci\u00f2n consular &#8211; quienes por imprevistos se encontraren en situaci\u00f2n ocasional y de urgente necesidad pueden efectuarse erogaciones de dinero (pr\u00e9stamos) hasta un tope m\u00e1ximo de Euros 260. (cambio al valor local). Para sumas superiores el Consulado deber\u00e1 solicitar la respectiva autorizaci\u00f2n al Ministerio de Asuntos Exteriores italiano.<br \/>\nSi el pr\u00e9stamo se solicita por haber sido v\u00edctima de robo el connacional deber\u00e1 presentar la respectiva denuncia realizada ante las autoridades policiales locales, la que se adjuntar\u00e1 al formulario de \u00abcompromiso de devoluci\u00f3n\u00bb que firmar\u00e0 el connacional delante de la autoridad consular, al Ministerio o a la \u00abQuestura\u00bb (Jefatura de Polic\u00eda) competente por territorio.<br \/>\nLa Oficina Consular antes de otorgar el pr\u00e8stamo constatar\u00e0 a trav\u00e9s de las respectivas autoridades policiales si los familiares residentes en Italia est\u00e1n dispuestos a intervenir a favor de sus pariente envi\u00e1ndoles la suma necesaria.<\/p>\n<p><strong>\u2022\u00a0Gastos funebres en el lugar:<br \/>\n<\/strong><br \/>\npuede otorgarse dicha asistencia bajo la forma de apoyo financiero a los familiares indigentes, residentes en el exterior. El Consulado proveer\u00e0 a reembolsar total o parcialmente los gastos f\u00fanebres producidos en el lugar, siempre que el connacional no tuviese familiares.<\/p>\n<p><strong>\u2022\u00a0Asistencia legal:<\/strong><br \/>\ntambi\u00e9n contemplada para los connacionales indigentes residentes en el exterior, siempre luego de la respectiva autorizaci\u00f3n por parte del Ministerio de Asuntos Exteriores italiano .<\/p>\n<p>* En su actividad el Consulado de Italia colabora con\u00a0\u201cl\u2019Ufficio Assistenza per Italiani\u201d (UIA),\u00a0dirigido por representantes de la colectividad italiana, que brinda un servicio de ayuda inmediata a los conacionales indigentes con bienes de primera necesidad y se\u00f1ala al Consulado los casos mas urgentes. Sede en calle Castelli 3932 \u2013 7600 Mar del Plata.<\/p>\n","protected":false},"excerpt":{"rendered":"Informativa sulla protezione delle persone fisiche con riguardo al trattamento dei dati personali &nbsp; El Consulado interviene ayudando a los ciudadanos italianos residentes en esta circunscripci\u00f3n que se encuentren en reales condiciones de indigencia o que presentan situaciones de grave y extrema necesidad. La Oficina de Asistencia responde al n\u00famero 223 (15) 422 2109. Los [&hellip;]","protected":false},"author":1,"featured_media":0,"parent":203,"menu_order":8,"comment_status":"closed","ping_status":"closed","template":"","meta":{"footnotes":""},"class_list":["post-210","page","type-page","status-publish","hentry"],"_links":{"self":[{"href":"https:\/\/consmardelplata.esteri.it\/es\/wp-json\/wp\/v2\/pages\/210","targetHints":{"allow":["GET"]}}],"collection":[{"href":"https:\/\/consmardelplata.esteri.it\/es\/wp-json\/wp\/v2\/pages"}],"about":[{"href":"https:\/\/consmardelplata.esteri.it\/es\/wp-json\/wp\/v2\/types\/page"}],"author":[{"embeddable":true,"href":"https:\/\/consmardelplata.esteri.it\/es\/wp-json\/wp\/v2\/users\/1"}],"replies":[{"embeddable":true,"href":"https:\/\/consmardelplata.esteri.it\/es\/wp-json\/wp\/v2\/comments?post=210"}],"version-history":[{"count":3,"href":"https:\/\/consmardelplata.esteri.it\/es\/wp-json\/wp\/v2\/pages\/210\/revisions"}],"predecessor-version":[{"id":4204,"href":"https:\/\/consmardelplata.esteri.it\/es\/wp-json\/wp\/v2\/pages\/210\/revisions\/4204"}],"up":[{"embeddable":true,"href":"https:\/\/consmardelplata.esteri.it\/es\/wp-json\/wp\/v2\/pages\/203"}],"wp:attachment":[{"href":"https:\/\/consmardelplata.esteri.it\/es\/wp-json\/wp\/v2\/media?parent=210"}],"curies":[{"name":"wp","href":"https:\/\/api.w.org\/{rel}","templated":true}]}}