{"id":215,"date":"2023-04-03T19:29:38","date_gmt":"2023-04-03T22:29:38","guid":{"rendered":"https:\/\/consmardelplata.esteri.it\/servizi-consolari-e-visti\/servizi-per-il-cittadino-italiano\/servizi-notarili\/"},"modified":"2023-09-27T11:21:34","modified_gmt":"2023-09-27T14:21:34","slug":"servizi-notarili","status":"publish","type":"page","link":"https:\/\/consmardelplata.esteri.it\/es\/servizi-consolari-e-visti\/servizi-per-il-cittadino-italiano\/servizi-notarili\/","title":{"rendered":"Servicios notariales"},"content":{"rendered":"<p><a title=\"Informativa sulla protezione delle persone fisiche con riguardo al trattamento dei dati personali\" href=\"https:\/\/consmardelplata.esteri.it\/consolato_mardeplata\/resource\/doc\/2023\/03\/informativa_privacy_tutti_gli_uffici.pdf\" target=\"_blank\" rel=\"noopener\">Informativa sulla protezione delle persone fisiche con riguardo al trattamento dei dati personali<\/a><\/p>\n<p>&nbsp;<\/p>\n<p><strong>La oficina recibe al p\u00fablico con turno: solicitarlo via mail a:\u00a0<a href=\"mailto:assistenza.mardelplata@esteri.it\">assistenza.mardelplata@esteri.it<\/a>\u00a0<\/strong><\/p>\n<p>Las personas que soliciten cualquier acta notarial (poderes, autorizaciones, certificaciones de firma, etc.) deben presentar un documento de identidad actualizado (DNI de no m\u00e1s de 10 a\u00f1os) y, en caso de no saber o no poder firmar, deben estar acompa\u00f1ados por dos testigos mayores de edad, que no sean familiares de los interesados.<\/p>\n<p>Los menores de 18 a\u00f1os y los incapaces deben ser representados por su tutor o curador legal.<\/p>\n<p><strong>&#8211; LEGALIZACI\u00d3N DE FIRMAS Y CONFORMIDAD DE TRADUCCI\u00d3N\/COPIAS<\/strong><\/p>\n<p>La legalizaci\u00f3n es un requisito esencial para que un documento extranjero pueda tener en Italia efecto legal.<br \/>\nPara los pa\u00edses que adhieren a la Convenci\u00f3n de La Haya del 5 de octubre de 1961, entre los cuales se encuentran Italia y Argentina, la legalizaci\u00f3n de las actas notariales, judiciales y de estado civil se omite en presencia de la Apostilla.<\/p>\n<p>Ya sea la legalizaci\u00f3n como la Apostilla consisten en la certificaci\u00f3n de la calificaci\u00f3n legal del oficial p\u00fablico (o funcionario) que firm\u00f3 el documento y la autenticidad de su sello.<\/p>\n<p>En Argentina, la Apostilla es aplicada por el Ministerio de Relaciones Exteriores y Culto y por el Colegio de Escribanos, en el caso espec\u00edfico para la legalizaci\u00f3n de la firma del traductor p\u00fablico efectuada por el funcionario del Colegio de Traductores competente. De esta forma los ciudadanos argentinos no deben dirigirse a los Consulados para la legalizaci\u00f3n de los documentos.<\/p>\n<p>En s\u00edntesis, la certificaci\u00f3n de conformidad de traducci\u00f3n de las actas puede ser reemplazada con la Apostilla del Haya aplicada por la Canciller\u00eda o por el Colegio de Escribanos competente sobre la firma del funcionario del Colegio de Traductores que certifica la inscripci\u00f3n del traductor en el Colegio (ser\u00eda una doble Apostilla).<\/p>\n<p>De esta forma el documento argentino ser\u00e1 reconocido con validez en Italia gracias a la Apostilla aplicada en el acta y luego sobre la legalizaci\u00f3n del colegio de traductores de la traducci\u00f3n efectuada por traductor p\u00fablico.<\/p>\n<p>&nbsp;<\/p>\n<p><strong>&#8211; ACTAS NOTARIALES<\/strong><\/p>\n<p><a href=\"http:\/\/www.esteri.it\/MAE\/IT\/Italiani_nel_Mondo\/ServiziConsolari\/AttiNotarili\/\">http:\/\/www.esteri.it\/MAE\/IT\/Italiani_nel_Mondo\/ServiziConsolari\/AttiNotarili\/<\/a><\/p>\n<p>Se trata de poderes redactados en idioma italiano para los cuales se requiere el conocimiento del idioma y la presencia f\u00edsica del declarante, identificado mediante un documento de identidad, en la oficinas del Consulado.<br \/>\nPara la preparaci\u00f3n del poder, dada la complejidad de la materia, se aconseja consultar previamente al abogado\/ escribano que deber\u00e1 recibir en Italia el poder emitido en la Oficina Consular, para obtener de estos profesionales los lineamientos generales acerca de eventuales espec\u00edficos contenidos que el poder deber\u00e1 indicar y obtener eventualmente de \u00e9stos un borrador.<\/p>\n<p>Una vez obtenido el turno ser\u00eda conveniente enviar (via mail en formato Word a\u00a0<a href=\"mailto:assistenza.mardelplata@esteri.it\">assistenza.mardelplata@esteri.it<\/a>\u00a0) el modelo de poder que deber\u00e1 ser redactado por la Oficina Notarial.<\/p>\n<p>Los datos que deber\u00e1n ser proporcionados por los interesados para la preparaci\u00f3n de los poderes, son los siguientes:<\/p>\n<ul>\n<li>Mandante (aquel que confiere el mandato\/poder): apellido y nombre, lugar y fecha de nacimiento, lugar de residencia (ciudad, calle\/plaza, numero), c\u00f3digo fiscal italiano;<\/li>\n<li>Mandatario (aquel que recibe el mandato\/poder): apellido y nombre, lugar y fecha de nacimiento, lugar de residencia (ciudad, calle\/plaza, n\u00famero), c\u00f3digo fiscal italiano;<\/li>\n<li>Objeto del acto.<\/li>\n<\/ul>\n<p>&nbsp;<\/p>\n<p><strong>&#8211; PODERES<\/strong><\/p>\n<p>Todos los poderes hechos en el Consulado tienen validez solo en Italia, excepto los poderes para cobro de haberes correspondientes a pensiones italianas pagadas en la Argentina.<\/p>\n<p>Para conocer los costos, consultar la <a href=\"https:\/\/consmardelplata.esteri.it\/es\/servizi-consolari-e-visti\/servizi-per-il-cittadino-italiano\/tarifa-consular\/\">Tarifa Consular<\/a>.<\/p>\n<p>1)\u00a0<strong>Poder General:<\/strong><br \/>\nFotocopia del documento del mandante (y, en caso fuese necesario, de los testigos);<br \/>\nDatos personales exactos del apoderado: nombre y apellido completos, lugar y fecha de nacimiento, direcci\u00f3n y, en lo posible, su n\u00famero de \u00abC\u00f3dice Fiscale\u00bb.<\/p>\n<p>2)\u00a0<strong>Poderes especiales ad hoc:<\/strong><br \/>\nLa misma documentaci\u00f3n mencionada en el punto 1. Es aconsejable presentar un modelo de poder, hecho en Italia por un escribano, en el que figuren los datos personales exactos del apoderado, el objeto exacto del poder (vender, liquidar una sucesi\u00f3n, etc.); en el caso de un inmueble, todos los datos del catastro que permitan su precisa identificaci\u00f3n,; y todas las facultades a otorgar, para que no se puedan objetar errores en los datos consignados o falta de poderes.<\/p>\n<p>2.a.:\u00a0<strong>Poder Especial para litigios:<\/strong><br \/>\npara juicios civiles en Italia, tiene validez para un solo juicio; en caso de haber m\u00e1s de un juicio pendiente se debe hacer un poder general para litigios (los datos solicitados son los mismos y se aplica la tarifa correspondiente a un poder general).<br \/>\nHay que especificar de qu\u00e9 juicio se trata, y presentar los datos personales y la direcci\u00f3n del estudio legal del abogado que debe representar y defender al interesado.<\/p>\n<p>2.b.:\u00a0<strong>Poder especial para vender bienes<\/strong>:<br \/>\ndescripci\u00f3n catastral del inmueble a vender; si se trata de un automotor: marca, modelo, chapa, chasis, etc.<\/p>\n<p>2.c.:\u00a0<strong>Poder especial para liquidar sucesi\u00f3n<\/strong>:<br \/>\nse puede o no otorgar la facultad de vender los bienes que componen el patrimonio hereditario. Especificar nombre, apellido, fecha y lugar de nacimiento y de defunci\u00f3n de la persona que era titular de los bienes que integran la sucesi\u00f3n.<\/p>\n<p>2.d.:\u00a0<strong>Poder especial para aceptar una donaci\u00f3n:<\/strong><br \/>\nadem\u00e1s de los datos del mandante (a favor del cual se efect\u00faa la donaci\u00f3n), del apoderado y la descripci\u00f3n catastral de la propiedad objeto de la donaci\u00f3n, hay que presentar los datos del donante (quien hace la donaci\u00f3n) y dos testigos mayores de edad, no familiares del mandante.<\/p>\n<p>Otros poderes especiales, certificaciones de firma en declaraciones personales, etc.: solicitar informaci\u00f3n a la Oficina notarial del Consulado.<\/p>\n<p>3)\u00a0<strong>Revocaciones de poderes (generales o especiales):<\/strong><br \/>\ncopia del poder a revocar; si fue hecho en este Consulado, indicar fecha y en lo posible el n\u00famero de registro.<\/p>\n<p>4)\u00a0<strong>Poderes para cobro de haberes jubilatorios, certificaciones de firma en declaraciones para solicitud de pensi\u00f3n<\/strong>: gratuitas. Dirigirse a la Oficina de pensiones de este Consulado.<\/p>\n<p>5)<strong>\u00a0Poderes hechos ante escribano argentino<\/strong>:<br \/>\nLos ciudadanos argentinos pueden dirigirse a un escribano argentino para realizar documentos an\u00e1logos a los indicados en los puntos 1\/4. Para que tengan validez en Italia, deben figurar los datos personales completos tanto del mandante como del apoderado: nombre y apellido, lugar (especificando ciudad y provincia) y fecha de nacimiento, direcci\u00f3n.<\/p>\n<p>Cuando el escribano entrega el poder, deben realizarse los siguientes pasos:<\/p>\n<ul>\n<li>Legalizar el documento con sello \u00abAPOSTILLE\u00bb del Ministerio de Relaciones Exteriores, Comercio Internacional y Culto (<a href=\"https:\/\/cancilleria.gob.ar\/\">https:\/\/cancilleria.gob.ar\/<\/a>)<\/li>\n<li>Traducirlo al italiano (controlar el listado de tradutores cuya firma se encuentra depositada en este Consulado)<\/li>\n<li>Legalizar en el Consulado la firma del traductor (costo: ver\u00a0<a href=\"https:\/\/consmardelplata.esteri.it\/es\/servizi-consolari-e-visti\/servizi-per-il-cittadino-italiano\/tarifa-consular\/\"><strong>Tarifa Consular<\/strong><\/a>).<\/li>\n<\/ul>\n<p>&nbsp;<\/p>\n<p><strong>&#8211; TESTAMENTOS<\/strong><\/p>\n<p>El\u00a0<strong>testamento p\u00fablico<\/strong>\u00a0es la declaraci\u00f3n oral de la voluntad del testador rendida ante el funcionario consular delegado para el ejercicio de las funciones notariales en presencia de dos testigos.<\/p>\n<p>El\u00a0<strong>testamento secreto<\/strong>, cuyo contenido por tanto permanece secreto, puede ser depositado ante el Consulado que se limita a recibir formalmente el acto y a depositarlo en sus archivos.<\/p>\n<p>El\u00a0<strong>testamento hol\u00f3grafo<\/strong>, debe estar escrito integralmente de pu\u00f1o del testador y puede ser depositado en cualquier lugar, inclusive en el Consulado y ante quien fuere.<\/p>\n<p>M\u00e1s informaciones:<br \/>\n<a href=\"http:\/\/www.esteri.it\/MAE\/IT\/Italiani_nel_Mondo\/ServiziConsolari\/AttiNotarili\/Testamento.htm\">http:\/\/www.esteri.it\/MAE\/IT\/Italiani_nel_Mondo\/ServiziConsolari\/AttiNotarili\/Testamento.htm<\/a><\/p>\n<p>&nbsp;<\/p>\n<p><strong>&#8211; CERTIFICACIONES<\/strong><\/p>\n<p><strong>Certificaci\u00f3n de firma<\/strong>: el funcionario p\u00fablico certificar\u00e1 la autenticidad de la firma puesta en su presencia. Para proceder a la certificaci\u00f3n de la firma es necesario solicitar turno ante la Oficina Notarial con un documento de identidad v\u00e1lido.<\/p>\n<p><strong>Autenticaci\u00f3n de fotograf\u00eda<\/strong>: es necesario solicitar turno ante la Oficina Notarial con tres fotograf\u00edas iguales y un documento de reconocimiento en curso de validez.<\/p>\n<p>M\u00e1s informaciones:<\/p>\n<p><a href=\"http:\/\/www.esteri.it\/MAE\/IT\/Italiani_nel_Mondo\/ServiziConsolari\/AttiNotarili\/Autenticazione.htm\">http:\/\/www.esteri.it\/MAE\/IT\/Italiani_nel_Mondo\/ServiziConsolari\/AttiNotarili\/Autenticazione.htm<\/a><\/p>\n","protected":false},"excerpt":{"rendered":"Informativa sulla protezione delle persone fisiche con riguardo al trattamento dei dati personali &nbsp; La oficina recibe al p\u00fablico con turno: solicitarlo via mail a:\u00a0assistenza.mardelplata@esteri.it\u00a0 Las personas que soliciten cualquier acta notarial (poderes, autorizaciones, certificaciones de firma, etc.) deben presentar un documento de identidad actualizado (DNI de no m\u00e1s de 10 a\u00f1os) y, en caso [&hellip;]","protected":false},"author":1,"featured_media":0,"parent":203,"menu_order":12,"comment_status":"closed","ping_status":"closed","template":"","meta":{"footnotes":""},"class_list":["post-215","page","type-page","status-publish","hentry"],"_links":{"self":[{"href":"https:\/\/consmardelplata.esteri.it\/es\/wp-json\/wp\/v2\/pages\/215","targetHints":{"allow":["GET"]}}],"collection":[{"href":"https:\/\/consmardelplata.esteri.it\/es\/wp-json\/wp\/v2\/pages"}],"about":[{"href":"https:\/\/consmardelplata.esteri.it\/es\/wp-json\/wp\/v2\/types\/page"}],"author":[{"embeddable":true,"href":"https:\/\/consmardelplata.esteri.it\/es\/wp-json\/wp\/v2\/users\/1"}],"replies":[{"embeddable":true,"href":"https:\/\/consmardelplata.esteri.it\/es\/wp-json\/wp\/v2\/comments?post=215"}],"version-history":[{"count":3,"href":"https:\/\/consmardelplata.esteri.it\/es\/wp-json\/wp\/v2\/pages\/215\/revisions"}],"predecessor-version":[{"id":1315,"href":"https:\/\/consmardelplata.esteri.it\/es\/wp-json\/wp\/v2\/pages\/215\/revisions\/1315"}],"up":[{"embeddable":true,"href":"https:\/\/consmardelplata.esteri.it\/es\/wp-json\/wp\/v2\/pages\/203"}],"wp:attachment":[{"href":"https:\/\/consmardelplata.esteri.it\/es\/wp-json\/wp\/v2\/media?parent=215"}],"curies":[{"name":"wp","href":"https:\/\/api.w.org\/{rel}","templated":true}]}}