{"id":216,"date":"2023-04-03T19:29:49","date_gmt":"2023-04-03T22:29:49","guid":{"rendered":"https:\/\/consmardelplata.esteri.it\/servizi-consolari-e-visti\/servizi-per-il-cittadino-italiano\/traduzione-e-legalizzazione-dei-documenti\/"},"modified":"2025-07-14T15:08:47","modified_gmt":"2025-07-14T18:08:47","slug":"traduzione-e-legalizzazione-dei-documenti","status":"publish","type":"page","link":"https:\/\/consmardelplata.esteri.it\/es\/servizi-consolari-e-visti\/servizi-per-il-cittadino-italiano\/traduzione-e-legalizzazione-dei-documenti\/","title":{"rendered":"Traducci\u00f3n y legalizaci\u00f3n de documentos"},"content":{"rendered":"<p><a title=\"Informativa sulla protezione delle persone fisiche con riguardo al trattamento dei dati personali\" href=\"https:\/\/consmardelplata.esteri.it\/consolato_mardeplata\/resource\/doc\/2023\/03\/informativa_privacy_tutti_gli_uffici.pdf\" target=\"_blank\" rel=\"noopener\">Informativa sulla protezione delle persone fisiche con riguardo al trattamento dei dati personali<\/a><\/p>\n<p>&nbsp;<\/p>\n<p><strong>La oficina recibe al p\u00fablico con turno: solicitarlo via e-mail a: <a href=\"mailto:assistenza.mardelplata@esteri.it\">assistenza.mardelplata@esteri.it<\/a>\u00a0<\/strong><\/p>\n<p>Las personas que soliciten cualquier acta notarial (poderes, autorizaciones, certificaciones de firma, etc.) deben presentar un <strong>documento de identidad actualizado (DNI de no m\u00e1s de 10 a\u00f1os<\/strong>) y, en caso de no saber o no poder firmar, deben estar acompa\u00f1ados por dos testigos mayores de edad, que no sean familiares de los interesados.<\/p>\n<p>Los menores de 18 a\u00f1os y los incapaces deben ser representados por su tutor o curador legal.<\/p>\n<p><strong>&#8211; LEGALIZACI\u00d3N DE FIRMAS Y CONFORMIDAD DE TRADUCCI\u00d3N\/COPIAS<\/strong><\/p>\n<p>La legalizaci\u00f3n es un requisito esencial para que un documento extranjero pueda tener en Italia efecto legal.<br \/>\nPara los pa\u00edses que adhieren a la Convenci\u00f3n de La Haya del 5 de octubre de 1961, entre los cuales se encuentran Italia y Argentina, la legalizaci\u00f3n de las actas notariales, judiciales y de estado civil se omite en presencia de la Apostilla.<\/p>\n<p>Ya sea la legalizaci\u00f3n como la Apostilla consisten en la certificaci\u00f3n de la calificaci\u00f3n legal del oficial p\u00fablico (o funcionario) que firm\u00f3 el documento y la autenticidad de su sello.<\/p>\n<p>En Argentina, la Apostilla es aplicada por el Ministerio de Relaciones Exteriores y Culto y por el Colegio de Escribanos, en el caso espec\u00edfico para la legalizaci\u00f3n de la firma del traductor p\u00fablico efectuada por el funcionario del Colegio de Traductores competente. De esta forma los ciudadanos argentinos no deben dirigirse a los Consulados para la legalizaci\u00f3n de los documentos.<\/p>\n<p>En s\u00edntesis, la certificaci\u00f3n de conformidad de traducci\u00f3n de las actas puede ser reemplazada con la Apostilla del Haya aplicada por la Canciller\u00eda o por el Colegio de Escribanos competente sobre la firma del funcionario del Colegio de Traductores que certifica la inscripci\u00f3n del traductor en el Colegio (ser\u00eda una doble Apostilla).<\/p>\n<p>De esta forma el documento argentino ser\u00e1 reconocido con validez en Italia gracias a la Apostilla aplicada en el acta y luego sobre la legalizaci\u00f3n del colegio de traductores de la traducci\u00f3n efectuada por traductor p\u00fablico.<\/p>\n<p>&nbsp;<\/p>\n<p><strong>LISTADO DE TRADUCTORES PUBLICOS CON FIRMA DEPOSITADA EN ESTE CONSULADO<\/strong><\/p>\n<p>El\u00a0 Consulado no se hace responsable de la conformidad de la traducci\u00f3n y se reserva el derecho de solicitar eventuales correcciones.<\/p>\n<p><strong>AROMOLO Maria Elena<br \/>\n<\/strong>Santiago del Estero 2151<br \/>\nTurnos\/Tel. (0223) 491-3735<br \/>\nde lunes a viernes de 10 a 12hs y de 17 a 19hs<br \/>\n<a href=\"mailto:linguastudio.traducciones@gmail.com\">linguastudio.traducciones@gmail.com<br \/>\n<\/a><a href=\"mailto:mariaelenaaromolo@yahoo.com.ar\">mariaelenaaromolo@yahoo.com.ar<\/a><\/p>\n<p><strong>CASTIGLIA Olivia<br \/>\n<\/strong>Tel.:011-4382\/1482 \u2013 Cell.:011-1565-429134<br \/>\n<a href=\"mailto:oliviacastiglia@yahoo.com.ar\">oliviacastiglia@yahoo.com.ar<\/a><\/p>\n<p><strong>LAMBERTI Giuseppa \u2013 CATENACCI Olimpia<br \/>\n<\/strong>Santa Fe 882 8vo A \u2013 (1059) CABA \u2013 Telefono: (011) 4314-2043 &#8211; Fax: (011) 4314-4435<br \/>\nMar del Plata: (0223) 495-6294<br \/>\nTandil: Celular +54 9 249 4428135<br \/>\n<a href=\"mailto:catenaccilamberti@traduzioni.com.ar\">catenaccilamberti@traduzioni.com.ar<\/a><\/p>\n<p><strong>PETRILLO DE YACOPINO Maria<br \/>\n<\/strong>Belgrano 2230 1ro. C \u2013 Mar del Plata<br \/>\nTe. 492-2022<br \/>\n<a href=\"mailto:escriban%C3%ADa@yacopino.com\">escriban\u00eda@yacopino.com<\/a><\/p>\n<p><strong>VENTURA Maria Laura<br \/>\n<\/strong>Asunci\u00f3n 4387 1ro. H \u2013 CABA<br \/>\nTel. 011-4505-2811<br \/>\n<a href=\"mailto:mlauraventura@hotmail.com\">mlauraventura@hotmail.com<\/a><\/p>\n<p><strong>GIRI Maria Victoria<br \/>\n<\/strong>Corrientes 2281 &#8211; Mar del Plata &#8211; 494-6341<br \/>\nAyacucho 664 3\u00b0C \u2013 CABA \u2013 Tel.011-33627527<br \/>\n<a href=\"mailto:mavictoria.giri@gmail.com\">mavictoria.giri@gmail.com<\/a><\/p>\n<p><strong>SPOLTORE Sofia<br \/>\n<\/strong>Av. Cordoba 904 &#8211; CABA &#8211; (011) 15-51415123<br \/>\n<a href=\"mailto:sofia.spoltore@gmail.com\">sofia.spoltore@gmail.com<br \/>\n<\/a><\/p>\n<p><strong>TURI Mariana Serena<br \/>\n<\/strong>Catamarca 80 &#8211; Martinez (Pcia de Bs. As) &#8211; Tel. 011-15-60190233<br \/>\n<a href=\"mailto:marinaturi@gmail.com\">marinaturi@gmail.com<\/a><\/p>\n<p><strong>DECET Maria Gabriela<br \/>\n<\/strong>Av. Maip\u00fa 2345 \u2013 Olivos (Pcia de Bs.As) Tel. 011-15- 66702172\/ 011-47093644<br \/>\n<a href=\"mailto:dymfantozzi@yahoo.com.ar\">dymfantozzi@yahoo.com.ar<br \/>\n<\/a><\/p>\n<p><strong>BERNOTTI Myriam Karina<br \/>\n<\/strong>Reconquista 538, 4\u00b0piso oficina 41 Cuerpo B entre Lavalle y Tucum\u00e1n &#8211; CABA<br \/>\nCel: 011-15- 50587158<br \/>\n<a href=\"mailto:estudio.bernotti@gmail.com\">estudio.bernotti@gmail.com<br \/>\n<\/a><\/p>\n<p><strong>LOUREIRO Lucila<br \/>\n<\/strong>Av. Gral. San Martin 542 \u2013 Ramos Mej\u00eda (1704) Pcia de Buenos Aires<br \/>\nTel.(011) 50542611 \u2013 (011)20966919<br \/>\n<a href=\"mailto:loureirolucia@gmail.com\">loureirolucia@gmail.com<br \/>\n<\/a><\/p>\n<p><strong>ROCA Mariano<br \/>\n<\/strong>Obispo San Alberto 2569 \u2013 CABA<br \/>\nTel. (011) 4572 3269 \u2013 cel. (011) 1558129704<br \/>\n<a href=\"mailto:mariano.roca99@gmail.com\">mariano.roca99@gmail.com<br \/>\n<\/a><\/p>\n<p><strong>BOTTERO Maria Rita<br \/>\n<\/strong>Cordoba 1882 Piso 8 Oficina 81 \u2013 Mar del Plata<br \/>\nTel: 223-15-4551969<br \/>\n<a href=\"mailto:lorbot@gmail.com\">lorbot@gmail.com<br \/>\n<\/a><\/p>\n<p><strong>RAFFO Maria Beatriz<br \/>\n<\/strong>Cordoba 1882 Piso 8 Oficina 81 \u2013 Mar del Plata<br \/>\nTel: 223-15-4551969<br \/>\n<a href=\"mailto:bearaffo@estudioraffo.com.ar\">bearaffo@estudioraffo.com.ar<br \/>\n<\/a><\/p>\n<p><strong>LEGUIZAMON Luis Antonio<br \/>\n<\/strong>Dr. E. Finochietto 480, Piso 2, Dpto. Q\u00a0CP -1143 \u2013 CABA<br \/>\nTel. Cel.:011-6-053-0152<br \/>\n<a href=\"mailto:Leguizamon.luis@yahoo.com\">Leguizamon.luis@yahoo.com<br \/>\n<\/a><\/p>\n<p><strong>VERSECKAS Analia Mariel<\/strong><br \/>\nAtenci\u00f3n en Quilmes y en La Plata<br \/>\nde lunes a viernes de 9 a 18 hs.<br \/>\nCelular: 1132667658<br \/>\n<a href=\"mailto:Amkas010@gmail.com\">Amkas010@gmail.com<\/a><\/p>\n<p><strong>IANNICCO Cinthia Lorena<\/strong><br \/>\n<a href=\"mailto:iannicco@hotmail.com\">iannicco@hotmail.com<\/a><\/p>\n<p><strong>FORESTA Angelica<\/strong><br \/>\nGorriti 2, Segundo Piso, Of.16<br \/>\nCP.1832 \u2013 Lomas de Zamora<br \/>\nHorario de atenci\u00f3n: lunes a viernes 10 a 13 y de 15 a 17 hs.<br \/>\nTel: 011 42432095<br \/>\n<a href=\"mailto:traduccionescapri@yahoo.com.ar\">traduccionescapri@yahoo.com.ar<\/a><\/p>\n<p><strong>DIMARCO CALELLO Carla Edith\u00a0<\/strong><br \/>\nHorario de atenci\u00f3n en\u00a0 Quilmes y Ranelagh (Pcia Bs.As): lunes &#8211; viernes de 14 a 20hs<br \/>\nCelular: +54 9 11 65949569<br \/>\nE-Mail:\u00a0<a href=\"mailto:traductoraitaliano@hotmail.com\">traductoraitaliano@hotmail.com<\/a><\/p>\n<p><strong>GOLIA Maria Laura<\/strong><br \/>\nMail:\u00a0<a href=\"mailto:info@traductordeitaliano.com.ar\">info@traductordeitaliano.com.ar<br \/>\n<\/a>Celular: +54 9 11 3163 6176 &#8211; Ufficio: 011 4619-1703\/ 011 3533-3194<br \/>\nAv. Directorio 3239 2\u00b0 D &#8211; C.A.P. 1406 \u2013 CABA<br \/>\nServicio de atenci\u00f3n telef\u00f3nica: martes y jueves de 9 a 11hs y de 13.30 a 16hs<\/p>\n<p><strong>ALJ Gabriela Teresa<\/strong><br \/>\nEstudio: Catriel 1800, Ramos Mejia (Buenos Aires)<br \/>\nHorario de atenci\u00f3n: Lunes a Viernes 9 a 12hs (solicitar cita previamente)<br \/>\nCelular: 011 36264928 &#8211; Email:\u00a0<a href=\"mailto:aljgabriela@gmail.com\">aljgabriela@gmail.com<\/a><\/p>\n<p><strong>PICCOLI Regina<br \/>\n<\/strong>Sargento Cabral 207 \u2013 Piso 6 \u2013Dpto 2 \u2013Ramos Mejia<br \/>\nHorario de atenci\u00f3n: lunes a jueves de 10 a 15hs<br \/>\nSolo con turno previo: comunicarse telef\u00f3nicamente o via WhatsApp<br \/>\nCelular: +54 11 15 5 758 8746<br \/>\n<a href=\"mailto:Regina.piccoli@rptraducciones.com.ar\">Regina.piccoli@rptraducciones.com.ar<\/a><\/p>\n<p><strong>SHEFFIELD Marilyn<br \/>\n<\/strong>Mendoza 366 (San Carlos de Bariloche)<br \/>\nR\u00f3mulo Na\u00f3n 2376 7 A (CABA)<br \/>\nHorario de atenci\u00f3n: lunes a viernes de 10 a 18hs<br \/>\nContatto: <a href=\"mailto:mstraducciones.italiano@gmail.com\">mstraducciones.italiano@gmail.com<\/a><\/p>\n<p><strong>CHAMORRO Laura Daniela<br \/>\n<\/strong>Zona de atenci\u00f3n: Lan\u00fas\/Mar del Plata<br \/>\nHorario de atenci\u00f3n: lunes a viernes de 9 a 18 hs<br \/>\nTelefono: (011) 63350830<br \/>\nEmail: <a href=\"mailto:italoar.traducciones@gmail.com\">italoar.traducciones@gmail.com<\/a><\/p>\n<p><strong>ROMAN Eleonora Beatriz<br \/>\n<\/strong>C\u00f3rdoba 1882 8\u00b0 Piso Uf.81 \u2013 Mar del Plata<br \/>\nHorario de atenci\u00f3n: lunes y mi\u00e9rcoles de 10:30 a 12:30hs<br \/>\nTelefono: +54 9 223 4 551969<\/p>\n<p><strong>CARRAZAN BUSCEMI Eliana Fernanda<br \/>\n<\/strong>Jos\u00e9 Mart\u00ed 727 2\u00b0D &#8211; CABA<br \/>\nAtenci\u00f3n al p\u00fablico: lunes a viernes de 8 a 16 hs<br \/>\nE-mail: <a href=\"mailto:quitraduzioni@gmail.com\">quitraduzioni@gmail.com<\/a><\/p>\n<p><strong>ELOQUENTE Romina Lucia<br \/>\n<\/strong>Aramburu 50, 1er Piso, timbre 2 &#8211; Martinez<br \/>\n(Partido de San Isidro \u2013 Buenos Aires)<br \/>\nHorario de atenci\u00f3n: lunes a viernes de 10 a 19hs, s\u00e1bado de 9 a 13hs.<br \/>\nE-mail: <a href=\"mailto:rle.traducciones@gmail.com\">rle.traducciones@gmail.com<\/a><\/p>\n<p><strong>CONTINANZIA Bibiana Zulema<br \/>\n<\/strong>20 de Septiembre 349 6B,\u00a01155 CABA<br \/>\nAtenci\u00f3n al p\u00fablico: lunes a viernes de 8 a 12 hs<br \/>\nE-mail: <a href=\"mailto:bzc.traducciones@gmail.com\">bzc.traducciones@gmail.com<\/a><br \/>\nTelefono: +54 11 029 5706<\/p>\n<p><strong>DELUCHI Perla Cristina<br \/>\n<\/strong>Atenci\u00f3n al p\u00fablico: lunes a viernes de 9 a 17 hs &#8211; s\u00e1bado 9 a 12hs<br \/>\nE-mail: <a href=\"mailto:pcdeluchi@gmail.com\">pcdeluchi@gmail.com<\/a><br \/>\nTelefono: +54 9 223 5356331<\/p>\n<p><strong>FRIAS Veronica Natalia<br \/>\n<\/strong>Atenci\u00f3n al p\u00fablico: lunes a viernes de 8 a 18 hs<br \/>\nE-mail: <a href=\"mailto:veronicafrias709@yahoo.com.ar\">veronicafrias709@yahoo.com.ar<\/a><br \/>\nTE: +54 9 2255 529531<\/p>\n<p><strong>MANETTA Gabriela Veronica<br \/>\n<\/strong>Santiago del Estero 3571 &#8211; Mar del Plata<br \/>\nAtenci\u00f3n al p\u00fablico: lunes a viernes de 9 a 13 hs<br \/>\nE-mail: <a href=\"mailto:ciudadaniamdq@gmail.com\">ciudadaniamdq@gmail.com<\/a><br \/>\nTE: +54 9 223 6803614<\/p>\n<p><strong>GOMEZ Angela Maria<br \/>\n<\/strong>Av. Libertad 6392 2\u00b0 piano &#8211; Mar del Plata<br \/>\nAtenci\u00f3n al p\u00fablico: lunes a viernes de 9:30 a 12 y de 16 a 19 hs &#8211; s\u00e1bado de 9:30 a 12 ore.<br \/>\nTelefono e WhatsApp: +54 9 223 4366207<br \/>\nE-mail: <a href=\"mailto:angiegmdp@hotmail.com\">angiegmdp@hotmail.com<\/a><\/p>\n<p><strong>TRAMONTANA Ana Claudia<br \/>\n<\/strong>20 de Septiembre 615 &#8211; Mar del Plata<br \/>\nAtenci\u00f3n al p\u00fablico: lunes a viernes de 9:30 a 12:30hs. Solicitar cita por e-mail.<br \/>\nE-mail: <a href=\"mailto:traduccionesclaudiatramontana@gmail.com\">traduccionesclaudiatramontana@gmail.com<\/a><\/p>\n<p><strong>RAGO Silvia Andrea<br \/>\n<\/strong>Santa Fe 2362 &#8211; Mar del Plata<br \/>\n3 de Febrero 2881 &#8211; CABA<br \/>\nAtenci\u00f3n al p\u00fablico: lunes a viernes de 8:00 a 18:00hs<br \/>\nS\u00f3lo con cita previa. Contactarse telefonicamente o por whatsapp.<br \/>\nTE e WhatsApp: +54 9 11 5120 5470<br \/>\nE-mail: <a href=\"mailto:srago@intertrad.com.ar\">srago@intertrad.com.ar<\/a><\/p>\n<p><strong>ZINGARO Anabela<br \/>\n<\/strong>Sol\u00eds 6070 &#8211; Mar del Plata<br \/>\nTE: + 54 223 4238077<br \/>\nE-mail: <a href=\"mailto:estudiotraducciones.ita@yahoo.com\">estudiotraducciones.ita@yahoo.com<\/a><\/p>\n<p><strong>MUSMECI M\u00f3nica Patricia<br \/>\n<\/strong>Atenci\u00f3n al p\u00fablico: lunes a viernes de 10 a 14hs<br \/>\nS\u00f3lo con cita previa. Contactarse telefonicamente o por whatsapp.<br \/>\nTE e WhatsApp: +54 2234 558065<br \/>\nMail: <a href=\"mailto:monicamusmeci@yahoo.es\">monicamusmeci@yahoo.es<\/a><\/p>\n<p><strong>MANZO Lorena Mariela<br \/>\n<\/strong>Atenci\u00f3n al p\u00fablico: lunes a jueves de 14:00 a 18:00. Viernes de 08:00 a 15:00<br \/>\nS\u00f3lo con cita previa. Contactarse telefonicamente o por whatsapp.<br \/>\nCelular: +54 223 6032163<br \/>\nMail: <a href=\"mailto:monicamusmeci@yahoo.es\">manzolorena@hotmail.com<\/a><\/p>\n<p><strong>JAUREGUIBEHERE Maria Marcela<br \/>\n<\/strong>Atenci\u00f3n al p\u00fablico: lunes a viernes de 09:00 a 12:00<br \/>\nBernardo de Irigoyen 119, Tres Arroyos (Bs. As.)<br \/>\nCelular: +54 2983 618224<br \/>\nMail: <a href=\"mailto:marcelajau2009@hotmail.com\">marcelajau2009@hotmail.com<\/a><\/p>\n<p><strong>MART\u00cdNEZ Jazm\u00edn Ail\u00edn<br \/>\n<\/strong>Atenci\u00f3n al p\u00fablico: lunes a viernes de 09:00 a 17:00<br \/>\nLa Plata (Bs. As.)<br \/>\nCelular: +54 9 221 6270804<br \/>\nMail: <a href=\"mailto:jazminmartineztpn@gmail.com\">jazminmartineztpn@gmail.com<\/a><\/p>\n<p><strong>VEL\u00c1ZQUEZ Romina Elena<br \/>\n<\/strong>Atenci\u00f3n al p\u00fablico: lunes a viernes de 08:00 a 18:00<br \/>\nReinalda Rodriguez 4322 2C, Ciudad Evita<br \/>\nCelular: +54 911 62697956<br \/>\nMail: <a href=\"mailto:velazquez.romina@gmail.com\">velazquez.romina@gmail.com<\/a><\/p>\n","protected":false},"excerpt":{"rendered":"Informativa sulla protezione delle persone fisiche con riguardo al trattamento dei dati personali &nbsp; La oficina recibe al p\u00fablico con turno: solicitarlo via e-mail a: assistenza.mardelplata@esteri.it\u00a0 Las personas que soliciten cualquier acta notarial (poderes, autorizaciones, certificaciones de firma, etc.) deben presentar un documento de identidad actualizado (DNI de no m\u00e1s de 10 a\u00f1os) y, en [&hellip;]","protected":false},"author":1,"featured_media":0,"parent":203,"menu_order":14,"comment_status":"closed","ping_status":"closed","template":"","meta":{"footnotes":""},"class_list":["post-216","page","type-page","status-publish","hentry"],"_links":{"self":[{"href":"https:\/\/consmardelplata.esteri.it\/es\/wp-json\/wp\/v2\/pages\/216","targetHints":{"allow":["GET"]}}],"collection":[{"href":"https:\/\/consmardelplata.esteri.it\/es\/wp-json\/wp\/v2\/pages"}],"about":[{"href":"https:\/\/consmardelplata.esteri.it\/es\/wp-json\/wp\/v2\/types\/page"}],"author":[{"embeddable":true,"href":"https:\/\/consmardelplata.esteri.it\/es\/wp-json\/wp\/v2\/users\/1"}],"replies":[{"embeddable":true,"href":"https:\/\/consmardelplata.esteri.it\/es\/wp-json\/wp\/v2\/comments?post=216"}],"version-history":[{"count":7,"href":"https:\/\/consmardelplata.esteri.it\/es\/wp-json\/wp\/v2\/pages\/216\/revisions"}],"predecessor-version":[{"id":4147,"href":"https:\/\/consmardelplata.esteri.it\/es\/wp-json\/wp\/v2\/pages\/216\/revisions\/4147"}],"up":[{"embeddable":true,"href":"https:\/\/consmardelplata.esteri.it\/es\/wp-json\/wp\/v2\/pages\/203"}],"wp:attachment":[{"href":"https:\/\/consmardelplata.esteri.it\/es\/wp-json\/wp\/v2\/media?parent=216"}],"curies":[{"name":"wp","href":"https:\/\/api.w.org\/{rel}","templated":true}]}}