{"id":218,"date":"2023-04-03T19:30:10","date_gmt":"2023-04-03T22:30:10","guid":{"rendered":"https:\/\/consmardelplata.esteri.it\/servizi-consolari-e-visti\/servizi-per-il-cittadino-italiano\/codice-fiscale\/"},"modified":"2026-02-17T10:09:55","modified_gmt":"2026-02-17T13:09:55","slug":"codice-fiscale","status":"publish","type":"page","link":"https:\/\/consmardelplata.esteri.it\/es\/servizi-consolari-e-visti\/servizi-per-il-cittadino-italiano\/codice-fiscale\/","title":{"rendered":"Codice Fiscale"},"content":{"rendered":"<p><strong>CIUDADANOS ITALIANOS<\/strong><\/p>\n<p>Los ciudadanos italianos mayores de edad inscriptos en AIRE pueden\u00a0<strong>solicitar el\u00a0<em>codice fiscale<\/em>\u00a0<\/strong>para s\u00ed mismos y para sus hijos menores a trav\u00e9s del portal telem\u00e1tico\u00a0<a href=\"https:\/\/serviziconsolari.esteri.it\/ScoFE\/index.sco\"><strong>Fast-It<\/strong><\/a>, ingresando al servicio correspondiente y siguiendo las instrucciones indicadas. A trav\u00e9s del portal\u00a0<strong><a href=\"https:\/\/serviziconsolari.esteri.it\/ScoFE\/index.sco\">Fast-It<\/a><\/strong>\u00a0tambi\u00e9n ser\u00e1 posible descargar el certificado de atribuci\u00f3n del\u00a0<em>codice fiscale<\/em>\u00a0una vez que el tr\u00e1mite haya sido completado.<\/p>\n<p><strong>\u00bfC\u00f3mo hacerlo?<\/strong><\/p>\n<ol>\n<li>Accede al portal<strong><a href=\"https:\/\/serviziconsolari.esteri.it\/ScoFE\/index.sco\">Fast-It<\/a><\/strong>.<\/li>\n<li>Haz clic en \u201cAnagrafe Consolare e AIRE\u201d y luego en \u201cAttribuzione Codice Fiscale\u201d.<\/li>\n<li>Confirma los datos y realiza la solicitud.<\/li>\n<li>Una vez que la solicitud haya sido procesada por el Consulado, podr\u00e1s descargar el certificado de atribuci\u00f3n del\u00a0<em>codice fiscale <\/em>de forma aut\u00f3noma.<\/li>\n<\/ol>\n<p>Los ciudadanos mayores de edad inscritos en AIRE que ya tienen el\u00a0<em>codice fiscale<\/em>\u00a0pueden<strong>\u00a0descargar directamente el certificado de atribuci\u00f3n del\u00a0<em>codice fiscale<\/em><\/strong>\u00a0a trav\u00e9s del portal telem\u00e1tico\u00a0<strong><a href=\"https:\/\/serviziconsolari.esteri.it\/ScoFE\/index.sco\">Fast-It<\/a><\/strong>, accediendo al servicio correspondiente y siguiendo las instrucciones indicadas para solicitar el\u00a0<em>codice fiscale<\/em>.<\/p>\n<p><strong>Solicitud de<\/strong><em> <strong>codice fiscale<\/strong><\/em><strong><em> &#8211;<\/em><\/strong>\u00a0<strong> CIUDADANOS EXTRANJEROS NO COMUNITARIOS<\/strong><\/p>\n<p>*El ciudadano extranjero que desee residir en Italia deber\u00e1 solicitar el <strong><em>codice fiscale<\/em><\/strong>\u00a0en:<\/p>\n<p>-Sportello unico per l\u2019immigrazione: en el caso de permisos de residencia laboral o por reagrupaci\u00f3n familiar<\/p>\n<p>-Questura: otros tipos de permiso de residencia<\/p>\n<p>*Para llevar adelante un proceso judicial, podr\u00e1 delegar al abogado la solicitud del <em>codice fiscale<\/em>\u00a0 ante cualquier oficina de la <em>AGENZIA DELLE ENTRATE <\/em><a href=\"http:\/\/www.agenziaentrate.it\">www.agenziaentrate.it<\/a><\/p>\n<p>&nbsp;<\/p>\n<p>El ciudadano extranjero no residente en Italia debe\u00a0<strong>delegar<\/strong>\u00a0expresamente a un representante para presentar el formulario de solicitud del\u00a0<em>codice fiscale<\/em>\u00a0directamente en las oficinas de la\u00a0<em>Agenzia delle Entrate<\/em>\u00a0en Italia, de acuerdo con el art\u00edculo 1 del Decreto Ministerial n. 281 del 17 de mayo de 2001.<\/p>\n<p>Las direcciones de las oficinas de la\u00a0<em>Agenzia delle Entrate<\/em>\u00a0est\u00e1n disponibles en el sitio web:\u00a0<a href=\"http:\/\/www.agenziaentrate.it\/\">www.agenziaentrate.it<\/a>.<\/p>\n<p><strong>UNICAMENTE\u00a0<\/strong>en el caso que el tr\u00e1mite para el que se requiera el <em>codice fiscale<\/em>\u00a0sea\u00a0<strong>online y\/o<\/strong> <strong>que el extranjero no pueda delegar a un representante para la solicitud en la\u00a0<em>Agenzia delle Entrate<\/em><\/strong>, se podr\u00e1 solicitar a este Consulado indicando <strong>espec\u00edficamente<\/strong> el motivo, adjuntando a tal fin documentaci\u00f3n pertinente y siguiendo las siguientes instrucciones:<\/p>\n<ul>\n<li>Descargar el\u00a0<strong>Formulario de solicitud \u201cAA4\/8\u201d<\/strong>, desde la p\u00e1gina web de la\u00a0<em>Agenzia delle Entrate<\/em>, consultando el siguiente link:\u00a0<a href=\"https:\/\/www.agenziaentrate.gov.it\/portale\/documents\/20143\/278893\/modello+editabile+AA4_8_AA4-8+ita.pdf\/e614eda6-701e-c62f-76e5-bdfcd731060a?t=1512133907266\">https:\/\/www.agenziaentrate.gov.it\/portale\/documents\/20143\/278893\/modello+editabile+AA4_8_AA4-8+ita.pdf\/e614eda6-701e-c62f-76e5-bdfcd731060a?t=1512133907266<\/a><\/li>\n<li>Completar el Formulario\u00a0<strong>en su totalidad<\/strong>, siguiendo atentamente los pasos detallados en el\u00a0<a href=\"https:\/\/www.agenziaentrate.gov.it\/portale\/documents\/20143\/279029\/Instrucciones+para+su+cumplimentacion_AA4_8_istruzioni_SPA.pdf\/6d60420e-7f2a-fe6b-2b09-8226e4dd3202?t=1373565294024\">instructivo<\/a>\u00a0disponible (en varios idiomas), en el antes mencionado sitio web.<\/li>\n<li><strong>Imprimir y suscribir el formulario con firma ol\u00f3grafa<\/strong>\u00a0(no se aceptan firmas \u201cdigitales\u201d).<\/li>\n<li>Escanearlo y enviarlo, junto con una copia (frente y dorso) del\u00a0<strong>documento de identidad argentino (DNI) vigente, con domicilio actualizado<\/strong>, en un \u00fanico e-mail y en formato .PDF, a la direcci\u00f3n de correo electr\u00f3nico:\u00a0<a href=\"mailto:assistenza.mardelplata@esteri.it\">assistenza.mardelplata@esteri.it<\/a><\/li>\n<\/ul>\n<p>Cabe aclarar que \u00fanicamente ser\u00e1 expedida\u00a0<u>la copia digital del certificado<\/u>\u00a0de asignaci\u00f3n de\u00a0<em>codice fiscale<\/em>\u00a0(no la credencial f\u00edsica), la cual ser\u00e1 enviada al solicitante por e-mail.<\/p>\n<p>La solicitud debe ser enviada por el directo interesado\u00a0<strong>desde su<\/strong>\u00a0<strong>casilla de correo electr\u00f3nico personal<\/strong>.<\/p>\n<p>Antes de enviar el Formulario \u201cAA4\/8\u201d, se ruega\u00a0<strong>leer atentamente el\u00a0<\/strong><a href=\"https:\/\/www.agenziaentrate.gov.it\/portale\/documents\/20143\/279029\/Instrucciones+para+su+cumplimentacion_AA4_8_istruzioni_SPA.pdf\/6d60420e-7f2a-fe6b-2b09-8226e4dd3202?t=1373565294024\"><strong>instructivo<\/strong><\/a><strong>\u00a0disponible en la p\u00e1gina web de la\u00a0<em>Agenzia delle Entrate<\/em><\/strong><em>,<\/em>\u00a0ya que eventuales solicitudes presentadas de manera incompleta, que carezcan de los documentos necesarios o no se encuentren firmadas por el solicitante (con firma ol\u00f3grafa), ser\u00e1n rechazadas.<\/p>\n<p>Finalmente se ruega\u00a0<strong>evitar\u00a0reiterar el pedido<\/strong>, ya que el mismo ser\u00e1 procesado a la brevedad posible. Cabe aclarar adem\u00e1s que eventuales solicitudes enviadas a otras Oficinas de este Consulado no ser\u00e1n consideradas v\u00e1lidas.<\/p>\n<p><strong>IMPORTANTE<\/strong><\/p>\n<p>El solicitante debe controlar los datos personales en el certificado de\u00a0<em>codice fiscale<\/em>\u00a0que recibir\u00e1 por e-mail\u00a0<strong>dentro de las 48 horas desde su emisi\u00f3n<\/strong>, transcurrido dicho plazo, el Consulado no puede realizar correcciones.<\/p>\n<p>Se recuerda que las solicitudes de\u00a0<em>codice fiscale<\/em>\u00a0pueden ser presentadas \u00fanicamente por personas que residen en la presente circunscripci\u00f3n consular. Por lo tanto, la Oficina se reserva el derecho de solicitar documentaci\u00f3n adicional a los fines de verificar el domicilio real del interesado.<\/p>\n<p><strong><em>\u00a0<\/em><\/strong><\/p>\n<p><strong><em>Para descargar los archivos .PDF con el Formulario \u201cAA4\/8\u201d y las Instrucciones para completarlo, consultar los siguientes links:<\/em><\/strong><\/p>\n<p><strong><em>Italiano<\/em><\/strong><\/p>\n<p><a href=\"https:\/\/www.agenziaentrate.gov.it\/portale\/codice-fiscale-e-tessera-sanitaria\/modello-e-istruzioni\">https:\/\/www.agenziaentrate.gov.it\/portale\/codice-fiscale-e-tessera-sanitaria\/modello-e-istruzioni<\/a><\/p>\n<p><strong><em>Espa\u00f1ol<\/em><\/strong><\/p>\n<p><a href=\"https:\/\/www.agenziaentrate.gov.it\/portale\/m%C3%B2dulos-versione-in-spagnolo-\">https:\/\/www.agenziaentrate.gov.it\/portale\/m%C3%B2dulos-versione-in-spagnolo-<\/a><\/p>\n<p>&nbsp;<\/p>\n<p><strong><u>Para m\u00e1s informaci\u00f3n sobre la solicitud de\u00a0<\/u><\/strong><em><strong><u>codice fiscale<\/u><\/strong><\/em><strong><u>, hacer clic <a href=\"https:\/\/consmardelplata.esteri.it\/wp-content\/uploads\/2025\/03\/Link-codice-fiscale_ESP.pdf\">AQU\u00cd<\/a><\/u><\/strong><\/p>\n","protected":false},"excerpt":{"rendered":"CIUDADANOS ITALIANOS Los ciudadanos italianos mayores de edad inscriptos en AIRE pueden\u00a0solicitar el\u00a0codice fiscale\u00a0para s\u00ed mismos y para sus hijos menores a trav\u00e9s del portal telem\u00e1tico\u00a0Fast-It, ingresando al servicio correspondiente y siguiendo las instrucciones indicadas. A trav\u00e9s del portal\u00a0Fast-It\u00a0tambi\u00e9n ser\u00e1 posible descargar el certificado de atribuci\u00f3n del\u00a0codice fiscale\u00a0una vez que el tr\u00e1mite haya sido completado. [&hellip;]","protected":false},"author":1,"featured_media":0,"parent":203,"menu_order":18,"comment_status":"closed","ping_status":"closed","template":"","meta":{"footnotes":""},"class_list":["post-218","page","type-page","status-publish","hentry"],"_links":{"self":[{"href":"https:\/\/consmardelplata.esteri.it\/es\/wp-json\/wp\/v2\/pages\/218","targetHints":{"allow":["GET"]}}],"collection":[{"href":"https:\/\/consmardelplata.esteri.it\/es\/wp-json\/wp\/v2\/pages"}],"about":[{"href":"https:\/\/consmardelplata.esteri.it\/es\/wp-json\/wp\/v2\/types\/page"}],"author":[{"embeddable":true,"href":"https:\/\/consmardelplata.esteri.it\/es\/wp-json\/wp\/v2\/users\/1"}],"replies":[{"embeddable":true,"href":"https:\/\/consmardelplata.esteri.it\/es\/wp-json\/wp\/v2\/comments?post=218"}],"version-history":[{"count":6,"href":"https:\/\/consmardelplata.esteri.it\/es\/wp-json\/wp\/v2\/pages\/218\/revisions"}],"predecessor-version":[{"id":4745,"href":"https:\/\/consmardelplata.esteri.it\/es\/wp-json\/wp\/v2\/pages\/218\/revisions\/4745"}],"up":[{"embeddable":true,"href":"https:\/\/consmardelplata.esteri.it\/es\/wp-json\/wp\/v2\/pages\/203"}],"wp:attachment":[{"href":"https:\/\/consmardelplata.esteri.it\/es\/wp-json\/wp\/v2\/media?parent=218"}],"curies":[{"name":"wp","href":"https:\/\/api.w.org\/{rel}","templated":true}]}}