{"id":224,"date":"2023-04-03T19:30:19","date_gmt":"2023-04-03T22:30:19","guid":{"rendered":"https:\/\/consmardelplata.esteri.it\/servizi-consolari-e-visti\/servizi-per-il-cittadino-italiano\/pensioni-e-sicurezza-sociale\/"},"modified":"2023-06-07T15:32:58","modified_gmt":"2023-06-07T18:32:58","slug":"pensioni-e-sicurezza-sociale","status":"publish","type":"page","link":"https:\/\/consmardelplata.esteri.it\/es\/servizi-consolari-e-visti\/servizi-per-il-cittadino-italiano\/pensioni-e-sicurezza-sociale\/","title":{"rendered":"Pensiones y seguridad social"},"content":{"rendered":"<div class=\"row\">\n<div class=\"col-lg-8\"><\/div>\n<\/div>\n<article id=\"post-93\" class=\"post-93 page type-page status-publish hentry\">\n<header class=\"entry-header\">\n<h1 class=\"entry-title h3\"><a style=\"font-size: 16px;\" title=\"Informativa sulla protezione delle persone fisiche con riguardo al trattamento dei dati personali\" href=\"https:\/\/consmardelplata.esteri.it\/wp-content\/uploads\/2023\/05\/informativa_privacy_tutti_gli_uffici.pdf\" target=\"_blank\" rel=\"noopener\">Informativa sulla protezione delle persone fisiche con riguardo al trattamento dei dati personali<\/a><\/h1>\n<\/header>\n<div class=\"entry-content\">\n<p><strong>INFORMACION GENERAL<\/strong><\/p>\n<p><strong>La oficina atiende al p\u00f9blico los d\u00ecas Lunes, Mi\u00e8rcoles y Jueves de 8.30 a 11.30 hs.<\/strong><\/p>\n<p><strong>Para el inicio de los tr\u00e1mites de jubilaciones en Convenio italo-argentino y para informaciones sobre pensiones en general, los interesados deber\u00e1n dirigirse a los Patronatos de asistencia de esta circunscripci\u00f3n Consular:<\/strong><\/p>\n<p>&nbsp;<\/p>\n<p><strong>ACLI<\/strong><\/p>\n<p>Mar del Plata:\u00a0calle Gasc\u00f2n 2206 \u2013 Tel. (0023) 4954337<br \/>\nEmail:\u00a0<a href=\"mailto:mardelplata@patronato.acli.it\">mardelplata@patronato.acli.it<\/a><br \/>\nRicezione pubblico: dal luned\u00ec al venerd\u00ec dalle ore 8,00 alle ore 14,00.<\/p>\n<p>Balcarce: contattare Ufficio Mar del Plata\u00a0<a href=\"mailto:mardelplata@patronato.acli.it\">mardelplata@patronato.acli.it<\/a><\/p>\n<p>Villa Gesell, Partido de la Costa e Santa Teresita: contattare Ufficio Mar del Plata\u00a0<a href=\"mailto:mardelplata@patronato.acli.it\">mardelplata@patronato.acli.it<\/a><\/p>\n<p>Tandil: contattare Ufficio Mar del Plata\u00a0<a href=\"mailto:mardelplata@patronato.acli.it\">mardelplata@patronato.acli.it<\/a><\/p>\n<p><strong>INAS<\/strong><\/p>\n<p>Mar del Plata:<\/p>\n<p>TRIUNVIRATO 269 PORTONE\u00a0 \u2013 Tel. (0223) 489-9448 \u2013 Fax (0223) 489-0481<br \/>\nEmail:\u00a0<a href=\"mailto:mardelplata@inas.it\">mardelplata@inas.it<\/a><\/p>\n<p>Orario apertura da luned\u00ec\u00a0 a venerd\u00ec\u00a0 dalle 9 alle 15.<\/p>\n<p><strong>Ricezione pubblico:<\/strong><\/p>\n<p><strong><br \/>\n<\/strong>TRIUNVIRATO 269 PORTONE: dal luned\u00ec al gioved\u00ec dalle ore 10,00 alle ore 13,00\u00a0 (senza turno previo) e dalle 13 alle 15 (con turno previo); venerd\u00ec dalle ore 10 a 13 (solo con turno previo).<\/p>\n<p>Sociedad Italiana de Socorros Mutuos J. Garibaldi y XX de Septiembre Unidas\u00a0(calle Hip\u00f2lito Irigoyen 1961\/65- Mar del Plata): marted\u00ec dalle 8.30 alle 10.30 (senza turno).<\/p>\n<p>Miramar: Asociaci\u00f2n Mutual Cultural \u201cJoven Italia \u2013 C\u00ecrculo Italiano\u201d calle 24 N. 1214, ultimo gioved\u00ec di ogni mese dalle ore 10,00 alle ore 12,00.<\/p>\n<p>Necochea: Sociedad Italo \u2013 Argentina de Socorros Mutuos C. Y R. de Necochea.<\/p>\n<p><strong>INCA<\/strong><\/p>\n<p>Mar del Plata: Calle Brown 2560 \u2013 Tel. (0223) 493-2959<br \/>\nEmail:\u00a0<a href=\"mailto:mardelplata.argentina@inca.it\">mardelplata.argentina@inca.it<\/a><br \/>\nRicezione pubblico: dal luned\u00ec al venerd\u00ec dalle ore 8,30 alle ore 13,00<\/p>\n<p>El procedimiento tendiente a completar los tr\u00e1mites de jubilaciones en Convenci\u00f3n Italo-argentina deben efectuarse a trav\u00e9s de los Consulados o Entes de Patronato reconocidos por la Administraci\u00f3n Italiana, no siendo aconsejable ni necesario la intervenci\u00f3n de abogados o gestores, lo cual resulta oneroso y no reduce los tiempos para la obtenci\u00f3n del beneficio.<\/p>\n<p><strong>TRAMITES MAS SIGNIFICATIVOS DE COMPETENCIA DE LA OFICINA:<\/strong><\/p>\n<p>Poderes para el cobro del beneficio (a presentar en el Banco de la circunscrici\u00f3n consular que efect\u00fae el pago):<\/p>\n<p>\u2013 Para las jubilaciones I.N.P.S. el titular debe presentarse con un documento de identidad vigente, el ultimo aviso de pago y el documento del apoderado; todo en original y fotocopia.<\/p>\n<p>\u2013 Para las jubilaciones del Mintesoro deber\u00e1 concurrir tambien el apoderado para firmar una declaraci\u00f3n de responsabilidad;<\/p>\n<p>\u2013 Si el titular no puede concurrir personalmente al Consulado, presentar certificado medico que indique que el interesado no puede deambular y que es capaz de entender y disponer.<\/p>\n<p>\u2013 Si el titular no puede o no sabe firmar, presentar fotocopia de los documentos de dos testigos mayores de edad y no familiares del titular, quienes luego deberan firmar el poder.<\/p>\n<p>Certificados de supervivencia requeridos por el INPS; Mintesoro; INAIL; Emisi\u00f3n de certificados de domicilio para uso previdencial. Autenticaci\u00f3n de fotocopias (de matriculas militares, documentos de trabajo, documentaciones del INPS, etc.). Las mismas deben ser legibles y obviamente id\u00e9nticas al original; Autenticaciones de firmas de declaraciones juradas, recursos, poderes varios; Provisi\u00f3n del \u201ccodice fiscale\u201d requerido por autoridades italianas.<\/p>\n<p><strong>OTROS TRAMITES PREVISIONALES QUE TRAMITAN LOS PATRONATOS ANTES MENCIONADOS:<br \/>\n<\/strong><br \/>\nTr\u00e1mites relacionados a jubilaciones en r\u00e9gimen aut\u00f3nomo italiano del INPS -categorias VO (vejez); SO (pensi\u00f2n); IO (invalidez). Por la documentaci\u00f2n requerida consultar en la Oficina;<\/p>\n<p>Transferencias para el cobro de beneficios desde Italia en Argentina, reclamos para la definici\u00f3n de tr\u00e1mites, pagos de beneficios, mensajes varios.<br \/>\nPara las prestaciones del INPS los Patronatos pueden consultar por computadora la base de datos de los archivos de las solicitudes en tr\u00e1mite y aquellos de los titlares de beneficio y enviar mensajes requiriendo en qu\u00e8 fase se encuentran; detracciones en el impuesto \u201cIRPEF\u201d, asistencia para la completaci\u00f3n de formularios de r\u00e9ditos requeridos por las autoridades solicitud suplemento art.6 legge 140\/85 (ex-combatientes), y \u201cmaggiorazione sociale\u201d.Solicitud de asignaciones familiares (aplicable solo para los beneficios VO; IO; SO y aquellas en r\u00e9gimen en convenci\u00f3n no titulares de beneficio previsional en Argentina),<br \/>\nSolicitud de cuotas debidas y no cobradas por el titular del beneficio.<\/p>\n<\/div>\n<\/article>\n","protected":false},"excerpt":{"rendered":"Informativa sulla protezione delle persone fisiche con riguardo al trattamento dei dati personali INFORMACION GENERAL La oficina atiende al p\u00f9blico los d\u00ecas Lunes, Mi\u00e8rcoles y Jueves de 8.30 a 11.30 hs. Para el inicio de los tr\u00e1mites de jubilaciones en Convenio italo-argentino y para informaciones sobre pensiones en general, los interesados deber\u00e1n dirigirse a los [&hellip;]","protected":false},"author":1,"featured_media":0,"parent":203,"menu_order":20,"comment_status":"closed","ping_status":"closed","template":"","meta":{"footnotes":""},"class_list":["post-224","page","type-page","status-publish","hentry"],"_links":{"self":[{"href":"https:\/\/consmardelplata.esteri.it\/es\/wp-json\/wp\/v2\/pages\/224","targetHints":{"allow":["GET"]}}],"collection":[{"href":"https:\/\/consmardelplata.esteri.it\/es\/wp-json\/wp\/v2\/pages"}],"about":[{"href":"https:\/\/consmardelplata.esteri.it\/es\/wp-json\/wp\/v2\/types\/page"}],"author":[{"embeddable":true,"href":"https:\/\/consmardelplata.esteri.it\/es\/wp-json\/wp\/v2\/users\/1"}],"replies":[{"embeddable":true,"href":"https:\/\/consmardelplata.esteri.it\/es\/wp-json\/wp\/v2\/comments?post=224"}],"version-history":[{"count":0,"href":"https:\/\/consmardelplata.esteri.it\/es\/wp-json\/wp\/v2\/pages\/224\/revisions"}],"up":[{"embeddable":true,"href":"https:\/\/consmardelplata.esteri.it\/es\/wp-json\/wp\/v2\/pages\/203"}],"wp:attachment":[{"href":"https:\/\/consmardelplata.esteri.it\/es\/wp-json\/wp\/v2\/media?parent=224"}],"curies":[{"name":"wp","href":"https:\/\/api.w.org\/{rel}","templated":true}]}}