{"id":3654,"date":"2025-04-01T15:28:58","date_gmt":"2025-04-01T18:28:58","guid":{"rendered":"https:\/\/consmardelplata.esteri.it\/?page_id=3654"},"modified":"2025-04-03T12:08:06","modified_gmt":"2025-04-03T15:08:06","slug":"referendums-derogatorios-2025","status":"publish","type":"page","link":"https:\/\/consmardelplata.esteri.it\/es\/servizi-consolari-e-visti\/servizi-per-il-cittadino-italiano\/servizi-elettorali\/referendum-consultas-populares\/referendums-derogatorios-2025-2\/referendums-derogatorios-2025\/","title":{"rendered":"Opci\u00f3n de voto en Italia &#8211; Refer\u00e9ndums 2025"},"content":{"rendered":"<p><strong>REFER\u00c9NDUMS DEROGATORIOS DEL 08-09\/06\/2025<\/strong><\/p>\n<p><strong>VOTO POR CORREO DE LOS CIUDADANOS ITALIANOS RESIDENTES EN EL EXTERIOR Y OPCI\u00d3N PARA EL VOTO EN ITALIA<\/strong><\/p>\n<p>Con decretos del Presidente de la Rep\u00fablica del 31\/03\/2025, publicados en la \u201c<em>Gazzetta Ufficiale<\/em>\u201d del 31\/03\/2025, se fij\u00f3 la fecha de los refer\u00e9ndums derogatorios ex art. 75 de la Constituci\u00f3n para los d\u00edas 8 y 9 de junio de 2025.<\/p>\n<p>Se recuerda que <strong>el VOTO es un DERECHO <\/strong>tutelado por la Constituci\u00f3n Italiana y que, en base a la Ley n. 459 del 27 diciembre 2001, los ciudadanos italianos residentes en el exterior inscriptos en el padr\u00f3n electoral, pueden <strong>VOTAR POR CORREO<\/strong>, recibiendo el pliego electoral a su domicilio de residencia. Con este prop\u00f3sito, se recomienda controlar y regularizar la propia inscripci\u00f3n en los registros de la Oficina consular competente, recurriendo preferiblemente al portal online de los servicios consulares <strong><u>Fast It.<\/u><\/strong><\/p>\n<p><strong>En alternativa al voto por correo, los electores inscriptos en el AIRE pueden ELEGIR VOTAR EN ITALIA EN LA COMUNA DE INSCRIPCI\u00d3N ELECTORAL, <u>comunicando por escrito la propia elecci\u00f3n (OPCI\u00d3N) al Consulado dentro del plazo de 10 d\u00edas desde la convocatoria a las elecciones.<\/u> <\/strong>Los electores que eligen votar en Italia en ocasi\u00f3n del pr\u00f3ximo refer\u00e9ndum recibir\u00e1n por parte de las respectivas Comunas italianas las postales-aviso para votar en las mesas electorales en Italia. La elecci\u00f3n (opci\u00f3n) de votar en Italia vale solo para el refer\u00e9ndum con respecto al cual la misma ha sido expresada.<\/p>\n<p>Se reitera que, de todos modos, <strong>la opci\u00f3n DEBE LLEGAR a la Oficina consular DENTRO DEL PLAZO DE LOS DIEZ D\u00cdAS DESDE LAS CONVOCATORIAS A LAS VOTACIONES, ES DECIR HASTA EL 10\/04\/2025. <\/strong>Dicha comunicaci\u00f3n puede ser presentada en carta simple y \u2013 para tener validez \u2013 debe contener nombre, apellido, fecha y lugar de nacimiento, lugar de residencia y <strong>firma<\/strong> del votante, acompa\u00f1ada por una copia del documento de identidad del declarante.<\/p>\n<p>Para dicha comunicaci\u00f3n se puede usar tambi\u00e9n el formulario correspondiente descargable desde la p\u00e1gina web del Ministerio de Asuntos Exteriores y de la Cooperaci\u00f3n Internacional (<a href=\"http:\/\/www.esteri.it\">www.esteri.it<\/a>) o desde la p\u00e1gina web de la propia Oficina consular de referencia (<strong><a href=\"https:\/\/consmardelplata.esteri.it\/wp-content\/uploads\/2025\/04\/SPA-Modulo_di_opzione_Referendum_2025.doc\">haga click aqu\u00ed para descargarlo<\/a><\/strong>).<\/p>\n<p>El formulario, debidamente completado, firmado y acompa\u00f1ado por un documento de identidad, puede ser entregado\/enviado:<\/p>\n<ul>\n<li>Personalmente: ante el Consulado de Italia en Mar del Plata, Falucho 1416, Mar del Plata de lunes a viernes de 9 h a 12.30 h y de 14 h a 16 h;<\/li>\n<li>Por correo electr\u00f3nico: <a href=\"mailto:elettor.mardelplata@esteri.it\">elettor.mardelplata@esteri.it<\/a><\/li>\n<\/ul>\n<p>Como prestablecido por la normativa vigente, <u>ser\u00e1 responsabilidad de los electores verificar que la comunicaci\u00f3n de opci\u00f3n enviada por correo haya sido recibida dentro del plazo \u00fatil por la Oficina consular correspondiente.<\/u> Las solicitudes recibidas posteriormente a la fecha l\u00edmite indicada NO se podr\u00e1n considerar como v\u00e1lidas.<\/p>\n<p>La elecci\u00f3n de votar en Italia puede ser sucesivamente <strong>REVOCADA <\/strong>con una comunicaci\u00f3n escrita que deber\u00e1 ser enviada o entregada a la Oficina consular con las mismas modalidades y <u>dentro del plazo establecido para el ejercicio de la opci\u00f3n.<\/u><\/p>\n<p>Si se elige votar en Italia, la Ley <strong>NO<\/strong> prev\u00e9 ning\u00fan tipo de devoluci\u00f3n por los gastos del viaje, pero s\u00ed facilitaciones arancelarias dentro del territorio italiano.<\/p>\n<p><strong>EL CONSULADO DE ITALIA EN MAR DEL PLATA EST\u00c1 A DISPOSICI\u00d3N PARA ULTERIORES ACLARACIONES.<\/strong><\/p>\n","protected":false},"excerpt":{"rendered":"REFER\u00c9NDUMS DEROGATORIOS DEL 08-09\/06\/2025 VOTO POR CORREO DE LOS CIUDADANOS ITALIANOS RESIDENTES EN EL EXTERIOR Y OPCI\u00d3N PARA EL VOTO EN ITALIA Con decretos del Presidente de la Rep\u00fablica del 31\/03\/2025, publicados en la \u201cGazzetta Ufficiale\u201d del 31\/03\/2025, se fij\u00f3 la fecha de los refer\u00e9ndums derogatorios ex art. 75 de la Constituci\u00f3n para los d\u00edas [&hellip;]","protected":false},"author":6,"featured_media":0,"parent":3671,"menu_order":1,"comment_status":"closed","ping_status":"closed","template":"","meta":{"footnotes":""},"class_list":["post-3654","page","type-page","status-publish","hentry"],"_links":{"self":[{"href":"https:\/\/consmardelplata.esteri.it\/es\/wp-json\/wp\/v2\/pages\/3654","targetHints":{"allow":["GET"]}}],"collection":[{"href":"https:\/\/consmardelplata.esteri.it\/es\/wp-json\/wp\/v2\/pages"}],"about":[{"href":"https:\/\/consmardelplata.esteri.it\/es\/wp-json\/wp\/v2\/types\/page"}],"author":[{"embeddable":true,"href":"https:\/\/consmardelplata.esteri.it\/es\/wp-json\/wp\/v2\/users\/6"}],"replies":[{"embeddable":true,"href":"https:\/\/consmardelplata.esteri.it\/es\/wp-json\/wp\/v2\/comments?post=3654"}],"version-history":[{"count":2,"href":"https:\/\/consmardelplata.esteri.it\/es\/wp-json\/wp\/v2\/pages\/3654\/revisions"}],"predecessor-version":[{"id":3731,"href":"https:\/\/consmardelplata.esteri.it\/es\/wp-json\/wp\/v2\/pages\/3654\/revisions\/3731"}],"up":[{"embeddable":true,"href":"https:\/\/consmardelplata.esteri.it\/es\/wp-json\/wp\/v2\/pages\/3671"}],"wp:attachment":[{"href":"https:\/\/consmardelplata.esteri.it\/es\/wp-json\/wp\/v2\/media?parent=3654"}],"curies":[{"name":"wp","href":"https:\/\/api.w.org\/{rel}","templated":true}]}}