{"id":3723,"date":"2025-04-03T11:50:24","date_gmt":"2025-04-03T14:50:24","guid":{"rendered":"https:\/\/consmardelplata.esteri.it\/?page_id=3723"},"modified":"2025-04-03T11:53:50","modified_gmt":"2025-04-03T14:53:50","slug":"informativa-referendums-2025","status":"publish","type":"page","link":"https:\/\/consmardelplata.esteri.it\/es\/servizi-consolari-e-visti\/servizi-per-il-cittadino-italiano\/servizi-elettorali\/referendum-consultas-populares\/referendums-derogatorios-2025-2\/informativa-referendums-2025\/","title":{"rendered":"Informativa &#8211; Refer\u00e9ndums 2025"},"content":{"rendered":"<h3><strong>\u00bfQu\u00e9 se vota?<\/strong><\/h3>\n<p>Con los Decretos del Presidente de la Rep\u00fablica del 31\/03\/2025, publicados en el Bolet\u00edn Oficial, Serie General, n.\u00ba 75, del 31\/03\/2025, se han convocado\u00a0<strong>5 refer\u00e9ndums populares derogatorios\u00a0<\/strong>para:<\/p>\n<ol>\n<li>Ciudadan\u00eda italiana: Reducci\u00f3n de 10 a 5 a\u00f1os del tiempo de residencia legal en Italia del extranjero mayor de edad extracomunitario para solicitar la concesi\u00f3n de la ciudadan\u00eda italiana.<\/li>\n<li>Contrato de trabajo con protecciones crecientes \u2013 regulaci\u00f3n de los despidos ileg\u00edtimos: Derogaci\u00f3n.<\/li>\n<li>Peque\u00f1as empresas \u2013 despidos y su indemnizaci\u00f3n: Derogaci\u00f3n parcial.<\/li>\n<li>Derogaci\u00f3n parcial de normas relativas a la fijaci\u00f3n de plazo en el contrato de trabajo subordinado, duraci\u00f3n m\u00e1xima y condiciones para pr\u00f3rrogas y renovaciones.<\/li>\n<li>Exclusi\u00f3n de la responsabilidad solidaria del comitente, del contratista y del subcontratista por accidentes sufridos por el trabajador empleado de empresa contratista o subcontratista, como consecuencia de los riesgos espec\u00edficos inherentes a las actividades de las empresas contratistas o subcontratistas: Derogaci\u00f3n.<\/li>\n<\/ol>\n<h3><strong>\u00bfQui\u00e9n puede votar en el extranjero?<\/strong><\/h3>\n<ul>\n<li><strong>Los electores inscritos en el AIRE<\/strong>\u00a0(Registro de los Italianos Residentes en el Extranjero), que reciben directamente el sobre electoral en su domicilio de residencia en el extranjero.<\/li>\n<li><strong>Los italianos que se encuentren temporalmente<\/strong>\u00a0en el extranjero durante al menos tres meses, exclusivamente POR MOTIVOS DE TRABAJO, ESTUDIO O TRATAMIENTOS M\u00c9DICOS, y los familiares que vivan con ellos en el extranjero.<\/li>\n<\/ul>\n<p><strong>ATENCI\u00d3N<\/strong>: El elector temporalmente en el extranjero debe presentar una solicitud espec\u00edfica a la Comuna italiana de residencia\u00a0<strong>ANTES DEL 7 DE MAYO<\/strong>\u00a0para recibir el sobre electoral.<\/p>\n<h3><strong>\u00bfCu\u00e1ndo se vota?<\/strong><\/h3>\n<ul>\n<li><strong>En Italia<\/strong>\u00a0se vota el domingo 8 y lunes 9 de junio de 2025.<\/li>\n<\/ul>\n<p><strong>Los electores en el extranjero votan anticipadamente<\/strong>, por correspondencia. Los sobres se enviar\u00e1n a la direcci\u00f3n de residencia\u00a0<strong>antes del 21 DE MAYO<\/strong>.<\/p>\n<p><strong>ATENCI\u00d3N<\/strong>: los electores que\u00a0<strong>NO hayan recibido el sobre electoral ANTES DEL 25 DE MAYO<\/strong>\u00a0podr\u00e1n ponerse en contacto con su oficina consular para obtener el\u00a0<strong>DUPLICADO<\/strong>.<\/p>\n<h3><strong>\u00bfC\u00f3mo se vota?<\/strong><\/h3>\n<p><strong>El voto se realiza por correspondencia<\/strong>. Las boletas deber\u00e1n ser devueltas al consulado competente siguiendo cuidadosamente\u00a0<strong>las indicaciones del folleto informativo<\/strong>\u00a0incluido en el sobre electoral y utilizando \u00fanicamente el material proporcionado con \u00e9l. Ser\u00e1n enviadas a Italia para el escrutinio \u00fanicamente las boletas con el voto que hayan llegado a la oficina consular correspondiente\u00a0<strong>ANTES DE LAS 16 horas (hora local)\u00a0del jueves 5 DE JUNIO.<\/strong><\/p>\n","protected":false},"excerpt":{"rendered":"\u00bfQu\u00e9 se vota? Con los Decretos del Presidente de la Rep\u00fablica del 31\/03\/2025, publicados en el Bolet\u00edn Oficial, Serie General, n.\u00ba 75, del 31\/03\/2025, se han convocado\u00a05 refer\u00e9ndums populares derogatorios\u00a0para: Ciudadan\u00eda italiana: Reducci\u00f3n de 10 a 5 a\u00f1os del tiempo de residencia legal en Italia del extranjero mayor de edad extracomunitario para solicitar la concesi\u00f3n [&hellip;]","protected":false},"author":6,"featured_media":0,"parent":3671,"menu_order":0,"comment_status":"closed","ping_status":"closed","template":"","meta":{"footnotes":""},"class_list":["post-3723","page","type-page","status-publish","hentry"],"_links":{"self":[{"href":"https:\/\/consmardelplata.esteri.it\/es\/wp-json\/wp\/v2\/pages\/3723","targetHints":{"allow":["GET"]}}],"collection":[{"href":"https:\/\/consmardelplata.esteri.it\/es\/wp-json\/wp\/v2\/pages"}],"about":[{"href":"https:\/\/consmardelplata.esteri.it\/es\/wp-json\/wp\/v2\/types\/page"}],"author":[{"embeddable":true,"href":"https:\/\/consmardelplata.esteri.it\/es\/wp-json\/wp\/v2\/users\/6"}],"replies":[{"embeddable":true,"href":"https:\/\/consmardelplata.esteri.it\/es\/wp-json\/wp\/v2\/comments?post=3723"}],"version-history":[{"count":1,"href":"https:\/\/consmardelplata.esteri.it\/es\/wp-json\/wp\/v2\/pages\/3723\/revisions"}],"predecessor-version":[{"id":3724,"href":"https:\/\/consmardelplata.esteri.it\/es\/wp-json\/wp\/v2\/pages\/3723\/revisions\/3724"}],"up":[{"embeddable":true,"href":"https:\/\/consmardelplata.esteri.it\/es\/wp-json\/wp\/v2\/pages\/3671"}],"wp:attachment":[{"href":"https:\/\/consmardelplata.esteri.it\/es\/wp-json\/wp\/v2\/media?parent=3723"}],"curies":[{"name":"wp","href":"https:\/\/api.w.org\/{rel}","templated":true}]}}