{"id":590,"date":"2023-05-16T10:46:10","date_gmt":"2023-05-16T13:46:10","guid":{"rendered":"https:\/\/consmardelplata.esteri.it\/?page_id=590"},"modified":"2026-03-27T15:56:33","modified_gmt":"2026-03-27T18:56:33","slug":"tarifa-consular","status":"publish","type":"page","link":"https:\/\/consmardelplata.esteri.it\/es\/servizi-consolari-e-visti\/servizi-per-il-cittadino-italiano\/tarifa-consular\/","title":{"rendered":"Tarifas Consulares"},"content":{"rendered":"<p><strong>ATENCI\u00d3N: <\/strong><strong>Las tarifas que se aplican son las <span style=\"text-decoration: underline;\">vigentes al d\u00eda del turno<\/span> y no aquellas vigentes al momento de la solicitud. Las tarifas sufren variaciones frecuentes, r<\/strong><strong><span style=\"text-decoration: underline;\">ecuerde verificarlas el d\u00eda que va a realizar la transferencia<\/span>.<\/strong><\/p>\n<p><strong><a href=\"https:\/\/consmardelplata.esteri.it\/wp-content\/uploads\/2025\/12\/Tabella-diritti-consolari-I-TRIM-2026-01.01.2026-31.03.2026firm.pdf\">TARIFAS CONSULARE DEL I\u00b0 TRIMESTRE 2026 (DEL 01.01.2026 AL 31.03.2026)<\/a><\/strong><\/p>\n<p><strong><a href=\"https:\/\/consmardelplata.esteri.it\/wp-content\/uploads\/2026\/03\/Tabella-diritti-consolari-II-TRIM-2026-01.04.2026-30.06.2026_Firmato.pdf\">TARIFAS CONSULARES DEL II\u00ba TRIMESTRE 2026 (del 01.04.2026 al 30.06.2026)<\/a><\/strong><\/p>\n<p><strong>SE PROCEDER\u00c1 A LA CANCELACI\u00d3N DEL TURNO ASIGNADO POR FALTA DE PAGO O POR NO HABER RESPETADO LA MODALIDAD DE PAGO INDICADA A CONTINUACI\u00d3N.<\/strong><\/p>\n<p><span style=\"text-decoration: underline;\"><strong>MODALIDAD DE PAGO:<\/strong><\/span><\/p>\n<ul>\n<li><strong>PASAPORTE, CIUDADANIA (RECONTRUCCI\u00d3N E HIJOS DIRECTOS) Y CARTA D&#8217;IDENTIT\u00c0 ELETTRONICA (C.I.E.)<\/strong><\/li>\n<\/ul>\n<p>El pago se efect\u00faa por <span style=\"text-decoration: underline;\">transferencia bancaria exclusivamente por Homebanking<\/span>, EN PESOS ARGENTINOS para los servicios: Pasaportes, Ciudadan\u00eda por reconstrucci\u00f3n, Ciudadan\u00eda hijos directos y Carta d&#8217;identit\u00e0 elettronica (CIE).<\/p>\n<p><span style=\"text-decoration: underline;\"><strong>Las tarifas vigentes para turnos del 01\/04\/2026 al 30\/06\/2026 son:<\/strong><\/span><\/p>\n<p>&#8211; Pasaporte:<strong> \u00a0<b>$ 194.200.-\u00a0<\/b><\/strong><\/p>\n<p>&#8211; Ciudadan\u00eda (recontrucci\u00f3n e hijos directos):<strong> <b>$ 1.002.200.-<\/b><\/strong><\/p>\n<p>&#8211; Emisi\u00f3n carta d&#8217;identita&#8217; elettronica (C.I.E.): <b>$ 36.800.-<\/b><\/p>\n<p>El titular del turno deber\u00e1 efectuar\u00a0<strong>el tercero (3\u00ba) d\u00eda h\u00e1bil anterior a la fecha del turno (no contar fines de semana ni feriados)<\/strong> una transferencia bancaria exclusivamente por Homebanking, EN PESOS ARGENTINOS &#8211; recuerde <span style=\"text-decoration: underline;\"> verificar las tarifas vigentes el d\u00eda que va a realizar la transferencia-<\/span> a la siguiente <span style=\"text-decoration: underline;\">cuenta bancaria <strong>EXCLUSIVA DEL CONSULADO DE MAR DEL PLATA<\/strong><\/span>:<\/p>\n<p>Titular: CONSULADO GENERAL DE ITALIA<br \/>\nCUIT: 30-70792702-6<br \/>\nBanco Patagonia Argentina S.A.<strong><br \/>\n<\/strong>ALIAS: CONS.ITALIA.MDP<br \/>\nCBU: 0340205600100565282016 <strong><u>v\u00e1lido exclusivamente para servicios consulares en el Consulado de Italia en Mar del Plata<br \/>\n<\/u><\/strong><\/p>\n<p>El interesado deber\u00e1 enviar el comprobante de la transferencia efectuada a la cuenta corriente antes referida a la direcci\u00f3n de correo electr\u00f3nico<strong>\u00a0<a href=\"mailto:admin.mardelplata@esteri.it\">admin.mardelplata@esteri.it<\/a>\u00a0<\/strong>, y el d\u00eda del turno deber\u00e1 entregar una copia impresa del mismo. En el asunto del e-mail se deber\u00e1 indicar:\u00a0<strong>APELLIDO Y NOMBRE DEL TITULAR DEL TURNO \/ CUIL \/ SERVICIO<\/strong>\u00a0(ej. ROSSI, MARIO \/ XX-XXXXXXXX-X \/ CIUDADAN\u00cdA RECONSTRUCCI\u00d3N). En el caso que la transferencia se realice desde una cuenta bancaria cuyo titular sea una persona distinta al titular del turno (cuenta de un tercero) se deber\u00e1 indicar en el cuerpo del e-mail el nombre, apellido y CUIL del mismo.<\/p>\n<p><strong>ATENCI\u00d3N<\/strong>: No se debe efectuar la transferencia bancaria\u00a0<strong>sin antes haber obtenido un turno<\/strong>. En ning\u00fan caso se realizar\u00e1 la devoluci\u00f3n del dinero.<\/p>\n<p><strong>ATENCI\u00d3N<\/strong>: la documentaci\u00f3n respaldatoria de la transferencia debe indicar expresamente el nombre de quien la ha efectuado y del titular del turno.<\/p>\n<p>&#8211; La transferencia se debe realizar <strong>3 (tres) d\u00edas h\u00e1biles<\/strong>\u00a0antes de la fecha del turno.<\/p>\n<p>&#8211; En el\u00a0<strong>motivo<\/strong>\u00a0de la transferencia se debe indicar el apellido y nombre del\u00a0<strong>titular del turno<\/strong>.<\/p>\n<p><strong>ATENCI\u00d3N<\/strong>: No est\u00e1 permitido el pago en efectivo o mediante deposito en cajero del banco Patagonia Argentina S.A.<\/p>\n<p>Se recuerda que, con respecto al\u00a0<strong>servicio ciudadan\u00eda<\/strong>, el pago realizado tiene como motivo el tratamiento de la solicitud de reconocimiento de la ciudadan\u00eda y es independiente del resultado final del mismo. Los menores de 18 a\u00f1os\u00a0<strong>no<\/strong>\u00a0deben realizar ning\u00fan pago por el\u00a0<strong>servicio ciudadan\u00eda<\/strong>.<\/p>\n<ul>\n<li><strong>OTROS SERVICIOS CONSULARES<\/strong><\/li>\n<\/ul>\n<p>El pago se realiza por <strong>transferencia bancaria<\/strong> a trav\u00e9s de <strong>Homebanking<\/strong> en pesos argentinos a la cuenta del Consulado previamente mencionada, seg\u00fan las indicaciones de cada oficina.<\/p>\n","protected":false},"excerpt":{"rendered":"ATENCI\u00d3N: Las tarifas que se aplican son las vigentes al d\u00eda del turno y no aquellas vigentes al momento de la solicitud. Las tarifas sufren variaciones frecuentes, recuerde verificarlas el d\u00eda que va a realizar la transferencia. TARIFAS CONSULARE DEL I\u00b0 TRIMESTRE 2026 (DEL 01.01.2026 AL 31.03.2026) TARIFAS CONSULARES DEL II\u00ba TRIMESTRE 2026 (del 01.04.2026 [&hellip;]","protected":false},"author":3,"featured_media":0,"parent":203,"menu_order":1,"comment_status":"closed","ping_status":"closed","template":"","meta":{"footnotes":""},"class_list":["post-590","page","type-page","status-publish","hentry"],"_links":{"self":[{"href":"https:\/\/consmardelplata.esteri.it\/es\/wp-json\/wp\/v2\/pages\/590","targetHints":{"allow":["GET"]}}],"collection":[{"href":"https:\/\/consmardelplata.esteri.it\/es\/wp-json\/wp\/v2\/pages"}],"about":[{"href":"https:\/\/consmardelplata.esteri.it\/es\/wp-json\/wp\/v2\/types\/page"}],"author":[{"embeddable":true,"href":"https:\/\/consmardelplata.esteri.it\/es\/wp-json\/wp\/v2\/users\/3"}],"replies":[{"embeddable":true,"href":"https:\/\/consmardelplata.esteri.it\/es\/wp-json\/wp\/v2\/comments?post=590"}],"version-history":[{"count":7,"href":"https:\/\/consmardelplata.esteri.it\/es\/wp-json\/wp\/v2\/pages\/590\/revisions"}],"predecessor-version":[{"id":4968,"href":"https:\/\/consmardelplata.esteri.it\/es\/wp-json\/wp\/v2\/pages\/590\/revisions\/4968"}],"up":[{"embeddable":true,"href":"https:\/\/consmardelplata.esteri.it\/es\/wp-json\/wp\/v2\/pages\/203"}],"wp:attachment":[{"href":"https:\/\/consmardelplata.esteri.it\/es\/wp-json\/wp\/v2\/media?parent=590"}],"curies":[{"name":"wp","href":"https:\/\/api.w.org\/{rel}","templated":true}]}}