{"id":595,"date":"2023-05-16T12:58:48","date_gmt":"2023-05-16T15:58:48","guid":{"rendered":"https:\/\/consmardelplata.esteri.it\/?page_id=595"},"modified":"2023-06-06T15:35:39","modified_gmt":"2023-06-06T18:35:39","slug":"595-2","status":"publish","type":"page","link":"https:\/\/consmardelplata.esteri.it\/es\/servizi-consolari-e-visti\/servizi-per-il-cittadino-italiano\/altri-servizi\/595-2\/","title":{"rendered":"Estudios, idioma y cultura italiana"},"content":{"rendered":"<p>Esta oficina es la encargada de asistir pedag\u00f3gicamente y did\u00e1cticamente a las escuelas y asociaciones en las que se dictan cursos de lengua y cultura italianas.<\/p>\n<p>Las escuelas y asociaciones se encuentran agrupadas en una sola entidad: ACAESIT (Asociacion Civil Asistencia Escuelas Italianas) que tiene como finalidad -en sinton\u00eda con la oficina escolar del Consulado- gestionar y coordinar iniciativas destinadas a permitir a los italianos y descendientes que residen en la circunscripci\u00f3n consular de Mar del Plata, elevar el conocimiento del idioma y la cultura italiana.<\/p>\n<p>Las instituciones que componen ACAESIT son : Asociaci\u00f3n Dante Alighieri, Instituto Domingo Faustino Sarmiento, Instituto Inmaculada Concepci\u00f3n, Escuela Parroquial San Antonio, Colegio La Sagrada Familia, Colegio Leonardo Da Vinci, Instituto Loris Malaguzzi , Colegio Musical IDRA. Las dichas instituciones pertenecen a la ciudad de Mar del Plata.<\/p>\n<p>Con sede en el resto de la circunscripci\u00f3n consular, tambi\u00e8n forman parte: Complejo Educativo Italo-Argentino CEIA e Instituto Humbolt de Necochea.<\/p>\n<p>La Oficina escolar y el ACAESIT actuan en forma colegiada en las actividades destinadas a incentivar el inter\u00e9s por el idioma y la cultura italianas como as\u00ed tambi\u00e9n favorecer la actualizaci\u00f3n formativa de los docentes de italiano.<\/p>\n<p>La Oficina escolar se encarga adem\u00e0s de mantener y reforzar las relaciones con la Universidad local, con los intelectuales que de una u otra manera contribuyen a la difusi\u00f3n de la cultura italiana.<\/p>\n<p>Otros dos colegios salesianos de Mar del Plata, aunque no forman parte de ACAESIT, ofrecen cursos extracurriculares de italiano a partir de abril de 2023: el Instituto Don Bosco y el Colegio Don Orione.<\/p>\n<pre id=\"tw-target-text\" class=\"tw-data-text tw-text-large tw-ta\" dir=\"ltr\" data-placeholder=\"Traduzione\"><\/pre>\n","protected":false},"excerpt":{"rendered":"Esta oficina es la encargada de asistir pedag\u00f3gicamente y did\u00e1cticamente a las escuelas y asociaciones en las que se dictan cursos de lengua y cultura italianas. Las escuelas y asociaciones se encuentran agrupadas en una sola entidad: ACAESIT (Asociacion Civil Asistencia Escuelas Italianas) que tiene como finalidad -en sinton\u00eda con la oficina escolar del Consulado- [&hellip;]","protected":false},"author":3,"featured_media":0,"parent":226,"menu_order":0,"comment_status":"closed","ping_status":"closed","template":"","meta":{"footnotes":""},"class_list":["post-595","page","type-page","status-publish","hentry"],"_links":{"self":[{"href":"https:\/\/consmardelplata.esteri.it\/es\/wp-json\/wp\/v2\/pages\/595","targetHints":{"allow":["GET"]}}],"collection":[{"href":"https:\/\/consmardelplata.esteri.it\/es\/wp-json\/wp\/v2\/pages"}],"about":[{"href":"https:\/\/consmardelplata.esteri.it\/es\/wp-json\/wp\/v2\/types\/page"}],"author":[{"embeddable":true,"href":"https:\/\/consmardelplata.esteri.it\/es\/wp-json\/wp\/v2\/users\/3"}],"replies":[{"embeddable":true,"href":"https:\/\/consmardelplata.esteri.it\/es\/wp-json\/wp\/v2\/comments?post=595"}],"version-history":[{"count":0,"href":"https:\/\/consmardelplata.esteri.it\/es\/wp-json\/wp\/v2\/pages\/595\/revisions"}],"up":[{"embeddable":true,"href":"https:\/\/consmardelplata.esteri.it\/es\/wp-json\/wp\/v2\/pages\/226"}],"wp:attachment":[{"href":"https:\/\/consmardelplata.esteri.it\/es\/wp-json\/wp\/v2\/media?parent=595"}],"curies":[{"name":"wp","href":"https:\/\/api.w.org\/{rel}","templated":true}]}}