{"id":627,"date":"2023-05-16T12:35:35","date_gmt":"2023-05-16T15:35:35","guid":{"rendered":"https:\/\/consmardelplata.esteri.it\/?page_id=627"},"modified":"2023-06-08T11:49:42","modified_gmt":"2023-06-08T14:49:42","slug":"elecciones-parlamentarias","status":"publish","type":"page","link":"https:\/\/consmardelplata.esteri.it\/es\/servizi-consolari-e-visti\/servizi-per-il-cittadino-italiano\/servizi-elettorali\/elecciones-parlamentarias\/","title":{"rendered":"Elecciones Parlamentarias"},"content":{"rendered":"<p>Los ciudadanos italianos residentes en el extranjero votan para la elecci\u00f3n de la C\u00e1mara de Diputados y el Senado de la Rep\u00fablica y eligen a los 8 Diputados y los 4 Senadores de la Circunscripci\u00f3n Exterior.<\/p>\n<p>La Circunscripci\u00f3n Exterior se subdivide en 4 Distritos Electorales: a) Europa; b) Sudam\u00e9rica; c) Norteam\u00e9rica y Centroam\u00e9rica; d) Africa, Asia, Ocean\u00eda y Ant\u00e1rtida.<\/p>\n<p>El elector vota para la listas que se presentan en el Distrito Electoral donde reside. Los candidatos deben ser electores residentes en el Distrito Electoral para el cual se postulan.<\/p>\n<p>Tienen el derecho de voto todos los ciudadanos italianos residentes en el exterior que hayan cumplido los 18 a\u00f1os y que est\u00e9n inscriptos en el padr\u00f3n electoral que el Ministerio del Interior actualiza en base a las inscripciones electorales realizadas por las Comunas. Por lo tanto es necesario que el ciudadano mantenga constantemente actualizada su situaci\u00f3n en el Consulado (para m\u00e1s informaci\u00f3n cliquear aqu\u00ed)<\/p>\n<p>Los ciudadanos italianos residentes en el exterior votan por correspondencia. Dentro del plazo de 18 d\u00edas antes de las elecciones, el Consulado env\u00eda a los electores un sobre que contiene:<\/p>\n<p>el certificado electoral;<br \/>\nla boleta o las boletas electorales;<br \/>\nun sobre blanco peque\u00f1o donde se ponen las boletas votadas;<br \/>\nun sobre m\u00e1s grande con franqueo prepago con la direcci\u00f3n del Consulado (donde el elector debe poner el tal\u00f3n del certificado electoral y el sobre blanco cerrado con las boletas votadas);<br \/>\nlas listas de candidatos;<br \/>\nun folleto informativo sobre los pasos a seguir para emitir el voto;<br \/>\nel texto de la Ley n. 459\/2001 (ley que regula el voto en el exterior).<\/p>\n<p>El voto se emite v\u00e1lidamente si las boletas llegan al Consulado antes de las 16 hs. del jueves anterior a las elecciones. El Consulado env\u00eda inmediatamente las boletas a Roma, donde se realiza el escrutinio en el mismo momento del escrutinio de las boletas votadas en Italia.<\/p>\n<p>Los electores que 14 d\u00edas antes de las elecciones no hayan recibido en su domicilio el sobre electoral pueden solicitar un duplicado present\u00e1ndose personalmente ante el Consulado.<\/p>\n<p>Las Representaciones diplom\u00e1ticas realizan convenios con los Estados donde residen ciudadanos italianos para garantizar que el voto por correspondencia se ejerza en condiciones de igualdad, libertad y secreto y que la participaci\u00f3n al voto no perjudique los derechos reconocidos por la legislaci\u00f3n del pa\u00eds de residencia. Tambi\u00e9n la campa\u00f1a electoral est\u00e1 reglamentada de acuerdo a convenios con los Gobiernos extranjeros (que por otro lado no son imprescindibles para que se pueda ejercer el voto por correspondencia).<\/p>\n<p>Mediante la \u201copci\u00f3n\u201d, los ciudadanos italianos residentes en el exterior pueden decidir votar en Italia para los candidatos del distrito electoral nacional donde est\u00e1n inscriptos. El elector que desea votar en Italia debe informar por escrito al Consulado antes del 31 de diciembre del a\u00f1o anterior a las elecciones o, en caso de elecciones anticipadas, dentro del plazo de 10 d\u00edas del llamado a elecciones. La opci\u00f3n tiene validez para una sola elecci\u00f3n parlamentaria o refer\u00e9ndum. Al elector que decide votar en Italia no le corresponde ning\u00fan reintegro en concepto de vi\u00e1ticos.<\/p>\n","protected":false},"excerpt":{"rendered":"Los ciudadanos italianos residentes en el extranjero votan para la elecci\u00f3n de la C\u00e1mara de Diputados y el Senado de la Rep\u00fablica y eligen a los 8 Diputados y los 4 Senadores de la Circunscripci\u00f3n Exterior. La Circunscripci\u00f3n Exterior se subdivide en 4 Distritos Electorales: a) Europa; b) Sudam\u00e9rica; c) Norteam\u00e9rica y Centroam\u00e9rica; d) Africa, [&hellip;]","protected":false},"author":3,"featured_media":0,"parent":214,"menu_order":0,"comment_status":"closed","ping_status":"closed","template":"","meta":{"footnotes":""},"class_list":["post-627","page","type-page","status-publish","hentry"],"_links":{"self":[{"href":"https:\/\/consmardelplata.esteri.it\/es\/wp-json\/wp\/v2\/pages\/627","targetHints":{"allow":["GET"]}}],"collection":[{"href":"https:\/\/consmardelplata.esteri.it\/es\/wp-json\/wp\/v2\/pages"}],"about":[{"href":"https:\/\/consmardelplata.esteri.it\/es\/wp-json\/wp\/v2\/types\/page"}],"author":[{"embeddable":true,"href":"https:\/\/consmardelplata.esteri.it\/es\/wp-json\/wp\/v2\/users\/3"}],"replies":[{"embeddable":true,"href":"https:\/\/consmardelplata.esteri.it\/es\/wp-json\/wp\/v2\/comments?post=627"}],"version-history":[{"count":0,"href":"https:\/\/consmardelplata.esteri.it\/es\/wp-json\/wp\/v2\/pages\/627\/revisions"}],"up":[{"embeddable":true,"href":"https:\/\/consmardelplata.esteri.it\/es\/wp-json\/wp\/v2\/pages\/214"}],"wp:attachment":[{"href":"https:\/\/consmardelplata.esteri.it\/es\/wp-json\/wp\/v2\/media?parent=627"}],"curies":[{"name":"wp","href":"https:\/\/api.w.org\/{rel}","templated":true}]}}