{"id":630,"date":"2023-05-16T12:38:05","date_gmt":"2023-05-16T15:38:05","guid":{"rendered":"https:\/\/consmardelplata.esteri.it\/?page_id=630"},"modified":"2023-06-08T12:03:48","modified_gmt":"2023-06-08T15:03:48","slug":"elecciones-europeas","status":"publish","type":"page","link":"https:\/\/consmardelplata.esteri.it\/es\/servizi-consolari-e-visti\/servizi-per-il-cittadino-italiano\/servizi-elettorali\/elecciones-europeas\/","title":{"rendered":"Elecciones europeas"},"content":{"rendered":"<p>Ai sensi del Decreto-legge 24 giugno 1994, n. 408 possono votare all\u2019estero per l\u2019elezione dei rappresentanti italiani al Parlamento europeo:<\/p>\n<p>&#8211; i cittadini italiani residenti in uno Stato dell\u2019Unione europea e regolarmente iscritti all\u2019AIRE;<br \/>\n&#8211; i cittadini italiani ed i familiari con essi conviventi che si trovano temporaneamente nei Paesi UE per motivi di studio o di lavoro, presentando &#8211; entro i termini di legge &#8211; apposita domanda al Sindaco del Comune italiano nelle cui liste elettorali sono iscritti.<\/p>\n<p>Il voto all\u2019estero per i rappresentanti italiani si esercita presso i seggi appositamente istituiti dagli Uffici consolari. L\u2019elettore riceve a casa da parte del Ministero dell\u2019Interno italiano il certificato elettorale, con l\u2019indicazione del seggio presso il quale votare, della data e dell\u2019orario delle votazioni.<\/p>\n<p>Qualora l\u2019elettore non riceva il certificato elettorale entro il 5\u00b0 giorno antecedente quello delle votazioni, potr\u00e0 contattare l\u2019Ufficio consolare competente per verificare la propria posizione elettorale e richiedere il certificato sostitutivo per l\u2019ammissione al voto.<\/p>\n<p>L\u2019elettore italiano residente all\u2019estero o temporaneamente in un Paese dell\u2019UE per motivi di studio o lavoro (che abbia presentato domanda di voto all\u2019estero nei termini previsti), se rientra in Italia, pu\u00f2 votare presso il proprio Comune di iscrizione elettorale: in tal caso deve farne esplicita richiesta, entro il giorno precedente quello della votazione, al Sindaco del suddetto Comune.<\/p>\n<p>L\u2019elettore italiano residente all\u2019estero pu\u00f2 anche optare per il voto per i candidati del Paese in cui risiede; in tal caso voter\u00e0 presso i seggi istituiti dalle Autorit\u00e0 del Paese di residenza estera.<br \/>\nIl doppio voto \u00e8 vietato: se si vota a favore di un candidato italiano non si potr\u00e0 esprimere il voto anche per il candidato locale e viceversa.<\/p>\n<p>VOTO DEI TEMPORANEI ALL\u2019ESTERO IN PAESI EXTRA-UE<\/p>\n<p>In occasione delle ultime votazioni, all\u2019elezione dei rappresentanti italiani per il Parlamento Europeo hanno partecipato &#8211; in virt\u00f9 di un provvedimento normativo ad hoc, valido esclusivamente per la consultazione del 2009 &#8211; anche le seguenti categorie di elettori temporaneamente in Paesi extra-europei per motivi di servizio, che hanno espresso il proprio voto per corrispondenza:<\/p>\n<p>\u2022 appartenenti alle Forze armate e alle Forze di polizia temporaneamente fuori dal territorio dell&#8217;Unione europea in quanto impegnati nello svolgimento di missioni internazionali;<br \/>\n\u2022 dipendenti di Amministrazioni dello Stato, di regioni o di province autonome, temporaneamente fuori dal territorio dell&#8217;Unione europea per motivi di servizio, qualora la durata prevista della loro permanenza all&#8217;estero, secondo quanto attestato dall&#8217;Amministrazione di appartenenza, sia superiore a tre mesi, nonch\u00e9, qualora non iscritti alle anagrafi dei cittadini italiani residenti all&#8217;estero, i loro familiari conviventi;<br \/>\n\u2022 professori universitari, ordinari ed associati, ricercatori e professori aggregati, di cui all&#8217;articolo 1, comma 10, della legge 4 novembre 2005, n. 230, che si trovano in servizio fuori dal territorio dell&#8217;Unione europea presso istituti universitari e di ricerca per una durata complessiva all&#8217;estero di almeno sei mesi e che, alla data del decreto del Presidente della Repubblica di convocazione dei comizi, si trovano all&#8217;estero da almeno tre mesi, nonch\u00e9, qualora non iscritti nelle anagrafi dei cittadini italiani all&#8217;estero, i loro familiari conviventi.<\/p>\n","protected":false},"excerpt":{"rendered":"Ai sensi del Decreto-legge 24 giugno 1994, n. 408 possono votare all\u2019estero per l\u2019elezione dei rappresentanti italiani al Parlamento europeo: &#8211; i cittadini italiani residenti in uno Stato dell\u2019Unione europea e regolarmente iscritti all\u2019AIRE; &#8211; i cittadini italiani ed i familiari con essi conviventi che si trovano temporaneamente nei Paesi UE per motivi di studio [&hellip;]","protected":false},"author":3,"featured_media":0,"parent":214,"menu_order":0,"comment_status":"closed","ping_status":"closed","template":"","meta":{"footnotes":""},"class_list":["post-630","page","type-page","status-publish","hentry"],"_links":{"self":[{"href":"https:\/\/consmardelplata.esteri.it\/es\/wp-json\/wp\/v2\/pages\/630","targetHints":{"allow":["GET"]}}],"collection":[{"href":"https:\/\/consmardelplata.esteri.it\/es\/wp-json\/wp\/v2\/pages"}],"about":[{"href":"https:\/\/consmardelplata.esteri.it\/es\/wp-json\/wp\/v2\/types\/page"}],"author":[{"embeddable":true,"href":"https:\/\/consmardelplata.esteri.it\/es\/wp-json\/wp\/v2\/users\/3"}],"replies":[{"embeddable":true,"href":"https:\/\/consmardelplata.esteri.it\/es\/wp-json\/wp\/v2\/comments?post=630"}],"version-history":[{"count":0,"href":"https:\/\/consmardelplata.esteri.it\/es\/wp-json\/wp\/v2\/pages\/630\/revisions"}],"up":[{"embeddable":true,"href":"https:\/\/consmardelplata.esteri.it\/es\/wp-json\/wp\/v2\/pages\/214"}],"wp:attachment":[{"href":"https:\/\/consmardelplata.esteri.it\/es\/wp-json\/wp\/v2\/media?parent=630"}],"curies":[{"name":"wp","href":"https:\/\/api.w.org\/{rel}","templated":true}]}}