{"id":633,"date":"2023-05-16T12:39:35","date_gmt":"2023-05-16T15:39:35","guid":{"rendered":"https:\/\/consmardelplata.esteri.it\/?page_id=633"},"modified":"2023-06-08T12:09:26","modified_gmt":"2023-06-08T15:09:26","slug":"referendum-consultas-populares","status":"publish","type":"page","link":"https:\/\/consmardelplata.esteri.it\/es\/servizi-consolari-e-visti\/servizi-per-il-cittadino-italiano\/servizi-elettorali\/referendum-consultas-populares\/","title":{"rendered":"Refer\u00e9ndum (Consultas populares)"},"content":{"rendered":"<p>Los ciudadanos italianos residentes en el extranjero pueden votar por correspondencia para los siguientes refer\u00e9ndum (consultas populares):<\/p>\n<p>refer\u00e9ndum para derrogar leyes ordinarias (convocados a pedido de 500.000 electores o 5 legislaturas regionales);<br \/>\nrefer\u00e9ndum para confirmar leyes constitucionales (cuando una ley constitucional no fue aprobada por los 2\/3 de ambas C\u00e1maras, a pedido de 500.000 electores, 1\/5 de los diputados o de los senadores o de 5 asambleas legislativas regionales, la ley constitucional no entra en vigencia si el voto popular no la ratifica).<br \/>\nEl procedimiento electoral para los refer\u00e9ndum es igual al procedimiento de las elecciones parlamentarias<\/p>\n","protected":false},"excerpt":{"rendered":"Los ciudadanos italianos residentes en el extranjero pueden votar por correspondencia para los siguientes refer\u00e9ndum (consultas populares): refer\u00e9ndum para derrogar leyes ordinarias (convocados a pedido de 500.000 electores o 5 legislaturas regionales); refer\u00e9ndum para confirmar leyes constitucionales (cuando una ley constitucional no fue aprobada por los 2\/3 de ambas C\u00e1maras, a pedido de 500.000 electores, [&hellip;]","protected":false},"author":3,"featured_media":0,"parent":214,"menu_order":1,"comment_status":"closed","ping_status":"closed","template":"","meta":{"footnotes":""},"class_list":["post-633","page","type-page","status-publish","hentry"],"_links":{"self":[{"href":"https:\/\/consmardelplata.esteri.it\/es\/wp-json\/wp\/v2\/pages\/633","targetHints":{"allow":["GET"]}}],"collection":[{"href":"https:\/\/consmardelplata.esteri.it\/es\/wp-json\/wp\/v2\/pages"}],"about":[{"href":"https:\/\/consmardelplata.esteri.it\/es\/wp-json\/wp\/v2\/types\/page"}],"author":[{"embeddable":true,"href":"https:\/\/consmardelplata.esteri.it\/es\/wp-json\/wp\/v2\/users\/3"}],"replies":[{"embeddable":true,"href":"https:\/\/consmardelplata.esteri.it\/es\/wp-json\/wp\/v2\/comments?post=633"}],"version-history":[{"count":0,"href":"https:\/\/consmardelplata.esteri.it\/es\/wp-json\/wp\/v2\/pages\/633\/revisions"}],"up":[{"embeddable":true,"href":"https:\/\/consmardelplata.esteri.it\/es\/wp-json\/wp\/v2\/pages\/214"}],"wp:attachment":[{"href":"https:\/\/consmardelplata.esteri.it\/es\/wp-json\/wp\/v2\/media?parent=633"}],"curies":[{"name":"wp","href":"https:\/\/api.w.org\/{rel}","templated":true}]}}