{"id":635,"date":"2023-05-16T12:45:04","date_gmt":"2023-05-16T15:45:04","guid":{"rendered":"https:\/\/consmardelplata.esteri.it\/?page_id=635"},"modified":"2024-03-19T11:09:12","modified_gmt":"2024-03-19T14:09:12","slug":"comites","status":"publish","type":"page","link":"https:\/\/consmardelplata.esteri.it\/es\/servizi-consolari-e-visti\/servizi-per-il-cittadino-italiano\/servizi-elettorali\/comites\/","title":{"rendered":"COMITES"},"content":{"rendered":"<p><a href=\"https:\/\/www.youtube.com\/watch?v=tlSScAwRlQw\">https:\/\/www.youtube.com\/watch?v=tlSScAwRlQw<\/a><\/p>\n<p><a href=\"https:\/\/www.youtube.com\/watch?v=f5fJbkBcxos&#038;list=PL9zh4eHRSCDkiy7D_uB_dHFjzz8kL1oee&#038;index=3\">https:\/\/www.youtube.com\/watch?v=f5fJbkBcxos&#038;list=PL9zh4eHRSCDkiy7D_uB_dHFjzz8kL1oee&#038;index=3<\/a><\/p>\n<p>Los Com.It.Es son\u00a0<strong>\u00f3rganos representativos de la comunidad italiana y trabajan en pos de la integraci\u00f3n de la comunidad italiana que reside en el pa\u00eds extranjero en el que se encuentran<\/strong>. Los Com.It.Es. realizan diversas actividades de apoyo a sus conciudadanos: pueden ofrecer informaci\u00f3n sobre c\u00f3mo encontrar un hogar, sobre el sistema de pensiones o sobre c\u00f3mo matricular a los ni\u00f1os en las escuelas; tambi\u00e9n pueden organizar\u00a0<strong>seminarios, reuniones y conferencias, cursos de idiomas, cursos de formaci\u00f3n y actualizaci\u00f3n profesional, iniciativas culturales para promover la cultura italiana y el intercambio cultural, as\u00ed como tambi\u00e9n iniciativas recreativas o\u00a0deportivas.<\/strong><\/p>\n<p><strong>SITO WEB COMITES MAR DEL PLATA<\/strong>: <a href=\"https:\/\/www.comitesmdp.com.ar\/\">https:\/\/www.comitesmdp.com.ar\/<\/a><\/p>\n<p><strong>ELECCIONES ANTERIORES:<\/strong><\/p>\n<p><strong>Elecciones COMITES <\/strong><strong>\u00a02021<\/strong><\/p>\n<ol>\n<li><a href=\"https:\/\/consmardelplata.esteri.it\/wp-content\/uploads\/2023\/05\/circolare_informativa._elezioni_comites_2021.pdf\">Elenco dei membri COMITES eletti 2021<\/a><\/li>\n<li><a href=\"https:\/\/consmardelplata.esteri.it\/wp-content\/uploads\/2024\/03\/Decreto-1-2024.-Sostituzione-membro-COMITES.pdf\">Decreto di sostituzione membro COMITES<\/a><\/li>\n<\/ol>\n<p><strong>Elecciones COMITES <\/strong><strong>\u00a02015<\/strong><\/p>\n<ol>\n<li><a href=\"https:\/\/consmardelplata.esteri.it\/consolato_mardeplata\/resource\/doc\/2021\/10\/composizione_comites_2015.pdf\">Elenco dei membri COMITES eletti 2015<\/a><\/li>\n<li><a href=\"https:\/\/consmardelplata.esteri.it\/consolato_mardeplata\/resource\/doc\/2021\/07\/liste_candidati_elezioni_comites.pdf\">Elenco partecipanti alle elezioni COMITES 2015-Circoscrizione Consolare Mar del PlataCOMITES 2015<\/a><\/li>\n<\/ol>\n<p><strong>Elecciones COMITES\u00a0 2004<\/strong><\/p>\n<ol>\n<li><a href=\"https:\/\/consmardelplata.esteri.it\/consolato_mardeplata\/resource\/doc\/2021\/07\/elezioni_comites_2004._candidati_eletti.pdf\">Elenco dei membri COMITES eletti 2004<\/a><\/li>\n<\/ol>\n","protected":false},"excerpt":{"rendered":"Los Com.It.Es son\u00a0\u00f3rganos representativos de la comunidad italiana y trabajan en pos de la integraci\u00f3n de la comunidad italiana que reside en el pa\u00eds extranjero en el que se encuentran. Los Com.It.Es. realizan diversas actividades de apoyo a sus conciudadanos: pueden ofrecer informaci\u00f3n sobre c\u00f3mo encontrar un hogar, sobre el sistema de pensiones o sobre [&hellip;]","protected":false},"author":3,"featured_media":0,"parent":214,"menu_order":0,"comment_status":"closed","ping_status":"closed","template":"","meta":{"footnotes":""},"class_list":["post-635","page","type-page","status-publish","hentry"],"_links":{"self":[{"href":"https:\/\/consmardelplata.esteri.it\/es\/wp-json\/wp\/v2\/pages\/635","targetHints":{"allow":["GET"]}}],"collection":[{"href":"https:\/\/consmardelplata.esteri.it\/es\/wp-json\/wp\/v2\/pages"}],"about":[{"href":"https:\/\/consmardelplata.esteri.it\/es\/wp-json\/wp\/v2\/types\/page"}],"author":[{"embeddable":true,"href":"https:\/\/consmardelplata.esteri.it\/es\/wp-json\/wp\/v2\/users\/3"}],"replies":[{"embeddable":true,"href":"https:\/\/consmardelplata.esteri.it\/es\/wp-json\/wp\/v2\/comments?post=635"}],"version-history":[{"count":1,"href":"https:\/\/consmardelplata.esteri.it\/es\/wp-json\/wp\/v2\/pages\/635\/revisions"}],"predecessor-version":[{"id":2223,"href":"https:\/\/consmardelplata.esteri.it\/es\/wp-json\/wp\/v2\/pages\/635\/revisions\/2223"}],"up":[{"embeddable":true,"href":"https:\/\/consmardelplata.esteri.it\/es\/wp-json\/wp\/v2\/pages\/214"}],"wp:attachment":[{"href":"https:\/\/consmardelplata.esteri.it\/es\/wp-json\/wp\/v2\/media?parent=635"}],"curies":[{"name":"wp","href":"https:\/\/api.w.org\/{rel}","templated":true}]}}