{"id":639,"date":"2023-05-16T12:46:15","date_gmt":"2023-05-16T15:46:15","guid":{"rendered":"https:\/\/consmardelplata.esteri.it\/?page_id=639"},"modified":"2024-02-09T09:42:40","modified_gmt":"2024-02-09T12:42:40","slug":"el-consejo-general-de-los-italianos-en-el-exterior-c-g-i-e","status":"publish","type":"page","link":"https:\/\/consmardelplata.esteri.it\/es\/servizi-consolari-e-visti\/servizi-per-il-cittadino-italiano\/servizi-elettorali\/el-consejo-general-de-los-italianos-en-el-exterior-c-g-i-e\/","title":{"rendered":"EL CONSEJO GENERAL DE LOS ITALIANOS EN EL EXTERIOR (C.G.I.E)"},"content":{"rendered":"<p>Establecido por Ley n. 368\/1989 (modificada por Ley n. 198\/1998) y reglamentado por el Decreto presidencial n. 329\/1998, el C.G.I.E. realiza actividad consultiva para el Gobierno acerca de los grandes temas de inter\u00e9s para los italianos en el exterior. El C.G.I.E. fue el primer paso hacia la participaci\u00f3n activa en la vida pol\u00edtica italiana de las colectividades italianas en el mundo y es la instituci\u00f3n esencial para su vinculaci\u00f3n permanente con Italia.<\/p>\n<p>El Consejo General de los Italianos en el Exterior se re\u00fane en la Asamblea Plenaria, las Comisiones Continentales y las Comisiones Tem\u00e1ticas. Conforman al C.G.I.E. 94 integrantes; de ellos 65 son elegidos cada cinco a\u00f1os por asambleas electorales locales (conformadas por los COMITES y representantes de asociaciones) en los distintos pa\u00edses donde hay comunidades de ciudadanos italianos (las \u00faltimas elecciones se realizaron en junio de 2004). Los dem\u00e1s integrantes (29 en total) son nombrados por el Primer Ministro, en base a designaciones de las Asociaciones nacionales de la emigraci\u00f3n, de los Partidos con representaci\u00f3n parlamentarias, de los Sindicatos y de los Patronatos m\u00e1s representativos.<\/p>\n<p>El Presidente del CGIE es el Ministro de Relaciones Exteriores; el CGIE elige al Secretario General (a quien corresponde convocar a la Asamblea plenaria y el Comit\u00e9 de Presidencia, dirigir los procedimientos y dar ejecuci\u00f3n a las decisiones de los mismos), a los cuatro Vice Secretarios Generales (para Europa y Africa del Norte; para Am\u00e9rica Latina; para los Pa\u00edses Aglosajones Extraeuropeos; para el grupo de integrantes nombrados por el Gobierno) y al Comit\u00e9 de Presidencia (que est\u00e1 conformado por 17 miembros y se re\u00fane por lo menos 6 veces por a\u00f1o).<br \/>\nEn las dos Asambleas Plenarias anuales el CGIE, instituci\u00f3n consultiva, analiza los problemas de las colectividades italianas en el extranjero, da pareceres, propuestas y recomendaciones acerca de iniciativas legislativas o administrativas del Estado nacional o de las Regiones, tratados internacionales y normativa de la Uni\u00f3n Europea que tenga inter\u00e9s para las colectividades italianas en el exterior. El CGIE brinda un parecer obligatorio acerca de los programas del Gobierno en las siguientes materias: fondos asignados a favor de las comunidades en el exterior; programas plurianuales y fondos correspondientes para la pol\u00edtica escolar, la capacitaci\u00f3n profesional y la seguridad social y provisional, criterios para la concesi\u00f3n de subsidios a asociaciones nacionales, patronatos, instituciones de capacitaci\u00f3n profesional, \u00f3rganos de prensa e informaci\u00f3n, programas radiales y de televisi\u00f3n para las colectividades en el extranjero, l\u00edneas de reforma de los servicios consulares, escolares y sociales.<\/p>\n<p><strong>La informaci\u00f3n sobre la composici\u00f3n del CGIE y sobre las actividades desarrolladas se encuentran publicadas en el sitio web correspondiente: <\/strong><a href=\"https:\/\/www.cgieonline.it\/\">https:\/\/www.cgieonline.it\/<\/a> .<\/p>\n<p>&nbsp;<\/p>\n","protected":false},"excerpt":{"rendered":"Establecido por Ley n. 368\/1989 (modificada por Ley n. 198\/1998) y reglamentado por el Decreto presidencial n. 329\/1998, el C.G.I.E. realiza actividad consultiva para el Gobierno acerca de los grandes temas de inter\u00e9s para los italianos en el exterior. El C.G.I.E. fue el primer paso hacia la participaci\u00f3n activa en la vida pol\u00edtica italiana de [&hellip;]","protected":false},"author":3,"featured_media":0,"parent":214,"menu_order":0,"comment_status":"closed","ping_status":"closed","template":"","meta":{"footnotes":""},"class_list":["post-639","page","type-page","status-publish","hentry"],"_links":{"self":[{"href":"https:\/\/consmardelplata.esteri.it\/es\/wp-json\/wp\/v2\/pages\/639","targetHints":{"allow":["GET"]}}],"collection":[{"href":"https:\/\/consmardelplata.esteri.it\/es\/wp-json\/wp\/v2\/pages"}],"about":[{"href":"https:\/\/consmardelplata.esteri.it\/es\/wp-json\/wp\/v2\/types\/page"}],"author":[{"embeddable":true,"href":"https:\/\/consmardelplata.esteri.it\/es\/wp-json\/wp\/v2\/users\/3"}],"replies":[{"embeddable":true,"href":"https:\/\/consmardelplata.esteri.it\/es\/wp-json\/wp\/v2\/comments?post=639"}],"version-history":[{"count":1,"href":"https:\/\/consmardelplata.esteri.it\/es\/wp-json\/wp\/v2\/pages\/639\/revisions"}],"predecessor-version":[{"id":1877,"href":"https:\/\/consmardelplata.esteri.it\/es\/wp-json\/wp\/v2\/pages\/639\/revisions\/1877"}],"up":[{"embeddable":true,"href":"https:\/\/consmardelplata.esteri.it\/es\/wp-json\/wp\/v2\/pages\/214"}],"wp:attachment":[{"href":"https:\/\/consmardelplata.esteri.it\/es\/wp-json\/wp\/v2\/media?parent=639"}],"curies":[{"name":"wp","href":"https:\/\/api.w.org\/{rel}","templated":true}]}}