{"id":711,"date":"2023-05-16T13:06:25","date_gmt":"2023-05-16T16:06:25","guid":{"rendered":"https:\/\/consmardelplata.esteri.it\/?page_id=711"},"modified":"2023-06-09T12:56:04","modified_gmt":"2023-06-09T15:56:04","slug":"adopciones","status":"publish","type":"page","link":"https:\/\/consmardelplata.esteri.it\/es\/servizi-consolari-e-visti\/servizi-per-il-cittadino-italiano\/altri-servizi\/adopciones\/","title":{"rendered":"Adopciones"},"content":{"rendered":"<p><a href=\"https:\/\/consmardelplata.esteri.it\/wp-content\/uploads\/2023\/05\/informativa_privacy_tutti_gli_uffici.pdf\">Informativa sulla protezione delle persone fisiche con riguardo al trattamento dei dati personali<\/a><\/p>\n<p>RECONOCIMIENTO DE SENTENCIAS DE ADOPCION ARGENTINAS EN ITALIA<\/p>\n<p>Los ciudadanos italianos inscriptos en AIRE de un Comune italiano, pueden solicitar el reconocimiento de las sentencias de adopci\u00f3n de sus hijos al Tribunal de Menores italiano competente.<\/p>\n<p>El tr\u00e1mite de reconocimiento no es totalmente autom\u00e1tico; la solicitud puede ser denegada por el Tribunal italiano competente por cuestiones tanto de forma como de fondo (quedando abierta la instancia de apelaci\u00f3n) y puede demorar un tiempo considerable.<\/p>\n<p>Si la adopci\u00f3n plena se produjo antes de que el adoptado cumpliera 18 a\u00f1os, una vez que se expide favorablemente el Tribunal de Menores italiano, se env\u00eda dicho dictamen y el acta de nacimiento del adoptado al Comune de inscripci\u00f3n del adoptante de ciudadan\u00eda italiana.<\/p>\n<p>En caso de adopci\u00f3n posterior al cumplimiento de los 18 a\u00f1os del adoptado, o si los adoptantes de ciudadan\u00eda italiana hubieren fallecido, se ruega consultar previamente el caso en la Oficina de Ciudadan\u00eda de este Consulado.<\/p>\n<p>DOCUMENTACION A PRESENTAR:<br \/>\n1) ACTA (no certificado) de nacimiento argentina con anotaci\u00f2n marginal referente a la adopci\u00f2n, traducida al italiano;<\/p>\n<p>2) Testimonio de la sentencia de adopci\u00f3n plena expedida por el Tribunal argentino, legalizada por el Ministerio de Relaciones Exteriores Argentino (Arenales n. 821 Buenos Aires) y traducida al italiano por traductor p\u00fablico debido a la complejidad del texto jur\u00eddico;<br \/>\nEn el texto del testimonio deben constar los siguientes datos:<br \/>\na) los datos completos de adoptantes y adoptado: nombres, apellidos, lugar y fecha de nacimiento<br \/>\nb) fecha en que la sentencia pas\u00f2 a cosa juzgada.<br \/>\nEn el caso en que no figuren deber\u00e0 solicitarse al mismo Juzgado que expida una nota ampliatoria con los datos mencionados.<br \/>\nEn este caso ambos documentos pueden ser legalizados y traducidos en una \u00f9nica soluci\u00f2n.<\/p>\n<p>3) DNI actualizado de adoptantes y adoptado, en original y copia.<\/p>\n<p>Para este tr\u00e0mite y\/o eventuales consultas sobre el mismo, el interesado mayor de 18 a\u00f1os deber\u00e0 consultar por email la oficina \u00abcittadinanza\u00bb: cit.mardelplata@esteri.it o turni.mardelplata@esteri.it .<\/p>\n<p>En cambio si el adoptado es menor de 18 a\u00f1os, los padres deber\u00e0n presentarse ante la oficina \u201canagrafe &#8211; stato civile\u201d con turno (ver: prenota on line).<\/p>\n","protected":false},"excerpt":{"rendered":"Informativa sulla protezione delle persone fisiche con riguardo al trattamento dei dati personali RECONOCIMIENTO DE SENTENCIAS DE ADOPCION ARGENTINAS EN ITALIA Los ciudadanos italianos inscriptos en AIRE de un Comune italiano, pueden solicitar el reconocimiento de las sentencias de adopci\u00f3n de sus hijos al Tribunal de Menores italiano competente. El tr\u00e1mite de reconocimiento no es [&hellip;]","protected":false},"author":3,"featured_media":0,"parent":226,"menu_order":0,"comment_status":"closed","ping_status":"closed","template":"","meta":{"footnotes":""},"class_list":["post-711","page","type-page","status-publish","hentry"],"_links":{"self":[{"href":"https:\/\/consmardelplata.esteri.it\/es\/wp-json\/wp\/v2\/pages\/711","targetHints":{"allow":["GET"]}}],"collection":[{"href":"https:\/\/consmardelplata.esteri.it\/es\/wp-json\/wp\/v2\/pages"}],"about":[{"href":"https:\/\/consmardelplata.esteri.it\/es\/wp-json\/wp\/v2\/types\/page"}],"author":[{"embeddable":true,"href":"https:\/\/consmardelplata.esteri.it\/es\/wp-json\/wp\/v2\/users\/3"}],"replies":[{"embeddable":true,"href":"https:\/\/consmardelplata.esteri.it\/es\/wp-json\/wp\/v2\/comments?post=711"}],"version-history":[{"count":0,"href":"https:\/\/consmardelplata.esteri.it\/es\/wp-json\/wp\/v2\/pages\/711\/revisions"}],"up":[{"embeddable":true,"href":"https:\/\/consmardelplata.esteri.it\/es\/wp-json\/wp\/v2\/pages\/226"}],"wp:attachment":[{"href":"https:\/\/consmardelplata.esteri.it\/es\/wp-json\/wp\/v2\/media?parent=711"}],"curies":[{"name":"wp","href":"https:\/\/api.w.org\/{rel}","templated":true}]}}