{"id":2009,"date":"2024-02-23T09:57:51","date_gmt":"2024-02-23T12:57:51","guid":{"rendered":"https:\/\/consmardelplata.esteri.it\/?page_id=2009"},"modified":"2024-03-07T14:34:29","modified_gmt":"2024-03-07T17:34:29","slug":"bando-di-gara-ed-allegati","status":"publish","type":"page","link":"https:\/\/consmardelplata.esteri.it\/it\/servizi-consolari-e-visti\/servizi-per-il-cittadino-italiano\/altri-servizi\/albo-consolare\/bando-di-gara-ed-allegati\/","title":{"rendered":"F.A.Q."},"content":{"rendered":"<p><strong><span style=\"text-decoration: underline;\">Pregunta 1<\/span><\/strong>: <strong>Se puede presentar oferta sin incluir el servicio de deposito y guarda? Que caracteristicas debe tener el deposito?<\/strong><\/p>\n<p><strong><span style=\"text-decoration: underline;\">Respuesta 1<\/span><\/strong>: Seg\u00fan el art\u00edculo 1 del aviso n. 2491 del 22 de febrero 2024, el servicio de transporte, dep\u00f3sito y custodia del original en papel de los documentos digitalizados constituye parte integrante de la licitaci\u00f3n y por lo tanto la oferta no puede referirse exclusivamente al servicio de digitalizaci\u00f3n. Resumiendo, no se podr\u00e1 presentar una oferta que no incluya el servicio de dep\u00f3sito y custodia de los originales en papel, servicio que debe poseer las caracter\u00edsticas indicadas en el art\u00edculo 23 del anexo 2(a): El dep\u00f3sito del Operador Econ\u00f3mico para el almacenamiento de los documentos deber\u00e1: 1. estar situado en la circunscripci\u00f3n consular del Consulado de Italia en Mar del Plata (vease <a href=\"https:\/\/consmardelplata.esteri.it\/es\/chi-siamo\/la-sede\/\">https:\/\/consmardelplata.esteri.it\/es\/chi-siamo\/la-sede\/<\/a> ) y en todo caso a una distancia tal que permita la r\u00e1pida ejecuci\u00f3n de las solicitudes de consulta y facilite la r\u00e1pida inspecci\u00f3n por parte del personal; 2. ser adecuado para su uso como archivo (demostrar el uso espec\u00edfico previsto); 3. respetar todas las condiciones ambientales, higi\u00e9nicas y termohigrom\u00e9tricas para el almacenamiento de material en papel; 4. cumplir las normas antis\u00edsmicas, antincendios y de seguridad de las instalaciones y disponer de una certificaci\u00f3n antincendios, adecuada a la cantidad de documentaci\u00f3n objeto del servicio; 5. estar en plena disponibilidad del Operador Econ\u00f3mico en la fecha de publicaci\u00f3n del anuncio de licitaci\u00f3n.<\/p>\n<p>&nbsp;<\/p>\n<p><strong><span style=\"text-decoration: underline;\">Pregunta 2:<\/span> \u00bfSe admite la subcontrataci\u00f3n del servicio de dep\u00f3sito y custodia?<\/strong><\/p>\n<p><span style=\"text-decoration: underline;\"><strong>Respuesta 2:<\/strong><\/span>\u00a0Seg\u00fan el art\u00edculo 1 del aviso n. 2491 del 22 de febrero 2024, el servicio de transporte, dep\u00f3sito y custodia del original en papel de los documentos digitalizados constituye parte integrante de la licitaci\u00f3n y por lo tanto la oferta no puede referirse exclusivamente al servicio de digitalizaci\u00f3n. Teniendo en cuenta el car\u00e1cter auxiliar del servicio de dep\u00f3sito y custodia con respecto a la actividad principal de digitalizaci\u00f3n, se admite la subcontrataci\u00f3n del mismo, siempre y cuando sean respetadas las condiciones establecidas en el anexo 2(a). En referencia a la subcontrataci\u00f3n, se remite a lo dispuesto en el art\u00edculo 119 del Decreto Legislativo n. 36\/2023 y a lo indicado en el art\u00edculo 14 del Decreto n. 192 del 2 de noviembre de 2017. En particular, seg\u00fan el mencionado art\u00edculo 14: a) el contratista principal asumir\u00e1 la plena responsabilidad frente al Consulado por la totalidad del contrato; b) el contratista indica en su oferta las partes del contrato, si las hubiere, que pretende subcontratar y los subcontratistas propuestos; c) el subcontratista debe cumplir los requisitos establecidos en el anuncio en relaci\u00f3n con el servicio cubierto por el subcontrato. Se aclara que el Operador Econ\u00f3mico tendr\u00e1 que ilustrar y describir, en la oferta t\u00e9cnica (en la secci\u00f3n A.4), las caracter\u00edsticas del servicio de dep\u00f3sito y custodia ofrecido y eventualmente subcontratado y que la oferta econ\u00f3mica deber\u00e1 incluir tambi\u00e9n los costos del servicio subcontratado. La oferta t\u00e9cnica y la oferta econ\u00f3mica constituyen parte integrante y sustancial del contrato. La constataci\u00f3n de su incumplimiento, constituye causal de resoluci\u00f3n del contrato imputable al Proveedor y conlleva as\u00ed mismo la aplicaci\u00f3n de las penalidades indicadas en el art\u00edculo 16 del anexo 8 (Esquema contractual).<\/p>\n","protected":false},"excerpt":{"rendered":"Pregunta 1: Se puede presentar oferta sin incluir el servicio de deposito y guarda? Que caracteristicas debe tener el deposito? Respuesta 1: Seg\u00fan el art\u00edculo 1 del aviso n. 2491 del 22 de febrero 2024, el servicio de transporte, dep\u00f3sito y custodia del original en papel de los documentos digitalizados constituye parte integrante de la [&hellip;]","protected":false},"author":6,"featured_media":0,"parent":98,"menu_order":0,"comment_status":"closed","ping_status":"closed","template":"","meta":{"footnotes":""},"class_list":["post-2009","page","type-page","status-publish","hentry"],"_links":{"self":[{"href":"https:\/\/consmardelplata.esteri.it\/it\/wp-json\/wp\/v2\/pages\/2009","targetHints":{"allow":["GET"]}}],"collection":[{"href":"https:\/\/consmardelplata.esteri.it\/it\/wp-json\/wp\/v2\/pages"}],"about":[{"href":"https:\/\/consmardelplata.esteri.it\/it\/wp-json\/wp\/v2\/types\/page"}],"author":[{"embeddable":true,"href":"https:\/\/consmardelplata.esteri.it\/it\/wp-json\/wp\/v2\/users\/6"}],"replies":[{"embeddable":true,"href":"https:\/\/consmardelplata.esteri.it\/it\/wp-json\/wp\/v2\/comments?post=2009"}],"version-history":[{"count":6,"href":"https:\/\/consmardelplata.esteri.it\/it\/wp-json\/wp\/v2\/pages\/2009\/revisions"}],"predecessor-version":[{"id":2129,"href":"https:\/\/consmardelplata.esteri.it\/it\/wp-json\/wp\/v2\/pages\/2009\/revisions\/2129"}],"up":[{"embeddable":true,"href":"https:\/\/consmardelplata.esteri.it\/it\/wp-json\/wp\/v2\/pages\/98"}],"wp:attachment":[{"href":"https:\/\/consmardelplata.esteri.it\/it\/wp-json\/wp\/v2\/media?parent=2009"}],"curies":[{"name":"wp","href":"https:\/\/api.w.org\/{rel}","templated":true}]}}