{"id":329,"date":"2023-05-16T12:26:07","date_gmt":"2023-05-16T15:26:07","guid":{"rendered":"https:\/\/consmardelplata.esteri.it\/?page_id=329"},"modified":"2023-05-24T11:39:23","modified_gmt":"2023-05-24T14:39:23","slug":"leva-militare","status":"publish","type":"page","link":"https:\/\/consmardelplata.esteri.it\/it\/servizi-consolari-e-visti\/servizi-per-il-cittadino-italiano\/leva-militare\/","title":{"rendered":"Leva militare"},"content":{"rendered":"<p><a title=\"Informativa sulla protezione delle persone fisiche con riguardo al trattamento dei dati personali\" href=\"https:\/\/consmardelplata.esteri.it\/wp-content\/uploads\/2023\/05\/informativa_privacy_tutti_gli_uffici.pdf\" target=\"_blank\" rel=\"noopener\">Informativa sulla protezione delle persone fisiche con riguardo al trattamento dei dati personali<\/a><\/p>\n<p>Fino al 31 dicembre 2004, devono regolarizzare la propria posizione militare tutti i cittadini italiani che non abbiano ancora compiuto il 45\u00b0 anno di et\u00e0 (nati tra il 1959 e il 1985) e che siano in possesso dei requisiti di idoneita&#8217; previsti dalla normativa vigente.<br \/>\nTuttavia i cittadini italiani residenti all\u2019estero (sia quelli nati all\u2019estero che quelli nati in Italia espatriati prima del primo gennaio dell\u2019anno in cui compiono il diciassettesimo anno di et\u00e0), presentandosi in Consolato, possono chiedere la dispensa o l\u2019esonero dalla prestazione del Servizio militare attraverso la procedura dell\u2019arruolamento all\u2019estero. Tale arruolamento d\u00e0 diritto ad ottenere il congedo illimitato dopo il compimento del ventisettesimo anno di et\u00e0. (se ancora residenti all&#8217;estero).<\/p>\n<p>Durante l\u2019anno del compimento del diciottesimo anno di et\u00e0, i cittadini italiani di sesso maschile residenti all&#8217;estero sono comunque tenuti a regolarizzare la propria posizione militare in Consolato onde evitare di incorrere in situazioni irregolari alcune delle quali configurabili come veri e propri reati, come la mancanza alla chiamata alle armi e la renitenza alla leva. Si rammenta che la mancata regolarizzazione della propria posizione militare \u00e8 una delle cause ostative al rilascio del passaporto.<\/p>\n<p>Coloro che sono stati arruolati e dispensati perch\u00e9 residenti all\u2019estero e che intendono rientrare temporaneamente in Italia, dovranno notificarlo previamente al Consolato, affinch\u00e9 sia loro rilasciato un permesso di rientro temporaneo.\u00a0 Per svolgere le pratiche relative alla Leva \u00e8 sufficiente presentarsi in Consolato con un documento d&#8217;identit\u00e0 in corso di validit\u00e0.<\/p>\n<p>Per i figli di entrambi genitori italiani trova applicazione la convenzione italo-argentina del 8 agosto 1938 per il riconoscimento reciproco di validit\u00e0 del servizio militare compiuto nelle forze armate dell\u2019altro Stato. Sono quindi esentati definitivamente dal servizio militare in Italia i figli di entrambi i genitori italiani che abbiano effettuato la ferma di leva in Argentina.<\/p>\n<p>Per ottenere tale beneficio, essi devono presentarsi all\u2019Ufficio Leva con un certificato emesso dall\u2019autorit\u00e0 militare argentina, legalizzato e tradotto in italiano, dal quale sia possibile desumere che l\u2019interessato ha prestato servizio di leva nelle forze armate argentine.<\/p>\n<hr \/>\n<p>IMPORTANTE:<br \/>\nLa Legge 23 agosto 2004, n. 226, concernente, fra l&#8217;altro, la sospensione anticipata del servizio obbligatorio di leva, ha fissato al 31\/12\/2004 la data dell&#8217;ultima chiamata alle armi per gli appartenenti alla classe 1985 e precedenti.<br \/>\nDal 01\/01\/2005 VIENE SOSPESA LA FERMA DI LEVA.<br \/>\nVerranno successivamente forniti ulteriori aggiornamenti al riguardo.<br \/>\nPer informazioni vedi il sito:\u00a0<a href=\"http:\/\/www.governo.it\/GovernoInforma\/Dossier\/leva\">www.governo.it\/GovernoInforma\/Dossier\/leva<\/a><\/p>\n","protected":false},"excerpt":{"rendered":"Informativa sulla protezione delle persone fisiche con riguardo al trattamento dei dati personali Fino al 31 dicembre 2004, devono regolarizzare la propria posizione militare tutti i cittadini italiani che non abbiano ancora compiuto il 45\u00b0 anno di et\u00e0 (nati tra il 1959 e il 1985) e che siano in possesso dei requisiti di idoneita&#8217; previsti [&hellip;]","protected":false},"author":3,"featured_media":0,"parent":59,"menu_order":0,"comment_status":"closed","ping_status":"closed","template":"","meta":{"footnotes":""},"class_list":["post-329","page","type-page","status-publish","hentry"],"_links":{"self":[{"href":"https:\/\/consmardelplata.esteri.it\/it\/wp-json\/wp\/v2\/pages\/329","targetHints":{"allow":["GET"]}}],"collection":[{"href":"https:\/\/consmardelplata.esteri.it\/it\/wp-json\/wp\/v2\/pages"}],"about":[{"href":"https:\/\/consmardelplata.esteri.it\/it\/wp-json\/wp\/v2\/types\/page"}],"author":[{"embeddable":true,"href":"https:\/\/consmardelplata.esteri.it\/it\/wp-json\/wp\/v2\/users\/3"}],"replies":[{"embeddable":true,"href":"https:\/\/consmardelplata.esteri.it\/it\/wp-json\/wp\/v2\/comments?post=329"}],"version-history":[{"count":0,"href":"https:\/\/consmardelplata.esteri.it\/it\/wp-json\/wp\/v2\/pages\/329\/revisions"}],"up":[{"embeddable":true,"href":"https:\/\/consmardelplata.esteri.it\/it\/wp-json\/wp\/v2\/pages\/59"}],"wp:attachment":[{"href":"https:\/\/consmardelplata.esteri.it\/it\/wp-json\/wp\/v2\/media?parent=329"}],"curies":[{"name":"wp","href":"https:\/\/api.w.org\/{rel}","templated":true}]}}