{"id":67,"date":"2023-04-03T19:27:59","date_gmt":"2023-04-03T17:27:59","guid":{"rendered":"https:\/\/consolatozurigo.esteri.it\/?page_id=67"},"modified":"2026-03-30T12:50:57","modified_gmt":"2026-03-30T15:50:57","slug":"passaporti-e-carte-didentita","status":"publish","type":"page","link":"https:\/\/consmardelplata.esteri.it\/it\/servizi-consolari-e-visti\/servizi-per-il-cittadino-italiano\/passaporti-e-carte-didentita\/","title":{"rendered":"Passaporti"},"content":{"rendered":"<p><strong>I TURNI SONO DISPONIBILI SUL PORTALE PRENOTAMI\u00a0<a href=\"https:\/\/prenotami.esteri.it\/\">https:\/\/prenotami.esteri.it\/<\/a>\u00a0 TUTTI I GIORNI PER UN PERIODO DI 2 SETTIMANE.\u00a0<\/strong><\/p>\n<p><a title=\"Informativa sulla protezione dei dati personali\" href=\"https:\/\/consmardelplata.esteri.it\/wp-content\/uploads\/2023\/05\/informativa_privacy_tutti_gli_uffici.pdf\" target=\"_blank\" rel=\"noopener\">Informativa sulla protezione delle persone fisiche con riguardo al trattamento dei dati personali<\/a><\/p>\n<p>Questo Consolato attualmente rilascia un nuovo modello di passaporto, di tipo elettronico di seconda generazione utilizzando pi\u00f9 moderne tecnologie che offrono standard pi\u00f9 elevati di sicurezza dove vengano apposte le impronte digitali degli interessati (a partire dei 12 anni).<\/p>\n<p><strong>Il passaporto \u00e8 un documento di viaggio e di riconoscimento. Il suo rilascio \u00e8 di competenza dell\u2019Ufficio Passaporti della Circoscrizione consolare in cui il cittadino italiano \u00e8 residente.<\/strong><br \/>\nAnche i cittadini non residenti potrebbero richiedere il passaporto, in questo caso sar\u00e0 necessario attendere il &#8220;nulla osta e delega\u201c dell&#8217;Ufficio competente per il territorio di residenza (Questura o Consolato).<\/p>\n<p>I passaporti hanno validit\u00e0 temporale differenziata in base all&#8217;et\u00e0:<\/p>\n<p>&#8211;\u00a0Tre anni di validit\u00e0 per i minori da 0 a 3 anni;<\/p>\n<p>&#8211;\u00a0Cinque anni di validit\u00e0 per i minori da 3 a 18 anni;<\/p>\n<p>&#8211; Dieci anni di validit\u00e0 per gli adulti.<\/p>\n<p>Il passaporto italiano pu\u00f2 essere utilizzato fino all\u2019ultimo giorno valido e si pu\u00f2 chiederne il rinnovo negli ultimi sei mesi di vigenza.<\/p>\n<p>Per il costo del libretto e la tassa annuale\u00a0(art.27) vedere\u00a0<strong>In evidenza &#8211;\u00a0<a href=\"https:\/\/consmardelplata.esteri.it\/it\/servizi-consolari-e-visti\/servizi-per-il-cittadino-italiano\/tariffa-consolare\/\">Tariffa Consolare<\/a><br \/>\n<\/strong><\/p>\n<p><strong>REQUISITI<\/strong>:<\/p>\n<p>&#8211; i cittadini italiani residenti, per poter richiedere il rilascio del passaporto, devono essere iscritti all\u2019Anagrafe consolare. Occorre inoltre che la loro posizione anagrafica e di stato civile (cambi di domicilio, matrimoni, divorzi, decessi, nascita dei figli) sia aggiornata;<\/p>\n<ul>\n<li>Si informano i connazionali, genitori di figli minori, che <strong>a partire dal 14 giugno 2023 non sar\u00e0 pi\u00f9 necessario presentare l\u2019atto di assenso dell\u2019altro genitore ai fini del rilascio del proprio documento d\u2019identit\u00e0 (passaporto e CIE), ai sensi del D.L. 69\/2023.<\/strong>Nello specifico il novellato articolo 3-bis della L. 1185\/1967 indica che, quando vi \u00e8 concreto e attuale pericolo che a causa del trasferimento all&#8217;estero\u00a0 questo\u00a0 possa sottrarsi all&#8217;adempimento dei suoi obblighi verso i figli, sar\u00e0 possibile per l\u2019altro genitore richiedere una inibitoria al rilascio del documento. L\u2019istanza potr\u00e0 essere presentata presso il giudice competente presso il Tribunale ordinario in cui il minore ha la residenza abituale ovvero, se il minore \u00e8 residente all\u2019estero, il Tribunale nel cui circondario si trova il suo Comune di iscrizione AIRE. <strong>Ai fini del rilascio dei documenti per i minori, invece, resta l\u2019obbligo dell\u2019assenso firmato da entrambi i genitori o da chi esercita la responsabilit\u00e0 genitoriale.<\/strong><\/li>\n<\/ul>\n<p>L\u2019assenso al rilascio del passaporto di un minore pu\u00f2 essere manifestato in una delle seguenti forme:<\/p>\n<ul>\n<li>personalmente presso questo Consolato il giorno del turno (si ricorda che chi d\u00e0 l\u2019assenso deve essere munito di un documento valido di identit\u00e0, in originale e fotocopia semplice);<\/li>\n<li>personalmente presso un qualsiasi Ufficio della Pubblica Amministrazione Italiana (abilitato ad autenticare firme: es. Questura o altri rappresentanze diplomatico-consolari);<\/li>\n<li>con una procura (\u201cpoder\u201d) effettuato da un notaio argentino, con successiva apposizione dell\u2019Apostille e traduzione in italiano.<\/li>\n<\/ul>\n<p>I cittadini dell\u2019Unione Europea possono manifestare l\u2019assenso compilando e firmando l\u2019<strong><a href=\"https:\/\/consmardelplata.esteri.it\/wp-content\/uploads\/2023\/06\/Modulo-assenso-cittadini-UE.pdf\">apposito modulo<\/a><\/strong>\u00a0e\u00a0<strong>allegando copia di un documento rilasciato da un\u00a0 Paese dell\u2019Unione Europea ove appaia la firma del dichiarante.<\/strong><\/p>\n<p>&#8211; in caso di furto o di smarrimento del passaporto, per ottenerne uno nuovo \u00e8 necessario presentare la denuncia resa davanti alle Autorit\u00e0 argentine in cui sia indicato l&#8217;Ente che aveva emesso il documento e, se possibile, il numero e la data di rilascio del medesimo;<\/p>\n<p>&#8211; qualora il richiedente si trovi in una situazione di emergenza (ad esempio, un turista in transito che smarrisca o venga derubato del passaporto) e non vi sia il tempo sufficiente per richiedere alla Questura o al Consolato che ha rilasciato il documento smarrito il necessario &#8220;nulla osta&#8221; all\u2019emissione di un nuovo libretto, il Consolato rilascia l&#8217;ETD &#8220;Emergency Travel Document&#8221;\u00a0<a href=\"http:\/\/www.esteri.it\/MAE\/IT\/Italiani_nel_Mondo\/ServiziConsolari\/Documenti_di_Viaggio\/ETD.htm\">(per maggiori informazioni cliccare qui);<\/a><\/p>\n<p>&#8211; l\u2019Ufficio Passaporti si riserva di richiedere tutta la documentazione necessaria per verificare il possesso dei requisiti e dell\u2019effettivo domicilio nella Circoscrizione;<\/p>\n<p>&#8211; <strong>La fotografia viene realizzata<\/strong> <strong>gratuitamente<\/strong> presso il Consolato per i bambini di et\u00e0 superiore ai 3 anni. <strong>Per i minori di 3 anni si richiede la presentazione di una fotografia formato 4&#215;4<\/strong>, di <strong data-start=\"313\" data-end=\"323\">fronte<\/strong> e con <strong data-start=\"330\" data-end=\"347\">sfondo bianco <\/strong>(vedere <a href=\"https:\/\/consmardelplata.esteri.it\/wp-content\/uploads\/2023\/05\/all_03_-_passaporto_requisiti_fotografia_e_specifiche_icao.pdf\">FOTOGRAFIA passaporto_requisiti<\/a> per evitare il rigetto della foto da parte delle nuove macchine che valutano la correttezza del formato);<\/p>\n<p>&#8211; Si rende noto che a partire dal 26 giugno 2012 i minori iscritti sul passaporto dei genitori dovranno munirsi di passaporto individuale, in quanto non potranno pi\u00f9 viaggiare se non muniti di passaporto individuale.<\/p>\n<p><strong><br \/>\nCOME RICHIEDERE IL PASSAPORTO:\u00a0PORTALE\u00a0<a href=\"https:\/\/prenotami.esteri.it\/\">PRENOT@MI<\/a><br \/>\n<\/strong><br \/>\n1.\u00a0Controlla di aver ben compilato il\u00a0<strong>formulario<\/strong>: formulari incompleti o mal compilati saranno rifiutati. Il turno sar\u00e0 annullato e dovrai richiedere un nuovo turno.<\/p>\n<p>2. Ricorda: il calendario far\u00e0 vedere la prima data disponibile. Se la data \u00e9 in rosso, significa che i turni sono tutti occupati, per cui dovrai selezionare le caselle in verde o arancione.<\/p>\n<p>3.\u00a0Si ricorda che \u00e9 obbligo del cittadino tenere aggiornati i dati relativi alla posizione\u00a0<strong>anagrafica<\/strong>\u00a0e allo\u00a0<strong>stato civile<\/strong>\u00a0(cambio di domicilio, matrimoni, divorzi, morte dei familiari, nascita dei figli). Il documento (DNI)\u00a0deve essere in corso di validit\u00e0 (DNI &#8220;tessera&#8221;). Nel caso in cui la richiesta abbia dei dati discordanti, il turno per il rilascio del passaporto verr\u00e0 cancellato e comunicato al richiedente all\u2019indirizzo e-mail dichiarato.<\/p>\n<p><strong>4. Si comunica che, per il servizio Passaporti, ogni giorno sono visualizzabili i turni disponibili per un periodo di 2 settimane. Se non appaiono turni disponibili nel predetto periodo, significa che sono stati gi\u00e0 prenotati da altre persone. In questo caso, ogni domenica, luned\u00ec, marted\u00ec, mercoled\u00ec e gioved\u00ec (alle ore 24 orario italiano &#8211; 19hs orario argentino) si render\u00e0 disponibile un nuovo giorno con nuovi turni liberi.<\/strong><\/p>\n<p><strong>5. Si comunica che i connazionali nati in Italia che abbiano pi\u00f9 di settanta anni e non abbiano altro documento per viaggiare se non il passaporto italiano, possono far presente particolari esigenze che riguardino il rilascio del passaporto italiano, scrivendo una mail\u00a0<\/strong><strong>al seguente indirizzo:\u00a0<a href=\"mailto:passaporti.mardelplata@esteri.itLa\">passaporti.mardelplata@esteri.it<\/a> allegando il seguente <a href=\"https:\/\/consmardelplata.esteri.it\/wp-content\/uploads\/2023\/05\/richiesta_passaporto-7.doc\">formulario.\u00a0 <\/a><\/strong>La mail in parola deve avere ad oggetto :\u00a0italiano ultrasettantenne &#8211; rilascio passaporto<\/p>\n","protected":false},"excerpt":{"rendered":"I TURNI SONO DISPONIBILI SUL PORTALE PRENOTAMI\u00a0https:\/\/prenotami.esteri.it\/\u00a0 TUTTI I GIORNI PER UN PERIODO DI 2 SETTIMANE.\u00a0 Informativa sulla protezione delle persone fisiche con riguardo al trattamento dei dati personali Questo Consolato attualmente rilascia un nuovo modello di passaporto, di tipo elettronico di seconda generazione utilizzando pi\u00f9 moderne tecnologie che offrono standard pi\u00f9 elevati di sicurezza [&hellip;]","protected":false},"author":1,"featured_media":0,"parent":59,"menu_order":0,"comment_status":"closed","ping_status":"closed","template":"","meta":{"footnotes":""},"class_list":["post-67","page","type-page","status-publish","hentry"],"_links":{"self":[{"href":"https:\/\/consmardelplata.esteri.it\/it\/wp-json\/wp\/v2\/pages\/67","targetHints":{"allow":["GET"]}}],"collection":[{"href":"https:\/\/consmardelplata.esteri.it\/it\/wp-json\/wp\/v2\/pages"}],"about":[{"href":"https:\/\/consmardelplata.esteri.it\/it\/wp-json\/wp\/v2\/types\/page"}],"author":[{"embeddable":true,"href":"https:\/\/consmardelplata.esteri.it\/it\/wp-json\/wp\/v2\/users\/1"}],"replies":[{"embeddable":true,"href":"https:\/\/consmardelplata.esteri.it\/it\/wp-json\/wp\/v2\/comments?post=67"}],"version-history":[{"count":6,"href":"https:\/\/consmardelplata.esteri.it\/it\/wp-json\/wp\/v2\/pages\/67\/revisions"}],"predecessor-version":[{"id":4975,"href":"https:\/\/consmardelplata.esteri.it\/it\/wp-json\/wp\/v2\/pages\/67\/revisions\/4975"}],"up":[{"embeddable":true,"href":"https:\/\/consmardelplata.esteri.it\/it\/wp-json\/wp\/v2\/pages\/59"}],"wp:attachment":[{"href":"https:\/\/consmardelplata.esteri.it\/it\/wp-json\/wp\/v2\/media?parent=67"}],"curies":[{"name":"wp","href":"https:\/\/api.w.org\/{rel}","templated":true}]}}