{"id":85,"date":"2023-04-03T19:28:49","date_gmt":"2023-04-03T17:28:49","guid":{"rendered":"https:\/\/consolatozurigo.esteri.it\/?page_id=85"},"modified":"2025-11-04T13:45:59","modified_gmt":"2025-11-04T16:45:59","slug":"anagrafe-degli-italiani-residenti-allestero-aire","status":"publish","type":"page","link":"https:\/\/consmardelplata.esteri.it\/it\/servizi-consolari-e-visti\/servizi-per-il-cittadino-italiano\/anagrafe-degli-italiani-residenti-allestero-aire\/","title":{"rendered":"Anagrafe degli Italiani residenti all\u2019estero (AIRE)"},"content":{"rendered":"<p><strong>I cittadini italiani che risiedono stabilmente all\u2019estero devono comunicare <u>tempestivamente<\/u> tutte le variazioni anagrafiche e di stato civile<\/strong> (cambio dell\u2019indirizzo di residenza, nascite, matrimoni, divorzi, ecc.).\u00a0<strong>Si tratta di adempimenti, che oltre a derivare da precise norme di legge, costituiscono la premessa indispensabile per poter usufruire dei servizi consolari<\/strong>\u00a0(es. rilascio del passaporto e CIE, esercizio del diritto di voto, ecc.).<\/p>\n<p>L\u2019iscrizione all\u2019AIRE \u00e8 GRATUITA.<\/p>\n<h4>Chi si deve iscrivere all\u2019AIRE<\/h4>\n<p><strong>L\u2019iscrizione \u00e8 obbligatoria per:<\/strong><\/p>\n<ul>\n<li>i cittadini italiani che hanno trasferito la loro residenza dall\u2019Italia all\u2019estero, ivi inclusi coloro che siano diventati cittadini italiani a seguito di procedimenti di ricostruzione della cittadinanza effettuati in Italia presso un Comune. L\u2019iscrizione all\u2019AIRE comporta la contestuale cancellazione dall\u2019Anagrafe della Popolazione Residente (A.P.R.) del Comune di provenienza.<\/li>\n<li>le persone nate e residenti all\u2019estero che possiedono la cittadinanza italiana;<\/li>\n<\/ul>\n<p>ATTENZIONE:<\/p>\n<p><strong>\u00a0 \u00a0 \u00a0 Per i connazionali che hanno sempre risieduto all\u2019estero<\/strong>\u00a0e sono diventati cittadini italiani a seguito di procedimenti di ricostruzione della cittadinanza effettuati <strong>presso questo Consolato<\/strong>,\u00a0<strong>non \u00e8 necessario eseguire nessuna dichiarazione<\/strong>, in quanto l\u2019iscrizione all\u2019A.I.R.E. \u00e8 stata gi\u00e0 richiesta dal Consolato al Comune. <strong><u>La dichiarazione andr\u00e0 invece effettuata da parte dei connazionali che abbiano ricostruito la cittadinanza presso altre Sedi<\/u>.<\/strong><\/p>\n<p><strong>Cosa accade se non ci si iscrive all\u2019A.I.R.E.<\/strong><\/p>\n<p>Chiunque, avendo obblighi anagrafici, contravviene alle disposizioni della Legge 24 dicembre 1954, n. 1228, della Legge 27 ottobre 1988, n. 470, e dei regolamenti di esecuzione delle predette leggi \u00e8 soggetto a sanzioni pecuniarie amministrative, cos\u00ec come previsto dalla Legge 30 dicembre 2023, n. 213.\u00a0<strong>L\u2019Autorit\u00e0 competente all\u2019accertamento e all\u2019irrogazione della sanzione \u00e8 il Comune nella cui anagrafe \u00e8 iscritto il trasgressore.<\/strong><\/p>\n<p>Il procedimento accertativo e sanzionatorio in capo ai Comuni \u00e8 disciplinato dalla L. 24 novembre 1981, n. 689, il cui art. 1 prevede che \u201cNessuno pu\u00f2 essere assoggettato a sanzioni amministrative se non in forza di una legge che sia entrata in vigore prima della commissione della violazione\u201d.<\/p>\n<p><strong>Chi non deve iscriversi all\u2019AIRE<\/strong><\/p>\n<p>Non devono iscriversi all\u2019AIRE:<\/p>\n<ul>\n<li>i cittadini che si recano all\u2019estero per cause di durata limitata non superiore a dodici mesi;<\/li>\n<li>i cittadini che si recano all\u2019estero per l\u2019esercizio di occupazioni stagionali;<\/li>\n<li>i dipendenti di ruolo dello Stato in servizio all\u2019estero e le persone con essi conviventi, che siano stati notificati alle autorit\u00e0 locali ai sensi delle convenzioni di Vienna sulle relazioni diplomatiche e sulle relazioni consolari, rispettivamente del 1961 e del 1963;<\/li>\n<li>i militari italiani (e i loro familiari) in servizio nel territorio di uno Stato parte del Patto Nord Atlantico (NATO), poich\u00e9 la Convenzione di Londra del 19 giugno 1951 esplicitamente dispone che i militari in servizio presso una base NATO non acquisiscono alcun diritto alla residenza permanente o al domicilio nei territori dello Stato ricevente;<\/li>\n<li>i dirigenti scolastici, i docenti ed il personale amministrativo della scuola collocati fuori ruolo ed inviati all&#8217;estero nell&#8217;ambito di attivit\u00e0 scolastiche fuori dal territorio nazionale.<\/li>\n<\/ul>\n<h4>Presentazione della domanda \u2013 Portale FAST-IT<\/h4>\n<p>Tutti gli utenti appartenenti alla circoscrizione consolare di Mar del Plata che dovranno iscriversi all\u2019Anagrafe Consolare oppure comunicare la variazione del proprio indirizzo, <strong>dovranno farlo\u00a0<u>esclusivamente<\/u>\u00a0on-line attraverso il portale Fast It (Servizi Consolari Online)<\/strong>, previa registrazione dell\u2019utente nel sistema (<a href=\"https:\/\/serviziconsolari.esteri.it\/ScoFE\/index.sco\"><strong>https:\/\/serviziconsolarionline.esteri.it<\/strong><\/a>).<strong>\u00a0<\/strong><\/p>\n<p>Solo i connazionali maggiori di anni 70 potranno compilare il modulo scaricabile <strong><a href=\"https:\/\/consmardelplata.esteri.it\/wp-content\/uploads\/2025\/09\/2-formulario_anagrafe_ultrasettantenni.doc\">QUI<\/a><\/strong> e inviare la richiesta tramite posta all\u2019indirizzo: Consolato d\u2019Italia in Mar del Plata \u2013 Ufficio Anagrafe &#8211; Falucho 1416 (7600) -Mar del Plata.<\/p>\n<p>A seguito della registrazione sul portale FAST-IT, nella sezione ANAGRAFE CONSOLARE E AIRE risulteranno accessibili i seguenti servizi:<\/p>\n<ol>\n<li><strong>Visualizzare la propria scheda consolare<\/strong><\/li>\n<\/ol>\n<p>Il servizio\u00a0<em>Visualizzare la propria scheda consolare<\/em>\u00a0consente all\u2019utente gi\u00e0 censito nello schedario consolare di visualizzare, in tempo reale, una sintesi dei suoi dati personali, quali stato civile, figli minori, residenza, ecc.<\/p>\n<p>Per effettuare la\u00a0richiesta di visualizzazione della propria scheda anagrafica\u00a0occorre scansionare e allegare in un unico file in formato PDF<strong>:<\/strong><\/p>\n<ul>\n<li>fronte e retro del documento d\u2019identit\u00e0 (D.N.I. argentino in corso di validit\u00e0);<br \/>\noppure<\/li>\n<li>passaporto italiano in corso di validit\u00e0 (le pagine ove risultino i dati anagrafici e la foto).<\/li>\n<\/ul>\n<ol start=\"2\">\n<li><strong>Comunicare la variazione del proprio indirizzo all\u2019estero<\/strong><\/li>\n<\/ol>\n<p>Se si \u00e8 gi\u00e0 iscritti allo schedario consolare di Mar del Plata, il servizio consente di comunicare il nuovo indirizzo di residenza. Prima di iniziare la procedura online sul portale <a href=\"https:\/\/serviziconsolarionline.esteri.it\/ScoFE\/index.sco\">Fast It<\/a>, \u00e8 consigliabile leggere attentamente le istruzioni e avere a portata di mano i seguenti documenti:<\/p>\n<p><strong>ALLEGATO 1: <\/strong>modulo sottoscritto dal richiedente. Il modulo, generato on-line dalla piattaforma durante la procedura, dovr\u00e0 essere scaricato, stampato, firmato e scansionato.<\/p>\n<p><strong>ALLEGATO 2: <\/strong>fronte e retro del DNI con indirizzo aggiornato di tutti i membri della famiglia conviventi con il dichiarante.<\/p>\n<p><strong>ALLEGATO 3: <\/strong>documentazione attestante la residenza nella Circoscrizione Consolare (esempio: bolletta luce, gas, internet, TV via cavo, o contratto d\u2019affitto registrato su ARCA).<\/p>\n<ol start=\"3\">\n<li><strong>Richiedere l\u2019iscrizione all\u2019Anagrafe degli Italiani Residenti all\u2019Estero (AIRE)<\/strong><\/li>\n<\/ol>\n<p>Il servizio consente di comunicare il trasferimento della propria residenza dall\u2019Italia alla circoscrizione di Mar del Plata, oppure da un\u2019altra Sede Consolare alla nostra circoscrizione.<br \/>\nPer effettuare la\u00a0richiesta di iscrizione occorre scansionare e allegare in formato PDF i seguenti documenti:<\/p>\n<p><strong>ALLEGATO 1: <\/strong>modulo sottoscritto dal richiedente. Il modulo, generato on-line dalla piattaforma, dovr\u00e0 essere scaricato, stampato, firmato e scansionato.<\/p>\n<p><strong>ALLEGATO 2: <\/strong>fronte e retro del DNI con indirizzo aggiornato di tutti i membri della famiglia conviventi con il dichiarante e, se in possesso, documenti italiani (passaporto, carta d\u2019identit\u00e0).<\/p>\n<p><strong>ALLEGATO 3: <\/strong>documentazione attestante la residenza nella Circoscrizione Consolare (esempio: bolletta luce, gas, internet, TV via cavo, o contratto d\u2019affitto registrato su ARCA). Se non si \u00e8 in possesso di una prova di residenza, non \u00e8 possibile richiedere l\u2019iscrizione all\u2019AIRE.<\/p>\n<p><u>Altri requisiti necessari per alcuni casi particolari<\/u>:<\/p>\n<ol>\n<li>le persone riconosciute come cittadini italiani da un Tribunale italiano dovranno allegare, oltre alla documentazione precedentemente menzionata, anche la sentenza di riconoscimento completa (sentenza e certificato di passaggio in giudicato) e le trascrizioni degli atti (estratto dell\u2019atto di nascita, estratto dell\u2019atto di matrimonio \u2013qualora applicabile-) presso il Comune italiano di competenza;<\/li>\n<li>coloro che hanno effettuato la procedura di riconoscimento direttamente presso un Comune italiano dovranno allegare:\u00a0estratto per riassunto del proprio atto di nascita, certificato storico di residenza, eventuale copia della carta d\u2019identit\u00e0 italiana e\/o del passaporto italiano.<\/li>\n<\/ol>\n<p><strong>Le informazioni sullo stato della pratica saranno notificate tramite email una volta lavorata dal Consolato. Sar\u00e0 altres\u00ec possibile controllare gli aggiornamenti nella sezione \u201cultime comunicazioni con il Consolato\u201d tramite il portale.<\/strong><\/p>\n<p>&nbsp;<\/p>\n<p>&nbsp;<\/p>\n","protected":false},"excerpt":{"rendered":"I cittadini italiani che risiedono stabilmente all\u2019estero devono comunicare tempestivamente tutte le variazioni anagrafiche e di stato civile (cambio dell\u2019indirizzo di residenza, nascite, matrimoni, divorzi, ecc.).\u00a0Si tratta di adempimenti, che oltre a derivare da precise norme di legge, costituiscono la premessa indispensabile per poter usufruire dei servizi consolari\u00a0(es. rilascio del passaporto e CIE, esercizio del [&hellip;]","protected":false},"author":1,"featured_media":0,"parent":59,"menu_order":4,"comment_status":"closed","ping_status":"closed","template":"","meta":{"footnotes":""},"class_list":["post-85","page","type-page","status-publish","hentry"],"_links":{"self":[{"href":"https:\/\/consmardelplata.esteri.it\/it\/wp-json\/wp\/v2\/pages\/85","targetHints":{"allow":["GET"]}}],"collection":[{"href":"https:\/\/consmardelplata.esteri.it\/it\/wp-json\/wp\/v2\/pages"}],"about":[{"href":"https:\/\/consmardelplata.esteri.it\/it\/wp-json\/wp\/v2\/types\/page"}],"author":[{"embeddable":true,"href":"https:\/\/consmardelplata.esteri.it\/it\/wp-json\/wp\/v2\/users\/1"}],"replies":[{"embeddable":true,"href":"https:\/\/consmardelplata.esteri.it\/it\/wp-json\/wp\/v2\/comments?post=85"}],"version-history":[{"count":6,"href":"https:\/\/consmardelplata.esteri.it\/it\/wp-json\/wp\/v2\/pages\/85\/revisions"}],"predecessor-version":[{"id":4361,"href":"https:\/\/consmardelplata.esteri.it\/it\/wp-json\/wp\/v2\/pages\/85\/revisions\/4361"}],"up":[{"embeddable":true,"href":"https:\/\/consmardelplata.esteri.it\/it\/wp-json\/wp\/v2\/pages\/59"}],"wp:attachment":[{"href":"https:\/\/consmardelplata.esteri.it\/it\/wp-json\/wp\/v2\/media?parent=85"}],"curies":[{"name":"wp","href":"https:\/\/api.w.org\/{rel}","templated":true}]}}