{"id":87,"date":"2023-04-03T19:29:13","date_gmt":"2023-04-03T17:29:13","guid":{"rendered":"https:\/\/consolatozurigo.esteri.it\/?page_id=87"},"modified":"2025-08-06T10:20:49","modified_gmt":"2025-08-06T13:20:49","slug":"assistenza-ai-cittadini-allestero","status":"publish","type":"page","link":"https:\/\/consmardelplata.esteri.it\/it\/servizi-consolari-e-visti\/servizi-per-il-cittadino-italiano\/assistenza-ai-cittadini-allestero\/","title":{"rendered":"Assistenza ai cittadini all&#8217;estero"},"content":{"rendered":"<p><a title=\"Informativa sulla protezione delle persone fisiche con riguardo al trattamento dei dati personali\" href=\"https:\/\/consmardelplata.esteri.it\/wp-content\/uploads\/2023\/05\/informativa_privacy_tutti_gli_uffici.pdf\" target=\"_blank\" rel=\"noopener\">Informativa sulla protezione delle persone fisiche con riguardo al trattamento dei dati personali<\/a><\/p>\n<p>&nbsp;<\/p>\n<p>Il Consolato interviene a favore dei cittadini italiani, nati in Italia, residenti in questa circoscrizione che versano in condizioni d\u2019indigenza o che presentano condizioni di grave ed estrema necessit\u00e0. <strong>L&#8217;Ufficio Assistenza \u00e8 reperibile al numero 223 (15) 422 2109. Si prega di contattare questo numero per fissare un appuntamento.\u00a0<\/strong><\/p>\n<p>L&#8217;assistenza viene prestata principalmente attraverso i seguenti strumenti:<\/p>\n<p><strong>Concessione di sussidi economici<br \/>\n<\/strong>Si tratta dell&#8217;erogazione di somme di denaro destinate a far fronte alle pi\u00f9 impellenti necessit\u00e0 di ordine materiale. Tali sussidi vengono corrisposti in base alle disponibilit\u00e0 di bilancio e non possono rappresentare in alcun modo una prestazione a carattere continuativo, obbligatorio o di natura pensionistica.<\/p>\n<p>Requisiti indispensabili per l\u2019erogazione del sussidio sono:<\/p>\n<p>&#8211; il possesso della sola cittadinanza italiana, opportunamente certificabile .<br \/>\n&#8211; lo stato d\u2019indigenza.<br \/>\n&#8211; il verificarsi di un fatto eccezionale che giustifichi il sussidio.<br \/>\n&#8211; essere in regola con l\u2019iscrizione AIRE.<\/p>\n<p><strong>Convenzioni medico-sanitarie<br \/>\n<\/strong>Attraverso le Convenzioni stipulate con idonee istituzioni, i cittadini italiani indigenti, residenti nella nostra Circoscrizione, che non possiedono nessun tipo di assistenza sanitaria possono usufruire di assistenza medico-sanitaria.<\/p>\n<p>L\u2019Ufficio assistenza predisporr\u00e0 la visita domiciliare per l\u2019accertamento delle condizioni economiche dell\u2019istante.<\/p>\n<p><strong>Rimpatrio definitivo in Italia<br \/>\n<\/strong>Il rimpatrio a carico dell&#8217;Erario di connazionali residenti all&#8217;estero potr\u00e0 essere effettuato soltanto in favore di persone indigenti, in genere emigrate dall&#8217;Italia da molti anni, le cui condizioni di vita siano estremamente precarie e senza prospettive di miglioramento nel Paese di residenza.<\/p>\n<p>L&#8217;interessato dovr\u00e0 fornire una dichiarazione di familiari disposti ad accogliere il congiunto in Italia e di assumersi le responsabilit\u00e0 connesse con il mantenimento e l&#8217;assistenza del rimpatriando attraverso apposita dichiarazione resa presso il Comune o la Questura di residenza dei familiari stessi. Tale dichiarazione costituisce il requisito imprescindibile por ottenere il rimpatrio a carico dell&#8217;Erario.<\/p>\n<p><strong>Prestiti con promessa di restituzione:<br \/>\n<\/strong>ai cittadini italiani in transito, non residenti in questa circoscrizione, che versino in stato di occasionale ed urgente necessit\u00e0, possono essere concesse erogazioni in denaro (prestiti) per un importo massimo del controvalore in valuta locale di Euro 260. Per importi superiori il Consolato dovr\u00e0 chiedere una preventiva autorizzazione al Ministero degli Affari Esteri.<\/p>\n<p>Qualora il prestito venga richiesto a seguito di un furto, il connazionale dovr\u00e0 presentare all\u2019Autorit\u00e0 Consolare la relativa denuncia effettuata presso la locale Autorit\u00e0 di Polizia, denuncia che sar\u00e0 allegata alla promessa di restituzione debitamente firmata dal connazionale richiedente, dinanzi all\u2019autorit\u00e0 consolare.<\/p>\n<p>L\u2019Ufficio Consolare, prima della concessione del prestito, accerter\u00e0, tramite le competenti Questure, se i familiari residenti in Italia siano disposti ad intervenire in favore dei loro congiunti inviando loro la somma necessaria.<\/p>\n<p><strong>Spese funebri in loco:<\/strong><br \/>\npu\u00f2 venire erogata tale assistenza sotto forma di sostegno finanziario ai familiari indigenti, residenti all\u2019estero. Il Consolato provveder\u00e0 al rimborso totale o parziale delle spese funebri sostenute in loco, nel caso in cui il connazionale non abbia congiunti.<\/p>\n<p><strong>Assistenza legale:<br \/>\n<\/strong>pu\u00f2 essere prestata a connazionali indigenti residenti all\u2019estero in casi di particolare gravit\u00e0 e qualora autorizzati dal Ministero degli Affari Esteri.<br \/>\nNella sua attivit\u00e0 di assistenza ai connazionali il Consolato si avvale della collaborazione dell&#8217;Ufficio Assistenza per Italiani (UAI),\u00a0 gestito da membri della collettivit\u00e0, che fornisce\u00a0 beni di prima necessit\u00e0 ai connazionali in difficolt\u00e0 e segnala i casi pi\u00f9 urgenti all&#8217;Autorit\u00e0 Consolare. Sede in Calle Castelli 3932 \u2013 7600 Mar del Plata.<\/p>\n<h2><\/h2>\n","protected":false},"excerpt":{"rendered":"Informativa sulla protezione delle persone fisiche con riguardo al trattamento dei dati personali &nbsp; Il Consolato interviene a favore dei cittadini italiani, nati in Italia, residenti in questa circoscrizione che versano in condizioni d\u2019indigenza o che presentano condizioni di grave ed estrema necessit\u00e0. L&#8217;Ufficio Assistenza \u00e8 reperibile al numero 223 (15) 422 2109. Si prega [&hellip;]","protected":false},"author":1,"featured_media":0,"parent":59,"menu_order":8,"comment_status":"closed","ping_status":"closed","template":"","meta":{"footnotes":""},"class_list":["post-87","page","type-page","status-publish","hentry"],"_links":{"self":[{"href":"https:\/\/consmardelplata.esteri.it\/it\/wp-json\/wp\/v2\/pages\/87","targetHints":{"allow":["GET"]}}],"collection":[{"href":"https:\/\/consmardelplata.esteri.it\/it\/wp-json\/wp\/v2\/pages"}],"about":[{"href":"https:\/\/consmardelplata.esteri.it\/it\/wp-json\/wp\/v2\/types\/page"}],"author":[{"embeddable":true,"href":"https:\/\/consmardelplata.esteri.it\/it\/wp-json\/wp\/v2\/users\/1"}],"replies":[{"embeddable":true,"href":"https:\/\/consmardelplata.esteri.it\/it\/wp-json\/wp\/v2\/comments?post=87"}],"version-history":[{"count":2,"href":"https:\/\/consmardelplata.esteri.it\/it\/wp-json\/wp\/v2\/pages\/87\/revisions"}],"predecessor-version":[{"id":4198,"href":"https:\/\/consmardelplata.esteri.it\/it\/wp-json\/wp\/v2\/pages\/87\/revisions\/4198"}],"up":[{"embeddable":true,"href":"https:\/\/consmardelplata.esteri.it\/it\/wp-json\/wp\/v2\/pages\/59"}],"wp:attachment":[{"href":"https:\/\/consmardelplata.esteri.it\/it\/wp-json\/wp\/v2\/media?parent=87"}],"curies":[{"name":"wp","href":"https:\/\/api.w.org\/{rel}","templated":true}]}}