{"id":89,"date":"2023-04-03T19:29:38","date_gmt":"2023-04-03T17:29:38","guid":{"rendered":"https:\/\/consolatozurigo.esteri.it\/?page_id=89"},"modified":"2023-09-27T11:13:56","modified_gmt":"2023-09-27T14:13:56","slug":"servizi-notarili","status":"publish","type":"page","link":"https:\/\/consmardelplata.esteri.it\/it\/servizi-consolari-e-visti\/servizi-per-il-cittadino-italiano\/servizi-notarili\/","title":{"rendered":"Servizi notarili"},"content":{"rendered":"<p><a title=\"Informativa sulla protezione delle persone fisiche con riguardo al trattamento dei dati personali\" href=\"https:\/\/consmardelplata.esteri.it\/wp-content\/uploads\/2023\/05\/informativa_privacy_tutti_gli_uffici.pdf\" target=\"_blank\" rel=\"noopener\">Informativa sulla protezione delle persone fisiche con riguardo al trattamento dei dati personali<\/a><\/p>\n<p>&nbsp;<\/p>\n<p><strong>Ricezione pubblico: con appuntamento richiesto tramite e-mail a:\u00a0<a href=\"mailto:assistenza.mardelplata@esteri.it\">assistenza.mardelplata@esteri.it<\/a>\u00a0<\/strong><\/p>\n<p>Le persone che richiedano qualunque atto notarile (procure, deleghe, autentiche di firma, ecc.) devono essere munite di documento d\u2019identit\u00e0 in corso di validit\u00e0 (DNI non superiore ai 10 anni) e, nel caso in cui non sappiano o non possano firmare, devono farsi accompagnare al momento della firma da due testimoni maggiorenni, non parenti del richiedente. I minori di 18 anni e gli incapaci o inabilitati non possono rilasciare atti notarili, se non per mezzo di tutore o curatore legalmente autorizzati.<\/p>\n<div>\n<p>&nbsp;<\/p>\n<p><strong>&#8211; ATTI NOTARILI<\/strong><\/p>\n<p>Per maggiori informazioni:<\/p>\n<\/div>\n<div>\n<p><a href=\"http:\/\/www.esteri.it\/MAE\/IT\/Italiani_nel_Mondo\/ServiziConsolari\/AttiNotarili\/\">http:\/\/www.esteri.it\/MAE\/IT\/Italiani_nel_Mondo\/ServiziConsolari\/AttiNotarili\/<\/a>Si tratta di atti redatti in lingua italiana per i quali \u00e8 richiesta la conoscenza della lingua e la presenza fisica del dichiarante, munito di un documento di identit\u00e0, presso gli uffici del Consolato.<\/p>\n<p>Per la preparazione della documentazione, data la complessit\u00e0 della materia, si consiglia di consultarsi preventivamente con il legale o notaio che in Italia dovr\u00e0 ricevere l&#8217;atto firmato presso l&#8217;Ufficio Consolare, per avere da questi indicazioni di massima su eventuali specifici contenuti che l&#8217;atto stesso dovr\u00e0 riportare e farsi eventualmente mandare bozza dei contenuti.<\/p>\n<p>Una volta ottenuto l\u2019 appuntamento sarebbe opportuno inviare (via mail a\u00a0<a href=\"mailto:assistenza.mardelplata@esteri.it\">assistenza.mardelplata@esteri.it<\/a>\u00a0 in formato word) i contenuti relativi agli atti da redigere a cura dell&#8217;Ufficio Notarile.<\/p>\n<p>I dati che dovranno essere forniti dagli interessati per la preparazione degli atti notarili, da redigere in forma di &#8220;atto pubblico&#8221;, sono i seguenti:<\/p>\n<ul>\n<li>mandante (colui che d\u00e0 mandato\/procura): cognome e nome, luogo e data di nascita, luogo di residenza (citt\u00e0, via\/piazza, numero civico), codice fiscale italiano;<\/li>\n<li>mandatario (colui che riceve mandato\/procura): cognome e nome, luogo e data di nascita, luogo di residenza (citt\u00e0, via\/piazza, numero civico), codice fiscale italiano,<\/li>\n<li>oggetto dell&#8217;atto.<\/li>\n<\/ul>\n<p>&nbsp;<\/p>\n<p><strong>&#8211; PROCURE<\/strong><\/p>\n<p>Tutte le procure redatte in Consolato sono valide soltanto in Italia, ad eccezione di quelle rilasciate ai fini della riscossione di pensioni italiane in Argentina.<\/p>\n<p>Per i costi, consultare la tariffa Consolare alla pagina:\u00a0<a href=\"https:\/\/consmardelplata.esteri.it\/it\/servizi-consolari-e-visti\/servizi-per-il-cittadino-italiano\/tariffa-consolare\/\">Tariffa Consolare<\/a><\/p>\n<p>1)\u00a0<strong>Procura Generale<\/strong><br \/>\nfotocopia del documento del mandante (e, se del caso, dei testimoni);<br \/>\ndati anagrafici esatti del procuratore: nome e cognome completi, luogo e data di nascita, indirizzo e possibilmente codice fiscale.<\/p>\n<p>2)\u00a0<strong>Procure speciali ad hoc<\/strong><br \/>\nLa stessa documentazione di cui al punto 1.<br \/>\n\u00c8 consigliabile presentare un fac-simile recante gli esatti dati anagrafici del procuratore, il preciso oggetto della procura (vendita, liquidazione di successione, ecc.); in caso d\u2019immobile, tutti i dati catastali che ne consentano l\u2019esatta identificazione; tutte le facolt\u00e0 da concedere in modo che non possa essere fatta opposizione per errate indicazioni o mancanza di poteri.<\/p>\n<p>2.a.:\u00a0<strong>Procura speciale alle liti.<\/strong><br \/>\nPer cause civili in Italia, \u00e8 valida per una causa determinata. Per pi\u00f9 vertenze deve essere rilasciata una procura generale alle liti (i dati richiesti sono gli stessi e si applica la tariffa corrispondente a una procura generale).<br \/>\nBisogna specificare la causa, e fornire i dati anagrafici e l\u2019indirizzo dello studio legale dell\u2019avvocato che deve rappresentare e difendere l\u2019interessato.<\/p>\n<p>2.b.:\u00a0<strong>Procura speciale per vendere beni.<\/strong><br \/>\nEstremi catastali dell\u2019immobile da vendere; nel caso si tratti di autovettura, estremi marca, tipo, targa, telaio, ecc.<\/p>\n<p>2.c.:\u00a0<strong>Procura speciale per liquidare successione.<\/strong><br \/>\nPu\u00f2 essere rilasciata con o senza la facolt\u00e0 di vendere i beni componenti l\u2019asse ereditario. Specificare nome, cognome, data e luogo di nascita e di morte della persona che era titolare dei beni caduti in successione.<\/p>\n<p>2.d.:\u00a0<strong>Procura speciale per accettare donazione.<\/strong><br \/>\nOltre ai dati del mandante (chi riceve la donazione) e del procuratore ed estremi catastali della propriet\u00e0 oggetto della donazione, bisogna fornire i dati del donante (chi fa la donazione) e farsi accompagnare da due testimoni maggiorenni, non parenti del mandante.<\/p>\n<p>Per altre procure speciali, autentiche di firma su dichiarazioni sostitutive, ecc.: chiedere informazioni all\u2019Ufficio notarile del Consolato.<\/p>\n<p>3)\u00a0<strong>Revoche di procure (generali o speciali):<\/strong><br \/>\ncopia della procura da revocare; se \u00e8 stata rogata in questo Consolato, indicarne la data e possibilmente il n\u00ba di repertorio.<\/p>\n<p>4)\u00a0<strong>Deleghe per riscossione di pensione, autentiche di firma su dichiarazioni uso pensione<\/strong>: gratuite. Rivolgersi all\u2019Ufficio pensioni di questo Consolato.<\/p>\n<p>5)\u00a0<strong>Procure redatte da notaio argentino<\/strong>:<br \/>\nI cittadini argentini possono rivolgersi ad un notaio argentino per farsi rilasciare atti analoghi a quelli indicati ai precedenti punti. Affinch\u00e9 tali atti siano validi in Italia devono indicare le generalit\u00e0 complete, sia del mandante sia del procuratore (nome e cognome, luogo &#8211; specificando citt\u00e0 e provincia &#8211; indirizzo e data di nascita).<\/p>\n<p>Una volta consegnata dal notaio, la procura deve seguire il seguente iter:<\/p>\n<ul>\n<li>Legalizzazione con timbro &#8220;APOSTILLE&#8221; del Ministerio de Relaciones Exteriores, Comercio Internacional y Culto (<a href=\"https:\/\/cancilleria.gob.ar\/\">https:\/\/cancilleria.gob.ar\/<\/a>).<\/li>\n<li>Traduzione in italiano (vedere presso il Consolato l&#8217;elenco dei traduttori la cui firma \u00e8 depositata).<\/li>\n<li>Legalizzazione della firma del traduttore in Consolato (costo: vedi\u00a0<a href=\"https:\/\/consmardelplata.esteri.it\/it\/servizi-consolari-e-visti\/servizi-per-il-cittadino-italiano\/tariffa-consolare\/\"><strong>Tariffa Consolar<\/strong><strong>e<\/strong><\/a>).<\/li>\n<\/ul>\n<p>&nbsp;<\/p>\n<p><strong>&#8211; TESTAMENTI<\/strong><\/p>\n<p>Il\u00a0<strong>testamento pubblico<\/strong>\u00a0\u00e8 la dichiarazione orale di volont\u00e0 del testatore resa al funzionario consolare delegato alle funzioni notarili in presenza di due testimoni.<\/p>\n<p>Il\u00a0<strong>testamento segreto<\/strong>, il cui contenuto dunque rimane segreto, pu\u00f2 essere depositato presso il Consolato che si limita a ricevere formalmente l\u2019atto e a depositarlo nei suoi archivi.<\/p>\n<p>Il\u00a0<strong>testamento olografo<\/strong>, deve essere scritto integralmente di pugno dal testatore e pu\u00f2 essere depositato in ogni luogo, incluso il Consolato, e presso chiunque.<\/p>\n<p>Per maggiori informazioni:<\/p>\n<p><a href=\"http:\/\/www.esteri.it\/MAE\/IT\/Italiani_nel_Mondo\/ServiziConsolari\/AttiNotarili\/Testamento.htm\">http:\/\/www.esteri.it\/MAE\/IT\/Italiani_nel_Mondo\/ServiziConsolari\/AttiNotarili\/Testamento.htm<\/a><\/p>\n<p>&nbsp;<\/p>\n<p><strong>&#8211; AUTENTICAZIONI<\/strong><\/p>\n<p><strong>Autentica di firma<\/strong>: consiste nell\u2019attestazione da parte del pubblico funzionario della firma apposta in sua presenza. Per procedere all\u2019autenticazione della firma \u00e8 necessario presentarsi personalmente presso l\u2019Ufficio Notarile con un documento di riconoscimento in corso di validit\u00e0.<\/p>\n<p><strong>Autentica di fotografia<\/strong>: \u00e8 necessario presentarsi presso l\u2019Ufficio Notarile con tre fotografie uguali ed un documento di riconoscimento in corso di validit\u00e0.<\/p>\n<p>Per maggiori informazioni:<\/p>\n<p><a href=\"http:\/\/www.esteri.it\/MAE\/IT\/Italiani_nel_Mondo\/ServiziConsolari\/AttiNotarili\/Autenticazione.htm\">http:\/\/www.esteri.it\/MAE\/IT\/Italiani_nel_Mondo\/ServiziConsolari\/AttiNotarili\/Autenticazione.htm<\/a><\/p>\n<\/div>\n","protected":false},"excerpt":{"rendered":"Informativa sulla protezione delle persone fisiche con riguardo al trattamento dei dati personali &nbsp; Ricezione pubblico: con appuntamento richiesto tramite e-mail a:\u00a0assistenza.mardelplata@esteri.it\u00a0 Le persone che richiedano qualunque atto notarile (procure, deleghe, autentiche di firma, ecc.) devono essere munite di documento d\u2019identit\u00e0 in corso di validit\u00e0 (DNI non superiore ai 10 anni) e, nel caso in [&hellip;]","protected":false},"author":1,"featured_media":0,"parent":59,"menu_order":12,"comment_status":"closed","ping_status":"closed","template":"","meta":{"footnotes":""},"class_list":["post-89","page","type-page","status-publish","hentry"],"_links":{"self":[{"href":"https:\/\/consmardelplata.esteri.it\/it\/wp-json\/wp\/v2\/pages\/89","targetHints":{"allow":["GET"]}}],"collection":[{"href":"https:\/\/consmardelplata.esteri.it\/it\/wp-json\/wp\/v2\/pages"}],"about":[{"href":"https:\/\/consmardelplata.esteri.it\/it\/wp-json\/wp\/v2\/types\/page"}],"author":[{"embeddable":true,"href":"https:\/\/consmardelplata.esteri.it\/it\/wp-json\/wp\/v2\/users\/1"}],"replies":[{"embeddable":true,"href":"https:\/\/consmardelplata.esteri.it\/it\/wp-json\/wp\/v2\/comments?post=89"}],"version-history":[{"count":2,"href":"https:\/\/consmardelplata.esteri.it\/it\/wp-json\/wp\/v2\/pages\/89\/revisions"}],"predecessor-version":[{"id":1312,"href":"https:\/\/consmardelplata.esteri.it\/it\/wp-json\/wp\/v2\/pages\/89\/revisions\/1312"}],"up":[{"embeddable":true,"href":"https:\/\/consmardelplata.esteri.it\/it\/wp-json\/wp\/v2\/pages\/59"}],"wp:attachment":[{"href":"https:\/\/consmardelplata.esteri.it\/it\/wp-json\/wp\/v2\/media?parent=89"}],"curies":[{"name":"wp","href":"https:\/\/api.w.org\/{rel}","templated":true}]}}